{"id":3732,"date":"2026-04-21T14:48:51","date_gmt":"2026-04-21T12:48:27","guid":{"rendered":"https:\/\/genosafe.com\/nous-rejoindre\/une-chargee-daffaires-cdi-2\/"},"modified":"2026-04-21T15:30:25","modified_gmt":"2026-04-21T13:30:25","slug":"une-alternante-sse-cdd-2","status":"publish","type":"page","link":"https:\/\/genosafe.com\/fr\/nous-rejoindre\/une-alternante-sse-cdd-2\/","title":{"rendered":"Un(e) alternant(e) SSE &#8211; CDD"},"content":{"rendered":"\n<div class=\"wp-block-group eplus-wrapper has-global-padding is-content-justification-left is-layout-constrained wp-container-core-group-is-layout-12dd3699 wp-block-group-is-layout-constrained\">\n<h1 class=\" wp-block-heading eplus-wrapper\">Un(e) <strong>alternant(e) SSE <\/strong>&#8211; CDD<\/h1>\n<\/div>\n\n\n\n<div class=\"wp-block-group eplus-wrapper has-global-padding is-content-justification-left is-layout-constrained wp-container-core-group-is-layout-12dd3699 wp-block-group-is-layout-constrained\"><h2 class=\" wp-block-heading has-text-align-left eplus-wrapper eplus-styles-uid-ec9696\" style=\"border-style:none;border-width:0px;border-top-left-radius:0px;border-top-right-radius:0px;border-bottom-left-radius:0px;border-bottom-right-radius:0px\"><strong>Missions<\/strong><\/h2>\n\n\n<p class=\" eplus-wrapper\">Au sein du service SSE, vous participez activement au d\u00e9ploiement de notre d\u00e9marche s\u00e9curit\u00e9 sur le terrain.<\/p>\n\n\n\n<h2 class=\" wp-block-heading eplus-wrapper\"><strong>A ce titre, vous:<\/strong><\/h2>\n\n\n<ul class=\" wp-block-list eplus-wrapper eplus-styles-uid-247bfc\">\n<li class=\" eplus-wrapper\">Vous participez aux activit\u00e9s quotidiennes du service SSE : gestion des acc\u00e8s, gestion des situations d\u2019urgence, traitement des probl\u00e9matiques s\u00e9curit\u00e9 et environnement;<\/li>\n\n\n\n<li class=\" eplus-wrapper\">Vous contribuez \u00e0 l\u2019organisation et au suivi des formations SSE, en assurant la bonne gestion des habilitations et des dossiers;<\/li>\n\n\n\n<li class=\" eplus-wrapper\">Vous prenez part aux \u00e9valuations des risques professionnels et aux analyses d\u2019accidents afin d\u2019identifier et pr\u00e9venir les situations \u00e0 risque;<\/li>\n\n\n\n<li class=\" eplus-wrapper\">Vous r\u00e9alisez des visites de s\u00e9curit\u00e9 terrain et \u00eates acteur(rice) de l\u2019am\u00e9lioration continue;<\/li>\n\n\n\n<li class=\" eplus-wrapper\">Vous assurez le suivi des entreprises ext\u00e9rieures : r\u00e9daction et suivi des plans de pr\u00e9vention et protocoles de s\u00e9curit\u00e9, audits de chantiers, v\u00e9rification des habilitations et conformit\u00e9 documentaire;<\/li>\n\n\n\n<li class=\" eplus-wrapper\">Vous contribuez activement au d\u00e9veloppement de la culture s\u00e9curit\u00e9 : animation du management visuel, participation au \u00e0 la mise en place d&rsquo;un\u00a0syst\u00e8me de remont\u00e9e des anomalies SSE et suivi des plans d\u2019actions;<\/li>\n\n\n\n<li class=\" eplus-wrapper\">Vous participez \u00e0 la formation des collaborateurs aux situations d\u2019urgence (d\u00e9versement, incendie, projection\u2026);<\/li>\n\n\n\n<li class=\" eplus-wrapper\">Vous cr\u00e9ez et mettez \u00e0 jour les documents du syst\u00e8me documentaire SSE;<\/li>\n\n\n\n<li class=\" eplus-wrapper\">Vous participez \u00e0 la gestion des produits chimiques dangereux : mise \u00e0 jour de la base de donn\u00e9es et suivi des plans d\u2019actions associ\u00e9s.<\/li>\n<\/ul>\n\n\n<h2 class=\" wp-block-heading eplus-wrapper\"><strong>Profil<\/strong><\/h2>\n\n\n\n<p class=\" eplus-wrapper\">Etudiant(e) en formation Bac+3 \u00e0 Bac+5 dans le domaine HSE \/ SSE \/ QHSE, vous avez id\u00e9alement une premi\u00e8re exp\u00e9rience en stage dans le domaine de la s\u00e9curit\u00e9 et de la pr\u00e9vention des risques.<\/p>\n\n\n\n<p class=\" eplus-wrapper\">Vous faites preuve de rigueur, d\u2019organisation et d\u2019un bon esprit d\u2019analyse et \u00eates reconnu(e) pour votre aisance relationnelle et votre capacit\u00e9 \u00e0 travailler en transversal.<\/p>\n\n\n\n<p class=\" eplus-wrapper\">Poste \u00e0 pourvoir d\u00e8s septembre 2026.<\/p>\n<\/div>\n","protected":false},"excerpt":{"rendered":"<p>Un(e) alternant(e) SSE &#8211; CDD Missions Au sein du service SSE, vous participez activement au d\u00e9ploiement de notre d\u00e9marche s\u00e9curit\u00e9 sur le terrain. A ce titre, vous: Profil Etudiant(e) en formation Bac+3 \u00e0 Bac+5 dans le domaine HSE \/ SSE \/ QHSE, vous avez id\u00e9alement une premi\u00e8re exp\u00e9rience en stage dans le domaine de la [&hellip;]<\/p>\n","protected":false},"author":1,"featured_media":0,"parent":1603,"menu_order":2,"comment_status":"closed","ping_status":"closed","template":"wp-custom-template-jobs-2","meta":{"_acf_changed":false,"editor_plus_copied_stylings":"{}","footnotes":""},"class_list":["post-3732","page","type-page","status-publish","hentry"],"acf":[],"yoast_head":"<!-- This site is optimized with the Yoast SEO plugin v27.4 - https:\/\/yoast.com\/product\/yoast-seo-wordpress\/ -->\n<title>Un(e) alternant(e) SSE - CDD - Genosafe<\/title>\n<meta name=\"robots\" content=\"index, follow, max-snippet:-1, max-image-preview:large, max-video-preview:-1\" \/>\n<link rel=\"canonical\" href=\"https:\/\/genosafe.com\/fr\/nous-rejoindre\/une-alternante-sse-cdd-2\/\" \/>\n<meta property=\"og:locale\" content=\"fr_FR\" \/>\n<meta property=\"og:type\" content=\"article\" \/>\n<meta property=\"og:title\" content=\"Un(e) alternant(e) SSE - CDD - Genosafe\" \/>\n<meta property=\"og:description\" content=\"Un(e) alternant(e) SSE &#8211; CDD Missions Au sein du service SSE, vous participez activement au d\u00e9ploiement de notre d\u00e9marche s\u00e9curit\u00e9 sur le terrain. A ce titre, vous: Profil Etudiant(e) en formation Bac+3 \u00e0 Bac+5 dans le domaine HSE \/ SSE \/ QHSE, vous avez id\u00e9alement une premi\u00e8re exp\u00e9rience en stage dans le domaine de la [&hellip;]\" \/>\n<meta property=\"og:url\" content=\"https:\/\/genosafe.com\/fr\/nous-rejoindre\/une-alternante-sse-cdd-2\/\" \/>\n<meta property=\"og:site_name\" content=\"Genosafe\" \/>\n<meta property=\"article:modified_time\" content=\"2026-04-21T13:30:25+00:00\" \/>\n<meta name=\"twitter:card\" content=\"summary_large_image\" \/>\n<meta name=\"twitter:label1\" content=\"Dur\u00e9e de lecture estim\u00e9e\" \/>\n\t<meta name=\"twitter:data1\" content=\"2 minutes\" \/>\n<script type=\"application\/ld+json\" class=\"yoast-schema-graph\">{\"@context\":\"https:\\\/\\\/schema.org\",\"@graph\":[{\"@type\":\"WebPage\",\"@id\":\"https:\\\/\\\/genosafe.com\\\/fr\\\/nous-rejoindre\\\/une-alternante-sse-cdd-2\\\/\",\"url\":\"https:\\\/\\\/genosafe.com\\\/fr\\\/nous-rejoindre\\\/une-alternante-sse-cdd-2\\\/\",\"name\":\"Un(e) alternant(e) SSE - CDD - Genosafe\",\"isPartOf\":{\"@id\":\"https:\\\/\\\/genosafe.com\\\/fr\\\/#website\"},\"datePublished\":\"2026-04-21T12:48:27+00:00\",\"dateModified\":\"2026-04-21T13:30:25+00:00\",\"breadcrumb\":{\"@id\":\"https:\\\/\\\/genosafe.com\\\/fr\\\/nous-rejoindre\\\/une-alternante-sse-cdd-2\\\/#breadcrumb\"},\"inLanguage\":\"fr-FR\",\"potentialAction\":[{\"@type\":\"ReadAction\",\"target\":[\"https:\\\/\\\/genosafe.com\\\/fr\\\/nous-rejoindre\\\/une-alternante-sse-cdd-2\\\/\"]}]},{\"@type\":\"BreadcrumbList\",\"@id\":\"https:\\\/\\\/genosafe.com\\\/fr\\\/nous-rejoindre\\\/une-alternante-sse-cdd-2\\\/#breadcrumb\",\"itemListElement\":[{\"@type\":\"ListItem\",\"position\":1,\"name\":\"Accueil\",\"item\":\"https:\\\/\\\/genosafe.com\\\/fr\\\/\"},{\"@type\":\"ListItem\",\"position\":2,\"name\":\"Nous rejoindre\",\"item\":\"https:\\\/\\\/genosafe.com\\\/fr\\\/nous-rejoindre\\\/\"},{\"@type\":\"ListItem\",\"position\":3,\"name\":\"Un(e) alternant(e) SSE &#8211; CDD\"}]},{\"@type\":\"WebSite\",\"@id\":\"https:\\\/\\\/genosafe.com\\\/fr\\\/#website\",\"url\":\"https:\\\/\\\/genosafe.com\\\/fr\\\/\",\"name\":\"Genosafe\",\"description\":\"\",\"publisher\":{\"@id\":\"https:\\\/\\\/genosafe.com\\\/fr\\\/#organization\"},\"potentialAction\":[{\"@type\":\"SearchAction\",\"target\":{\"@type\":\"EntryPoint\",\"urlTemplate\":\"https:\\\/\\\/genosafe.com\\\/fr\\\/?s={search_term_string}\"},\"query-input\":{\"@type\":\"PropertyValueSpecification\",\"valueRequired\":true,\"valueName\":\"search_term_string\"}}],\"inLanguage\":\"fr-FR\"},{\"@type\":\"Organization\",\"@id\":\"https:\\\/\\\/genosafe.com\\\/fr\\\/#organization\",\"name\":\"Genosafe\",\"url\":\"https:\\\/\\\/genosafe.com\\\/fr\\\/\",\"logo\":{\"@type\":\"ImageObject\",\"inLanguage\":\"fr-FR\",\"@id\":\"https:\\\/\\\/genosafe.com\\\/fr\\\/#\\\/schema\\\/logo\\\/image\\\/\",\"url\":\"https:\\\/\\\/genosafe.com\\\/app\\\/uploads\\\/2025\\\/05\\\/logo-genosafe-plus-HD-rvb.svg\",\"contentUrl\":\"https:\\\/\\\/genosafe.com\\\/app\\\/uploads\\\/2025\\\/05\\\/logo-genosafe-plus-HD-rvb.svg\",\"width\":1,\"height\":1,\"caption\":\"Genosafe\"},\"image\":{\"@id\":\"https:\\\/\\\/genosafe.com\\\/fr\\\/#\\\/schema\\\/logo\\\/image\\\/\"},\"sameAs\":[\"https:\\\/\\\/www.linkedin.com\\\/company\\\/genosafe\\\/\"]}]}<\/script>\n<!-- \/ Yoast SEO plugin. -->","yoast_head_json":{"title":"Un(e) alternant(e) SSE - CDD - Genosafe","robots":{"index":"index","follow":"follow","max-snippet":"max-snippet:-1","max-image-preview":"max-image-preview:large","max-video-preview":"max-video-preview:-1"},"canonical":"https:\/\/genosafe.com\/fr\/nous-rejoindre\/une-alternante-sse-cdd-2\/","og_locale":"fr_FR","og_type":"article","og_title":"Un(e) alternant(e) SSE - CDD - Genosafe","og_description":"Un(e) alternant(e) SSE &#8211; CDD Missions Au sein du service SSE, vous participez activement au d\u00e9ploiement de notre d\u00e9marche s\u00e9curit\u00e9 sur le terrain. A ce titre, vous: Profil Etudiant(e) en formation Bac+3 \u00e0 Bac+5 dans le domaine HSE \/ SSE \/ QHSE, vous avez id\u00e9alement une premi\u00e8re exp\u00e9rience en stage dans le domaine de la [&hellip;]","og_url":"https:\/\/genosafe.com\/fr\/nous-rejoindre\/une-alternante-sse-cdd-2\/","og_site_name":"Genosafe","article_modified_time":"2026-04-21T13:30:25+00:00","twitter_card":"summary_large_image","twitter_misc":{"Dur\u00e9e de lecture estim\u00e9e":"2 minutes"},"schema":{"@context":"https:\/\/schema.org","@graph":[{"@type":"WebPage","@id":"https:\/\/genosafe.com\/fr\/nous-rejoindre\/une-alternante-sse-cdd-2\/","url":"https:\/\/genosafe.com\/fr\/nous-rejoindre\/une-alternante-sse-cdd-2\/","name":"Un(e) alternant(e) SSE - CDD - Genosafe","isPartOf":{"@id":"https:\/\/genosafe.com\/fr\/#website"},"datePublished":"2026-04-21T12:48:27+00:00","dateModified":"2026-04-21T13:30:25+00:00","breadcrumb":{"@id":"https:\/\/genosafe.com\/fr\/nous-rejoindre\/une-alternante-sse-cdd-2\/#breadcrumb"},"inLanguage":"fr-FR","potentialAction":[{"@type":"ReadAction","target":["https:\/\/genosafe.com\/fr\/nous-rejoindre\/une-alternante-sse-cdd-2\/"]}]},{"@type":"BreadcrumbList","@id":"https:\/\/genosafe.com\/fr\/nous-rejoindre\/une-alternante-sse-cdd-2\/#breadcrumb","itemListElement":[{"@type":"ListItem","position":1,"name":"Accueil","item":"https:\/\/genosafe.com\/fr\/"},{"@type":"ListItem","position":2,"name":"Nous rejoindre","item":"https:\/\/genosafe.com\/fr\/nous-rejoindre\/"},{"@type":"ListItem","position":3,"name":"Un(e) alternant(e) SSE &#8211; CDD"}]},{"@type":"WebSite","@id":"https:\/\/genosafe.com\/fr\/#website","url":"https:\/\/genosafe.com\/fr\/","name":"Genosafe","description":"","publisher":{"@id":"https:\/\/genosafe.com\/fr\/#organization"},"potentialAction":[{"@type":"SearchAction","target":{"@type":"EntryPoint","urlTemplate":"https:\/\/genosafe.com\/fr\/?s={search_term_string}"},"query-input":{"@type":"PropertyValueSpecification","valueRequired":true,"valueName":"search_term_string"}}],"inLanguage":"fr-FR"},{"@type":"Organization","@id":"https:\/\/genosafe.com\/fr\/#organization","name":"Genosafe","url":"https:\/\/genosafe.com\/fr\/","logo":{"@type":"ImageObject","inLanguage":"fr-FR","@id":"https:\/\/genosafe.com\/fr\/#\/schema\/logo\/image\/","url":"https:\/\/genosafe.com\/app\/uploads\/2025\/05\/logo-genosafe-plus-HD-rvb.svg","contentUrl":"https:\/\/genosafe.com\/app\/uploads\/2025\/05\/logo-genosafe-plus-HD-rvb.svg","width":1,"height":1,"caption":"Genosafe"},"image":{"@id":"https:\/\/genosafe.com\/fr\/#\/schema\/logo\/image\/"},"sameAs":["https:\/\/www.linkedin.com\/company\/genosafe\/"]}]}},"_links":{"self":[{"href":"https:\/\/genosafe.com\/fr\/wp-json\/wp\/v2\/pages\/3732","targetHints":{"allow":["GET"]}}],"collection":[{"href":"https:\/\/genosafe.com\/fr\/wp-json\/wp\/v2\/pages"}],"about":[{"href":"https:\/\/genosafe.com\/fr\/wp-json\/wp\/v2\/types\/page"}],"author":[{"embeddable":true,"href":"https:\/\/genosafe.com\/fr\/wp-json\/wp\/v2\/users\/1"}],"replies":[{"embeddable":true,"href":"https:\/\/genosafe.com\/fr\/wp-json\/wp\/v2\/comments?post=3732"}],"version-history":[{"count":2,"href":"https:\/\/genosafe.com\/fr\/wp-json\/wp\/v2\/pages\/3732\/revisions"}],"predecessor-version":[{"id":3740,"href":"https:\/\/genosafe.com\/fr\/wp-json\/wp\/v2\/pages\/3732\/revisions\/3740"}],"up":[{"embeddable":true,"href":"https:\/\/genosafe.com\/fr\/wp-json\/wp\/v2\/pages\/1603"}],"wp:attachment":[{"href":"https:\/\/genosafe.com\/fr\/wp-json\/wp\/v2\/media?parent=3732"}],"curies":[{"name":"wp","href":"https:\/\/api.w.org\/{rel}","templated":true}]}}