{"id":3170,"date":"2025-10-17T19:18:58","date_gmt":"2025-10-17T17:18:58","guid":{"rendered":"https:\/\/genosafe.com\/nous-rejoindre\/une-chargee-des-achats-h-f-cdi-2\/"},"modified":"2025-10-17T19:18:58","modified_gmt":"2025-10-17T17:18:58","slug":"une-chargee-des-achats-h-f-cdi-2","status":"publish","type":"page","link":"https:\/\/genosafe.com\/fr\/nous-rejoindre\/une-chargee-des-achats-h-f-cdi-2\/","title":{"rendered":"Un(e) Charg\u00e9(e) des achats \u2013 CDI"},"content":{"rendered":"\n<div class=\"wp-block-group eplus-wrapper has-global-padding is-content-justification-left is-layout-constrained wp-container-core-group-is-layout-12dd3699 wp-block-group-is-layout-constrained\">\n<div class=\"wp-block-group eplus-wrapper has-global-padding is-content-justification-left is-layout-constrained wp-container-core-group-is-layout-12dd3699 wp-block-group-is-layout-constrained\">\n<h1 class=\" wp-block-heading eplus-wrapper\">Un(e) <strong>Charg\u00e9(e) des achats<\/strong> \u2013 CDI<\/h1>\n<\/div>\n\n\n\n<div class=\"wp-block-group eplus-wrapper has-global-padding is-content-justification-left is-layout-constrained wp-container-core-group-is-layout-12dd3699 wp-block-group-is-layout-constrained\">\n<h2 class=\" wp-block-heading eplus-wrapper\"><strong>Description du poste<\/strong><\/h2>\n\n\n\n<p class=\" eplus-wrapper\">Sous la supervision hi\u00e9rarchique du responsable des moyens g\u00e9n\u00e9raux, vous serez en charge de garantir la continuit\u00e9 des op\u00e9rations en assurant une gestion optimale de l\u2019approvisionnement des mati\u00e8res premi\u00e8res, des consommables et des prestations pour un ou plusieurs sites, dans le respect des proc\u00e9dures en vigueur et des r\u00e9f\u00e9rentiels qualit\u00e9s (BPx), des r\u00e8gles d\u2019hygi\u00e8ne et de s\u00e9curit\u00e9, des co\u00fbts et des d\u00e9lais pr\u00e9vus.<\/p>\n\n\n\n<h2 class=\" wp-block-heading eplus-wrapper\"><strong>Missions principales<\/strong><\/h2>\n\n\n<ul class=\" wp-block-list eplus-wrapper eplus-styles-uid-60503f\">\n<li class=\" eplus-wrapper\">Identifier les besoins en approvisionnement en collaboration avec chaque chef de service\u00a0;<\/li>\n\n\n\n<li class=\" eplus-wrapper\">R\u00e9aliser les achats de mati\u00e8res premi\u00e8res, de produits finis, de fournitures et de services n\u00e9cessaires \u00e0 la production et au fonctionnement du site\u00a0;<\/li>\n\n\n\n<li class=\" eplus-wrapper\">Assurer la fonction d\u2019acheteur sur certaines commodit\u00e9s achats\u00a0;<\/li>\n\n\n\n<li class=\" eplus-wrapper\">S\u00e9lectionner et qualifier les fournisseurs en fonction de crit\u00e8res de qualit\u00e9, de co\u00fbt et de d\u00e9lai\u00a0;<\/li>\n\n\n\n<li class=\" eplus-wrapper\">Identifier de nouveaux fournisseurs\u00a0;<\/li>\n\n\n\n<li class=\" eplus-wrapper\">N\u00e9gocier les contrats et les conditions d\u2019achat\u00a0;<\/li>\n\n\n\n<li class=\" eplus-wrapper\">Suivre les commandes et les livraisons\u00a0;<\/li>\n\n\n\n<li class=\" eplus-wrapper\">G\u00e9rer les litiges et les r\u00e9clamations fournisseurs\u00a0;<\/li>\n\n\n\n<li class=\" eplus-wrapper\">Mettre en place et suivre des indicateurs de performance (KPI) pour mesurer l\u2019efficacit\u00e9 des achats\u00a0;<\/li>\n\n\n\n<li class=\" eplus-wrapper\">Participer activement \u00e0 des groupes de travail pour l\u2019am\u00e9lioration continue.<\/li>\n<\/ul><\/div>\n<\/div>\n\n\n\n<div class=\"wp-block-group eplus-wrapper has-global-padding is-layout-constrained wp-block-group-is-layout-constrained\">\n<div class=\"wp-block-group eplus-wrapper has-global-padding is-content-justification-left is-layout-constrained wp-container-core-group-is-layout-12dd3699 wp-block-group-is-layout-constrained\">\n<h2 class=\" wp-block-heading eplus-wrapper\"><strong>Profil<\/strong><\/h2>\n\n\n\n<p class=\" eplus-wrapper\">Titulaire d\u2019un Bac+2\/3 en logistique, achats ou \u00e9quivalent, vous justifiez de 3 \u00e0 5 ann\u00e9es d\u2019exp\u00e9rience dans une m\u00eame fonction et dans le secteur de l\u2019industrie pharmaceutique.<\/p>\n\n\n\n<p class=\" eplus-wrapper\">Vous maitrisez les outils informatiques (ERP, logiciels de gestion des stocks) et disposez de solides connaissances de la r\u00e9glementation en vigueur dans le secteur pharmaceutique (BPF, etc.).<\/p>\n\n\n\n<p class=\" eplus-wrapper\">Rigoureux(se), m\u00e9thodique, sens de l\u2019initiative, vous avez de bonnes capacit\u00e9s de n\u00e9gociation et de communication.<\/p>\n\n\n\n<p class=\" eplus-wrapper\">Vous avez une bonne ma\u00eetrise de l\u2019anglais tant \u00e0 l\u2019\u00e9crit qu\u2019\u00e0 l\u2019oral. Vous aimez le travail en \u00e9quipe, avez une capacit\u00e9 \u00e0 travailler, en transversal et en mode projet, et avez le sens de l\u2019organisation et des priorit\u00e9s, alors rejoignez-nous&nbsp;!<\/p>\n\n\n\n<p class=\" eplus-wrapper\">Poste en CDI \u00e0 pourvoir <strong>d\u00e8s que possible<\/strong>.<\/p>\n<\/div>\n<\/div>\n","protected":false},"excerpt":{"rendered":"<p>Un(e) Charg\u00e9(e) des achats \u2013 CDI Description du poste Sous la supervision hi\u00e9rarchique du responsable des moyens g\u00e9n\u00e9raux, vous serez en charge de garantir la continuit\u00e9 des op\u00e9rations en assurant une gestion optimale de l\u2019approvisionnement des mati\u00e8res premi\u00e8res, des consommables et des prestations pour un ou plusieurs sites, dans le respect des proc\u00e9dures en vigueur [&hellip;]<\/p>\n","protected":false},"author":1,"featured_media":0,"parent":1603,"menu_order":3,"comment_status":"closed","ping_status":"closed","template":"wp-custom-template-jobs","meta":{"_acf_changed":false,"editor_plus_copied_stylings":"{}","footnotes":""},"class_list":["post-3170","page","type-page","status-publish","hentry"],"acf":[],"yoast_head":"<!-- This site is optimized with the Yoast SEO plugin v27.4 - https:\/\/yoast.com\/product\/yoast-seo-wordpress\/ -->\n<title>Un(e) Charg\u00e9(e) des achats \u2013 CDI - Genosafe<\/title>\n<meta name=\"robots\" content=\"index, follow, max-snippet:-1, max-image-preview:large, max-video-preview:-1\" \/>\n<link rel=\"canonical\" href=\"https:\/\/genosafe.com\/fr\/nous-rejoindre\/une-chargee-des-achats-h-f-cdi-2\/\" \/>\n<meta property=\"og:locale\" content=\"fr_FR\" \/>\n<meta property=\"og:type\" content=\"article\" \/>\n<meta property=\"og:title\" content=\"Un(e) Charg\u00e9(e) des achats \u2013 CDI - Genosafe\" \/>\n<meta property=\"og:description\" content=\"Un(e) Charg\u00e9(e) des achats \u2013 CDI Description du poste Sous la supervision hi\u00e9rarchique du responsable des moyens g\u00e9n\u00e9raux, vous serez en charge de garantir la continuit\u00e9 des op\u00e9rations en assurant une gestion optimale de l\u2019approvisionnement des mati\u00e8res premi\u00e8res, des consommables et des prestations pour un ou plusieurs sites, dans le respect des proc\u00e9dures en vigueur [&hellip;]\" \/>\n<meta property=\"og:url\" content=\"https:\/\/genosafe.com\/fr\/nous-rejoindre\/une-chargee-des-achats-h-f-cdi-2\/\" \/>\n<meta property=\"og:site_name\" content=\"Genosafe\" \/>\n<meta name=\"twitter:card\" content=\"summary_large_image\" \/>\n<meta name=\"twitter:label1\" content=\"Dur\u00e9e de lecture estim\u00e9e\" \/>\n\t<meta name=\"twitter:data1\" content=\"2 minutes\" \/>\n<script type=\"application\/ld+json\" class=\"yoast-schema-graph\">{\"@context\":\"https:\\\/\\\/schema.org\",\"@graph\":[{\"@type\":\"WebPage\",\"@id\":\"https:\\\/\\\/genosafe.com\\\/fr\\\/nous-rejoindre\\\/une-chargee-des-achats-h-f-cdi-2\\\/\",\"url\":\"https:\\\/\\\/genosafe.com\\\/fr\\\/nous-rejoindre\\\/une-chargee-des-achats-h-f-cdi-2\\\/\",\"name\":\"Un(e) Charg\u00e9(e) des achats \u2013 CDI - Genosafe\",\"isPartOf\":{\"@id\":\"https:\\\/\\\/genosafe.com\\\/fr\\\/#website\"},\"datePublished\":\"2025-10-17T17:18:58+00:00\",\"breadcrumb\":{\"@id\":\"https:\\\/\\\/genosafe.com\\\/fr\\\/nous-rejoindre\\\/une-chargee-des-achats-h-f-cdi-2\\\/#breadcrumb\"},\"inLanguage\":\"fr-FR\",\"potentialAction\":[{\"@type\":\"ReadAction\",\"target\":[\"https:\\\/\\\/genosafe.com\\\/fr\\\/nous-rejoindre\\\/une-chargee-des-achats-h-f-cdi-2\\\/\"]}]},{\"@type\":\"BreadcrumbList\",\"@id\":\"https:\\\/\\\/genosafe.com\\\/fr\\\/nous-rejoindre\\\/une-chargee-des-achats-h-f-cdi-2\\\/#breadcrumb\",\"itemListElement\":[{\"@type\":\"ListItem\",\"position\":1,\"name\":\"Accueil\",\"item\":\"https:\\\/\\\/genosafe.com\\\/fr\\\/\"},{\"@type\":\"ListItem\",\"position\":2,\"name\":\"Nous rejoindre\",\"item\":\"https:\\\/\\\/genosafe.com\\\/fr\\\/nous-rejoindre\\\/\"},{\"@type\":\"ListItem\",\"position\":3,\"name\":\"Un(e) Charg\u00e9(e) des achats \u2013 CDI\"}]},{\"@type\":\"WebSite\",\"@id\":\"https:\\\/\\\/genosafe.com\\\/fr\\\/#website\",\"url\":\"https:\\\/\\\/genosafe.com\\\/fr\\\/\",\"name\":\"Genosafe\",\"description\":\"\",\"publisher\":{\"@id\":\"https:\\\/\\\/genosafe.com\\\/fr\\\/#organization\"},\"potentialAction\":[{\"@type\":\"SearchAction\",\"target\":{\"@type\":\"EntryPoint\",\"urlTemplate\":\"https:\\\/\\\/genosafe.com\\\/fr\\\/?s={search_term_string}\"},\"query-input\":{\"@type\":\"PropertyValueSpecification\",\"valueRequired\":true,\"valueName\":\"search_term_string\"}}],\"inLanguage\":\"fr-FR\"},{\"@type\":\"Organization\",\"@id\":\"https:\\\/\\\/genosafe.com\\\/fr\\\/#organization\",\"name\":\"Genosafe\",\"url\":\"https:\\\/\\\/genosafe.com\\\/fr\\\/\",\"logo\":{\"@type\":\"ImageObject\",\"inLanguage\":\"fr-FR\",\"@id\":\"https:\\\/\\\/genosafe.com\\\/fr\\\/#\\\/schema\\\/logo\\\/image\\\/\",\"url\":\"https:\\\/\\\/genosafe.com\\\/app\\\/uploads\\\/2025\\\/05\\\/logo-genosafe-plus-HD-rvb.svg\",\"contentUrl\":\"https:\\\/\\\/genosafe.com\\\/app\\\/uploads\\\/2025\\\/05\\\/logo-genosafe-plus-HD-rvb.svg\",\"width\":1,\"height\":1,\"caption\":\"Genosafe\"},\"image\":{\"@id\":\"https:\\\/\\\/genosafe.com\\\/fr\\\/#\\\/schema\\\/logo\\\/image\\\/\"},\"sameAs\":[\"https:\\\/\\\/www.linkedin.com\\\/company\\\/genosafe\\\/\"]}]}<\/script>\n<!-- \/ Yoast SEO plugin. -->","yoast_head_json":{"title":"Un(e) Charg\u00e9(e) des achats \u2013 CDI - Genosafe","robots":{"index":"index","follow":"follow","max-snippet":"max-snippet:-1","max-image-preview":"max-image-preview:large","max-video-preview":"max-video-preview:-1"},"canonical":"https:\/\/genosafe.com\/fr\/nous-rejoindre\/une-chargee-des-achats-h-f-cdi-2\/","og_locale":"fr_FR","og_type":"article","og_title":"Un(e) Charg\u00e9(e) des achats \u2013 CDI - Genosafe","og_description":"Un(e) Charg\u00e9(e) des achats \u2013 CDI Description du poste Sous la supervision hi\u00e9rarchique du responsable des moyens g\u00e9n\u00e9raux, vous serez en charge de garantir la continuit\u00e9 des op\u00e9rations en assurant une gestion optimale de l\u2019approvisionnement des mati\u00e8res premi\u00e8res, des consommables et des prestations pour un ou plusieurs sites, dans le respect des proc\u00e9dures en vigueur [&hellip;]","og_url":"https:\/\/genosafe.com\/fr\/nous-rejoindre\/une-chargee-des-achats-h-f-cdi-2\/","og_site_name":"Genosafe","twitter_card":"summary_large_image","twitter_misc":{"Dur\u00e9e de lecture estim\u00e9e":"2 minutes"},"schema":{"@context":"https:\/\/schema.org","@graph":[{"@type":"WebPage","@id":"https:\/\/genosafe.com\/fr\/nous-rejoindre\/une-chargee-des-achats-h-f-cdi-2\/","url":"https:\/\/genosafe.com\/fr\/nous-rejoindre\/une-chargee-des-achats-h-f-cdi-2\/","name":"Un(e) Charg\u00e9(e) des achats \u2013 CDI - Genosafe","isPartOf":{"@id":"https:\/\/genosafe.com\/fr\/#website"},"datePublished":"2025-10-17T17:18:58+00:00","breadcrumb":{"@id":"https:\/\/genosafe.com\/fr\/nous-rejoindre\/une-chargee-des-achats-h-f-cdi-2\/#breadcrumb"},"inLanguage":"fr-FR","potentialAction":[{"@type":"ReadAction","target":["https:\/\/genosafe.com\/fr\/nous-rejoindre\/une-chargee-des-achats-h-f-cdi-2\/"]}]},{"@type":"BreadcrumbList","@id":"https:\/\/genosafe.com\/fr\/nous-rejoindre\/une-chargee-des-achats-h-f-cdi-2\/#breadcrumb","itemListElement":[{"@type":"ListItem","position":1,"name":"Accueil","item":"https:\/\/genosafe.com\/fr\/"},{"@type":"ListItem","position":2,"name":"Nous rejoindre","item":"https:\/\/genosafe.com\/fr\/nous-rejoindre\/"},{"@type":"ListItem","position":3,"name":"Un(e) Charg\u00e9(e) des achats \u2013 CDI"}]},{"@type":"WebSite","@id":"https:\/\/genosafe.com\/fr\/#website","url":"https:\/\/genosafe.com\/fr\/","name":"Genosafe","description":"","publisher":{"@id":"https:\/\/genosafe.com\/fr\/#organization"},"potentialAction":[{"@type":"SearchAction","target":{"@type":"EntryPoint","urlTemplate":"https:\/\/genosafe.com\/fr\/?s={search_term_string}"},"query-input":{"@type":"PropertyValueSpecification","valueRequired":true,"valueName":"search_term_string"}}],"inLanguage":"fr-FR"},{"@type":"Organization","@id":"https:\/\/genosafe.com\/fr\/#organization","name":"Genosafe","url":"https:\/\/genosafe.com\/fr\/","logo":{"@type":"ImageObject","inLanguage":"fr-FR","@id":"https:\/\/genosafe.com\/fr\/#\/schema\/logo\/image\/","url":"https:\/\/genosafe.com\/app\/uploads\/2025\/05\/logo-genosafe-plus-HD-rvb.svg","contentUrl":"https:\/\/genosafe.com\/app\/uploads\/2025\/05\/logo-genosafe-plus-HD-rvb.svg","width":1,"height":1,"caption":"Genosafe"},"image":{"@id":"https:\/\/genosafe.com\/fr\/#\/schema\/logo\/image\/"},"sameAs":["https:\/\/www.linkedin.com\/company\/genosafe\/"]}]}},"_links":{"self":[{"href":"https:\/\/genosafe.com\/fr\/wp-json\/wp\/v2\/pages\/3170","targetHints":{"allow":["GET"]}}],"collection":[{"href":"https:\/\/genosafe.com\/fr\/wp-json\/wp\/v2\/pages"}],"about":[{"href":"https:\/\/genosafe.com\/fr\/wp-json\/wp\/v2\/types\/page"}],"author":[{"embeddable":true,"href":"https:\/\/genosafe.com\/fr\/wp-json\/wp\/v2\/users\/1"}],"replies":[{"embeddable":true,"href":"https:\/\/genosafe.com\/fr\/wp-json\/wp\/v2\/comments?post=3170"}],"version-history":[{"count":0,"href":"https:\/\/genosafe.com\/fr\/wp-json\/wp\/v2\/pages\/3170\/revisions"}],"up":[{"embeddable":true,"href":"https:\/\/genosafe.com\/fr\/wp-json\/wp\/v2\/pages\/1603"}],"wp:attachment":[{"href":"https:\/\/genosafe.com\/fr\/wp-json\/wp\/v2\/media?parent=3170"}],"curies":[{"name":"wp","href":"https:\/\/api.w.org\/{rel}","templated":true}]}}