{"id":3155,"date":"2025-10-17T18:40:51","date_gmt":"2025-10-17T16:40:51","guid":{"rendered":"https:\/\/genosafe.com\/nous-rejoindre\/une-technicienne-de-maintenance-pharmaceutique-cdi\/"},"modified":"2025-10-28T15:22:34","modified_gmt":"2025-10-28T14:22:34","slug":"une-technicienne-de-maintenance-pharmaceutique-cdi","status":"publish","type":"page","link":"https:\/\/genosafe.com\/fr\/nous-rejoindre\/une-technicienne-de-maintenance-pharmaceutique-cdi\/","title":{"rendered":"Un(e) technicien(ne) de maintenance pharmaceutique \u2013 CDI"},"content":{"rendered":"\n<div class=\"wp-block-group eplus-wrapper has-global-padding is-content-justification-left is-layout-constrained wp-container-core-group-is-layout-12dd3699 wp-block-group-is-layout-constrained\">\n<div class=\"wp-block-group eplus-wrapper has-global-padding is-content-justification-left is-layout-constrained wp-container-core-group-is-layout-12dd3699 wp-block-group-is-layout-constrained\">\n<h1 class=\" wp-block-heading eplus-wrapper\">Un(e) <strong>technicien(ne) de maintenance<\/strong> pharmaceutique \u2013 CDI<\/h1>\n<\/div>\n\n\n\n<div class=\"wp-block-group eplus-wrapper has-global-padding is-content-justification-left is-layout-constrained wp-container-core-group-is-layout-12dd3699 wp-block-group-is-layout-constrained\">\n<h2 class=\" wp-block-heading eplus-wrapper\"><strong>Missions<\/strong><\/h2>\n\n\n\n<p class=\" eplus-wrapper\">Au sein du service maintenance, vous reporterez au Responsable Maintenance. vous assurez le bon fonctionnement des \u00e9quipements. Vous \u00eates en charge des op\u00e9rations de maintenance destin\u00e9es \u00e0 maintenir, fiabiliser et s\u00e9curiser les b\u00e2timents, les utilit\u00e9s et les \u00e9quipements. Vous r\u00e9alisez, encadrez les projets de travaux neufs. Vous assistez les intervenants externes en tenant compte des exigences de s\u00e9curit\u00e9, qualit\u00e9, d\u00e9lais et environnementales.<\/p>\n\n\n\n<h2 class=\" wp-block-heading eplus-wrapper\"><strong>Activit\u00e9s principales<\/strong><\/h2>\n\n\n\n<p class=\" eplus-wrapper\"><strong>R\u00e9alisation des op\u00e9rations de maintenance pr\u00e9ventive :<\/strong><\/p>\n\n\n<ul class=\" wp-block-list eplus-wrapper eplus-styles-uid-93b1fe\">\n<li class=\" eplus-wrapper\">Effectuer les visites de contr\u00f4le, les inspections r\u00e9guli\u00e8res.\u00a0;<\/li>\n\n\n\n<li class=\" eplus-wrapper\">R\u00e9aliser les r\u00e9glages n\u00e9cessaires\u00a0;<\/li>\n\n\n\n<li class=\" eplus-wrapper\">Changer les pi\u00e8ces d&rsquo;usure selon le plan de maintenance\u00a0;<\/li>\n\n\n\n<li class=\" eplus-wrapper\">Tenir \u00e0 jour les fiches de suivi et les carnets de maintenance.<\/li>\n<\/ul>\n\n\n<p class=\" eplus-wrapper\"><strong>Intervention en maintenance corrective :<\/strong><\/p>\n\n\n<ul class=\" wp-block-list eplus-wrapper eplus-styles-uid-06d5e7\">\n<li class=\" eplus-wrapper\">Diagnostiquer l&rsquo;origine des pannes et dysfonctionnements (m\u00e9caniques, \u00e9lectriques, hydrauliques, pneumatiques, automatisme);<\/li>\n\n\n\n<li class=\" eplus-wrapper\">R\u00e9parer ou remplacer les \u00e9l\u00e9ments d\u00e9fectueux;<\/li>\n\n\n\n<li class=\" eplus-wrapper\">Remettre en service les \u00e9quipements dans les meilleurs d\u00e9lais;<\/li>\n\n\n\n<li class=\" eplus-wrapper\">Renseigner les rapports d&rsquo;intervention.<\/li>\n<\/ul>\n\n\n<p class=\" eplus-wrapper\"><strong>Participation \u00e0 l&rsquo;am\u00e9lioration continue :<\/strong><\/p>\n\n\n<ul class=\" wp-block-list eplus-wrapper eplus-styles-uid-9e31af\">\n<li class=\" eplus-wrapper\">Proposer des am\u00e9liorations techniques pour fiabiliser les \u00e9quipements;<\/li>\n\n\n\n<li class=\" eplus-wrapper\">Participer \u00e0 l&rsquo;installation de nouveaux \u00e9quipements;<\/li>\n\n\n\n<li class=\" eplus-wrapper\">Participer \u00e0 la r\u00e9daction \/mise \u00e0 jour des proc\u00e9dures et documents aff\u00e9rents aux activit\u00e9s;<\/li>\n\n\n\n<li class=\" eplus-wrapper\">Remonter les informations pertinentes au responsable maintenance concernant l&rsquo;\u00e9tat des machines et les probl\u00e8mes rencontr\u00e9s;<\/li>\n\n\n\n<li class=\" eplus-wrapper\">Participer aux projets de travaux\/ de changement.<\/li>\n<\/ul>\n\n\n<p class=\" eplus-wrapper\"><strong>Gestion des stocks et des outils :<\/strong><\/p>\n\n\n<ul class=\" wp-block-list eplus-wrapper eplus-styles-uid-df6a29\">\n<li class=\" eplus-wrapper\">G\u00e9rer son stock de pi\u00e8ces de rechange et d&rsquo;outils;<\/li>\n\n\n\n<li class=\" eplus-wrapper\">S&rsquo;assurer de la bonne tenue des locaux techniques.<\/li>\n<\/ul>\n\n\n<p class=\" eplus-wrapper\"><strong>Respect des r\u00e8gles de s\u00e9curit\u00e9 :<\/strong><\/p>\n\n\n<ul class=\" wp-block-list eplus-wrapper eplus-styles-uid-f05912\">\n<li class=\" eplus-wrapper\">Appliquer les consignes de s\u00e9curit\u00e9 et les proc\u00e9dures de travail;<\/li>\n\n\n\n<li class=\" eplus-wrapper\">Utiliser les \u00e9quipements de protection individuelle (EPI).<\/li>\n<\/ul><\/div>\n<\/div>\n\n\n\n<div class=\"wp-block-group eplus-wrapper has-global-padding is-layout-constrained wp-block-group-is-layout-constrained\">\n<div class=\"wp-block-group eplus-wrapper has-global-padding is-content-justification-left is-layout-constrained wp-container-core-group-is-layout-12dd3699 wp-block-group-is-layout-constrained\">\n<h2 class=\" wp-block-heading eplus-wrapper\"><strong>Profil<\/strong><\/h2>\n\n\n\n<p class=\" eplus-wrapper\">Vous \u00eates issu(e) d\u2019une formation technique (maintenance industrielle, \u00e9lectrotechnique ou \u00e9quivalent).<\/p>\n\n\n\n<p class=\" eplus-wrapper\">Vous aimez le travail en \u00e9quipe, avez une capacit\u00e9 \u00e0 travailler en transversal, vous \u00eates rigoureux(se) et avez le sens de l\u2019organisation, alors rejoignez-nous&nbsp;!<\/p>\n\n\n\n<p class=\" eplus-wrapper\">Poste en CDI \u00e0 pourvoir <strong>d\u00e8s que possible<\/strong>.<\/p>\n<\/div>\n<\/div>\n","protected":false},"excerpt":{"rendered":"<p>Un(e) technicien(ne) de maintenance pharmaceutique \u2013 CDI Missions Au sein du service maintenance, vous reporterez au Responsable Maintenance. vous assurez le bon fonctionnement des \u00e9quipements. Vous \u00eates en charge des op\u00e9rations de maintenance destin\u00e9es \u00e0 maintenir, fiabiliser et s\u00e9curiser les b\u00e2timents, les utilit\u00e9s et les \u00e9quipements. Vous r\u00e9alisez, encadrez les projets de travaux neufs. Vous [&hellip;]<\/p>\n","protected":false},"author":5,"featured_media":0,"parent":1603,"menu_order":1,"comment_status":"closed","ping_status":"closed","template":"wp-custom-template-jobs","meta":{"_acf_changed":false,"editor_plus_copied_stylings":"{}","footnotes":""},"class_list":["post-3155","page","type-page","status-publish","hentry"],"acf":[],"yoast_head":"<!-- This site is optimized with the Yoast SEO plugin v27.4 - https:\/\/yoast.com\/product\/yoast-seo-wordpress\/ -->\n<title>Un(e) technicien(ne) de maintenance pharmaceutique \u2013 CDI - Genosafe<\/title>\n<meta name=\"robots\" content=\"index, follow, max-snippet:-1, max-image-preview:large, max-video-preview:-1\" \/>\n<link rel=\"canonical\" href=\"https:\/\/genosafe.com\/fr\/nous-rejoindre\/une-technicienne-de-maintenance-pharmaceutique-cdi\/\" \/>\n<meta property=\"og:locale\" content=\"fr_FR\" \/>\n<meta property=\"og:type\" content=\"article\" \/>\n<meta property=\"og:title\" content=\"Un(e) technicien(ne) de maintenance pharmaceutique \u2013 CDI - Genosafe\" \/>\n<meta property=\"og:description\" content=\"Un(e) technicien(ne) de maintenance pharmaceutique \u2013 CDI Missions Au sein du service maintenance, vous reporterez au Responsable Maintenance. vous assurez le bon fonctionnement des \u00e9quipements. Vous \u00eates en charge des op\u00e9rations de maintenance destin\u00e9es \u00e0 maintenir, fiabiliser et s\u00e9curiser les b\u00e2timents, les utilit\u00e9s et les \u00e9quipements. Vous r\u00e9alisez, encadrez les projets de travaux neufs. Vous [&hellip;]\" \/>\n<meta property=\"og:url\" content=\"https:\/\/genosafe.com\/fr\/nous-rejoindre\/une-technicienne-de-maintenance-pharmaceutique-cdi\/\" \/>\n<meta property=\"og:site_name\" content=\"Genosafe\" \/>\n<meta property=\"article:modified_time\" content=\"2025-10-28T14:22:34+00:00\" \/>\n<meta name=\"twitter:card\" content=\"summary_large_image\" \/>\n<meta name=\"twitter:label1\" content=\"Dur\u00e9e de lecture estim\u00e9e\" \/>\n\t<meta name=\"twitter:data1\" content=\"2 minutes\" \/>\n<script type=\"application\/ld+json\" class=\"yoast-schema-graph\">{\"@context\":\"https:\\\/\\\/schema.org\",\"@graph\":[{\"@type\":\"WebPage\",\"@id\":\"https:\\\/\\\/genosafe.com\\\/fr\\\/nous-rejoindre\\\/une-technicienne-de-maintenance-pharmaceutique-cdi\\\/\",\"url\":\"https:\\\/\\\/genosafe.com\\\/fr\\\/nous-rejoindre\\\/une-technicienne-de-maintenance-pharmaceutique-cdi\\\/\",\"name\":\"Un(e) technicien(ne) de maintenance pharmaceutique \u2013 CDI - Genosafe\",\"isPartOf\":{\"@id\":\"https:\\\/\\\/genosafe.com\\\/fr\\\/#website\"},\"datePublished\":\"2025-10-17T16:40:51+00:00\",\"dateModified\":\"2025-10-28T14:22:34+00:00\",\"breadcrumb\":{\"@id\":\"https:\\\/\\\/genosafe.com\\\/fr\\\/nous-rejoindre\\\/une-technicienne-de-maintenance-pharmaceutique-cdi\\\/#breadcrumb\"},\"inLanguage\":\"fr-FR\",\"potentialAction\":[{\"@type\":\"ReadAction\",\"target\":[\"https:\\\/\\\/genosafe.com\\\/fr\\\/nous-rejoindre\\\/une-technicienne-de-maintenance-pharmaceutique-cdi\\\/\"]}]},{\"@type\":\"BreadcrumbList\",\"@id\":\"https:\\\/\\\/genosafe.com\\\/fr\\\/nous-rejoindre\\\/une-technicienne-de-maintenance-pharmaceutique-cdi\\\/#breadcrumb\",\"itemListElement\":[{\"@type\":\"ListItem\",\"position\":1,\"name\":\"Accueil\",\"item\":\"https:\\\/\\\/genosafe.com\\\/fr\\\/\"},{\"@type\":\"ListItem\",\"position\":2,\"name\":\"Nous rejoindre\",\"item\":\"https:\\\/\\\/genosafe.com\\\/fr\\\/nous-rejoindre\\\/\"},{\"@type\":\"ListItem\",\"position\":3,\"name\":\"Un(e) technicien(ne) de maintenance pharmaceutique \u2013 CDI\"}]},{\"@type\":\"WebSite\",\"@id\":\"https:\\\/\\\/genosafe.com\\\/fr\\\/#website\",\"url\":\"https:\\\/\\\/genosafe.com\\\/fr\\\/\",\"name\":\"Genosafe\",\"description\":\"\",\"publisher\":{\"@id\":\"https:\\\/\\\/genosafe.com\\\/fr\\\/#organization\"},\"potentialAction\":[{\"@type\":\"SearchAction\",\"target\":{\"@type\":\"EntryPoint\",\"urlTemplate\":\"https:\\\/\\\/genosafe.com\\\/fr\\\/?s={search_term_string}\"},\"query-input\":{\"@type\":\"PropertyValueSpecification\",\"valueRequired\":true,\"valueName\":\"search_term_string\"}}],\"inLanguage\":\"fr-FR\"},{\"@type\":\"Organization\",\"@id\":\"https:\\\/\\\/genosafe.com\\\/fr\\\/#organization\",\"name\":\"Genosafe\",\"url\":\"https:\\\/\\\/genosafe.com\\\/fr\\\/\",\"logo\":{\"@type\":\"ImageObject\",\"inLanguage\":\"fr-FR\",\"@id\":\"https:\\\/\\\/genosafe.com\\\/fr\\\/#\\\/schema\\\/logo\\\/image\\\/\",\"url\":\"https:\\\/\\\/genosafe.com\\\/app\\\/uploads\\\/2025\\\/05\\\/logo-genosafe-plus-HD-rvb.svg\",\"contentUrl\":\"https:\\\/\\\/genosafe.com\\\/app\\\/uploads\\\/2025\\\/05\\\/logo-genosafe-plus-HD-rvb.svg\",\"width\":1,\"height\":1,\"caption\":\"Genosafe\"},\"image\":{\"@id\":\"https:\\\/\\\/genosafe.com\\\/fr\\\/#\\\/schema\\\/logo\\\/image\\\/\"},\"sameAs\":[\"https:\\\/\\\/www.linkedin.com\\\/company\\\/genosafe\\\/\"]}]}<\/script>\n<!-- \/ Yoast SEO plugin. -->","yoast_head_json":{"title":"Un(e) technicien(ne) de maintenance pharmaceutique \u2013 CDI - Genosafe","robots":{"index":"index","follow":"follow","max-snippet":"max-snippet:-1","max-image-preview":"max-image-preview:large","max-video-preview":"max-video-preview:-1"},"canonical":"https:\/\/genosafe.com\/fr\/nous-rejoindre\/une-technicienne-de-maintenance-pharmaceutique-cdi\/","og_locale":"fr_FR","og_type":"article","og_title":"Un(e) technicien(ne) de maintenance pharmaceutique \u2013 CDI - Genosafe","og_description":"Un(e) technicien(ne) de maintenance pharmaceutique \u2013 CDI Missions Au sein du service maintenance, vous reporterez au Responsable Maintenance. vous assurez le bon fonctionnement des \u00e9quipements. Vous \u00eates en charge des op\u00e9rations de maintenance destin\u00e9es \u00e0 maintenir, fiabiliser et s\u00e9curiser les b\u00e2timents, les utilit\u00e9s et les \u00e9quipements. Vous r\u00e9alisez, encadrez les projets de travaux neufs. Vous [&hellip;]","og_url":"https:\/\/genosafe.com\/fr\/nous-rejoindre\/une-technicienne-de-maintenance-pharmaceutique-cdi\/","og_site_name":"Genosafe","article_modified_time":"2025-10-28T14:22:34+00:00","twitter_card":"summary_large_image","twitter_misc":{"Dur\u00e9e de lecture estim\u00e9e":"2 minutes"},"schema":{"@context":"https:\/\/schema.org","@graph":[{"@type":"WebPage","@id":"https:\/\/genosafe.com\/fr\/nous-rejoindre\/une-technicienne-de-maintenance-pharmaceutique-cdi\/","url":"https:\/\/genosafe.com\/fr\/nous-rejoindre\/une-technicienne-de-maintenance-pharmaceutique-cdi\/","name":"Un(e) technicien(ne) de maintenance pharmaceutique \u2013 CDI - Genosafe","isPartOf":{"@id":"https:\/\/genosafe.com\/fr\/#website"},"datePublished":"2025-10-17T16:40:51+00:00","dateModified":"2025-10-28T14:22:34+00:00","breadcrumb":{"@id":"https:\/\/genosafe.com\/fr\/nous-rejoindre\/une-technicienne-de-maintenance-pharmaceutique-cdi\/#breadcrumb"},"inLanguage":"fr-FR","potentialAction":[{"@type":"ReadAction","target":["https:\/\/genosafe.com\/fr\/nous-rejoindre\/une-technicienne-de-maintenance-pharmaceutique-cdi\/"]}]},{"@type":"BreadcrumbList","@id":"https:\/\/genosafe.com\/fr\/nous-rejoindre\/une-technicienne-de-maintenance-pharmaceutique-cdi\/#breadcrumb","itemListElement":[{"@type":"ListItem","position":1,"name":"Accueil","item":"https:\/\/genosafe.com\/fr\/"},{"@type":"ListItem","position":2,"name":"Nous rejoindre","item":"https:\/\/genosafe.com\/fr\/nous-rejoindre\/"},{"@type":"ListItem","position":3,"name":"Un(e) technicien(ne) de maintenance pharmaceutique \u2013 CDI"}]},{"@type":"WebSite","@id":"https:\/\/genosafe.com\/fr\/#website","url":"https:\/\/genosafe.com\/fr\/","name":"Genosafe","description":"","publisher":{"@id":"https:\/\/genosafe.com\/fr\/#organization"},"potentialAction":[{"@type":"SearchAction","target":{"@type":"EntryPoint","urlTemplate":"https:\/\/genosafe.com\/fr\/?s={search_term_string}"},"query-input":{"@type":"PropertyValueSpecification","valueRequired":true,"valueName":"search_term_string"}}],"inLanguage":"fr-FR"},{"@type":"Organization","@id":"https:\/\/genosafe.com\/fr\/#organization","name":"Genosafe","url":"https:\/\/genosafe.com\/fr\/","logo":{"@type":"ImageObject","inLanguage":"fr-FR","@id":"https:\/\/genosafe.com\/fr\/#\/schema\/logo\/image\/","url":"https:\/\/genosafe.com\/app\/uploads\/2025\/05\/logo-genosafe-plus-HD-rvb.svg","contentUrl":"https:\/\/genosafe.com\/app\/uploads\/2025\/05\/logo-genosafe-plus-HD-rvb.svg","width":1,"height":1,"caption":"Genosafe"},"image":{"@id":"https:\/\/genosafe.com\/fr\/#\/schema\/logo\/image\/"},"sameAs":["https:\/\/www.linkedin.com\/company\/genosafe\/"]}]}},"_links":{"self":[{"href":"https:\/\/genosafe.com\/fr\/wp-json\/wp\/v2\/pages\/3155","targetHints":{"allow":["GET"]}}],"collection":[{"href":"https:\/\/genosafe.com\/fr\/wp-json\/wp\/v2\/pages"}],"about":[{"href":"https:\/\/genosafe.com\/fr\/wp-json\/wp\/v2\/types\/page"}],"author":[{"embeddable":true,"href":"https:\/\/genosafe.com\/fr\/wp-json\/wp\/v2\/users\/5"}],"replies":[{"embeddable":true,"href":"https:\/\/genosafe.com\/fr\/wp-json\/wp\/v2\/comments?post=3155"}],"version-history":[{"count":5,"href":"https:\/\/genosafe.com\/fr\/wp-json\/wp\/v2\/pages\/3155\/revisions"}],"predecessor-version":[{"id":3734,"href":"https:\/\/genosafe.com\/fr\/wp-json\/wp\/v2\/pages\/3155\/revisions\/3734"}],"up":[{"embeddable":true,"href":"https:\/\/genosafe.com\/fr\/wp-json\/wp\/v2\/pages\/1603"}],"wp:attachment":[{"href":"https:\/\/genosafe.com\/fr\/wp-json\/wp\/v2\/media?parent=3155"}],"curies":[{"name":"wp","href":"https:\/\/api.w.org\/{rel}","templated":true}]}}