{"id":2691,"date":"2025-04-22T17:44:19","date_gmt":"2025-04-22T15:44:19","guid":{"rendered":"https:\/\/genosafe.com\/nous-rejoindre\/une-chargee-des-achats-h-f-cdi-2\/"},"modified":"2025-04-25T12:51:54","modified_gmt":"2025-04-25T10:51:54","slug":"une-chargee-de-maintenance-cdi","status":"publish","type":"page","link":"https:\/\/genosafe.com\/fr\/nous-rejoindre\/une-chargee-de-maintenance-cdi\/","title":{"rendered":"Un(e) Charg\u00e9(e) de maintenance \u2013 CDI"},"content":{"rendered":"\n<div class=\"wp-block-group eplus-wrapper has-global-padding is-content-justification-left is-layout-constrained wp-container-core-group-is-layout-12dd3699 wp-block-group-is-layout-constrained\">\n<div class=\"wp-block-group eplus-wrapper has-global-padding is-content-justification-left is-layout-constrained wp-container-core-group-is-layout-12dd3699 wp-block-group-is-layout-constrained\">\n<h1 class=\" wp-block-heading eplus-wrapper\">Un(e) <strong>Charg\u00e9(e) de maintenance et suivi des travaux neufs<\/strong> \u2013 CDI<\/h1>\n<\/div>\n\n\n\n<div class=\"wp-block-group eplus-wrapper has-global-padding is-content-justification-left is-layout-constrained wp-container-core-group-is-layout-12dd3699 wp-block-group-is-layout-constrained\">\n<h2 class=\" wp-block-heading eplus-wrapper\"><strong>Missions<\/strong><\/h2>\n\n\n\n<p class=\" eplus-wrapper\">Sous la responsabilit\u00e9 du responsable des moyens g\u00e9n\u00e9raux, r\u00e9aliser en autonomie des op\u00e9rations de maintenance destin\u00e9es \u00e0 maintenir, fiabiliser et s\u00e9curiser les b\u00e2timents, les utilit\u00e9s et\/ou les \u00e9quipements et planifier, suivre et r\u00e9aliser les projets de travaux neufs dans le respect des proc\u00e9dures qualit\u00e9 en vigueur, des r\u00e8gles d\u2019hygi\u00e8ne et de s\u00e9curit\u00e9, des co\u00fbts et des d\u00e9lais pr\u00e9vus.<\/p>\n\n\n\n<p class=\" eplus-wrapper\">Assurer les maintenances et les impl\u00e9mentations, participer aux validations et livrer les r\u00e9alisations \u00ab cl\u00e9s en main \u00bb aux clients internes.<\/p>\n\n\n\n<p class=\" eplus-wrapper\">A ce titre, vous:<\/p>\n\n\n<ul class=\" wp-block-list eplus-wrapper eplus-styles-uid-0c3cf2\">\n<li class=\" eplus-wrapper\">Planification et organisation de la maintenance:<ul class=\" wp-block-list eplus-wrapper eplus-styles-uid-a21d92\">\n<li class=\" eplus-wrapper\">\u00c9tablir des plans de maintenance pr\u00e9ventive et curative.<\/li>\n\n\n\n<li class=\" eplus-wrapper\">G\u00e9rer les interventions des \u00e9quipes de maintenance interne ou externe.<\/li>\n\n\n\n<li class=\" eplus-wrapper\">Suivre l\u2019\u00e9tat des \u00e9quipements et anticiper les pannes.<\/li>\n<\/ul><\/li>\n\n\n\n<li class=\" eplus-wrapper\">Suivi des travaux neufs:\u00a0<ul class=\" wp-block-list eplus-wrapper eplus-styles-uid-c3676a\">\n<li class=\" eplus-wrapper\">Participer \u00e0 la d\u00e9finition des besoins et \u00e0 la r\u00e9daction des cahiers des charges.<\/li>\n\n\n\n<li class=\" eplus-wrapper\">S\u00e9lectionner les entreprises et suivre l\u2019avancement des travaux.<\/li>\n\n\n\n<li class=\" eplus-wrapper\">Assurer la r\u00e9ception des travaux et la lev\u00e9e des r\u00e9serves.<\/li>\n<\/ul><\/li>\n\n\n\n<li class=\" eplus-wrapper\">Gestion des budgets:<ul class=\" wp-block-list eplus-wrapper eplus-styles-uid-a1f2f6\">\n<li class=\" eplus-wrapper\">\u00c9tablir et suivre les budgets de maintenance et de travaux.<\/li>\n\n\n\n<li class=\" eplus-wrapper\">N\u00e9gocier les contrats avec les fournisseurs.<\/li>\n<\/ul><\/li>\n\n\n\n<li class=\" eplus-wrapper\">Respect des normes et r\u00e9glementations:<ul class=\" wp-block-list eplus-wrapper eplus-styles-uid-d6a0a6\">\n<li class=\" eplus-wrapper\">Veiller au respect des normes de s\u00e9curit\u00e9, d\u2019hygi\u00e8ne et d\u2019environnement.<\/li>\n\n\n\n<li class=\" eplus-wrapper\">Mettre en \u0153uvre les mesures correctives n\u00e9cessaires.<\/li>\n<\/ul><\/li>\n\n\n\n<li class=\" eplus-wrapper\">Gestion des relations avec les utilisateurs:<ul class=\" wp-block-list eplus-wrapper eplus-styles-uid-15ee7f\">\n<li class=\" eplus-wrapper\">Assurer une communication efficace avec les diff\u00e9rents acteurs (utilisateurs, entreprises, etc.).<\/li>\n\n\n\n<li class=\" eplus-wrapper\">R\u00e9pondre aux demandes et aux r\u00e9clamations.<\/li>\n<\/ul><\/li>\n<\/ul><\/div>\n<\/div>\n\n\n\n<div class=\"wp-block-group eplus-wrapper has-global-padding is-layout-constrained wp-block-group-is-layout-constrained\">\n<div class=\"wp-block-group eplus-wrapper has-global-padding is-content-justification-left is-layout-constrained wp-container-core-group-is-layout-12dd3699 wp-block-group-is-layout-constrained\">\n<h2 class=\" wp-block-heading eplus-wrapper\"><strong>P\u00e9rim\u00e8tre<\/strong><\/h2>\n\n\n<ul class=\" wp-block-list eplus-wrapper eplus-styles-uid-2447d1\">\n<li class=\" eplus-wrapper\">Equipements de laboratoire\/b\u00e2timent;<\/li>\n<\/ul>\n\n<ul class=\" wp-block-list eplus-wrapper eplus-styles-uid-7df3fd\">\n<li class=\" eplus-wrapper\">Bat\u00eements et site;<\/li>\n<\/ul>\n\n<ul class=\" wp-block-list eplus-wrapper eplus-styles-uid-2c31d4\">\n<li class=\" eplus-wrapper\">Utilit\u00e9s et \u00e9nergies (distribution \u00e9lectrique, air comprim\u00e9, gaz m\u00e9dicaux, traitement d\u2019eau, HVAC, traitement des effluents, \u2026).<\/li>\n<\/ul><\/div>\n\n\n\n<div class=\"wp-block-group eplus-wrapper has-global-padding is-content-justification-left is-layout-constrained wp-container-core-group-is-layout-12dd3699 wp-block-group-is-layout-constrained\">\n<h2 class=\" wp-block-heading eplus-wrapper\"><strong>Profil<\/strong><\/h2>\n\n\n\n<p class=\" eplus-wrapper\">Formation BAC + 2 (BTS ou DUT) en maintenance ou \u00e9quivalent.<\/p>\n\n\n\n<p class=\" eplus-wrapper\">La fonction requiert une exp\u00e9rience significative, de 5 \u00e0 7 ann\u00e9es, acquise sur des sites pharmaceutiques.<\/p>\n\n\n\n<p class=\" eplus-wrapper\">Bonnes connaissances techniques (utilit\u00e9s, HVAC, traitement d\u2019eau, mat\u00e9riels) sp\u00e9cifiques \u00e0 l\u2019industrie pharmaceutique et\/ou biotechnologique.<\/p>\n\n\n\n<p class=\" eplus-wrapper\">Vous aimez le travail en \u00e9quipe, avez une capacit\u00e9 \u00e0 travailler en transversal et en mode projet, vous \u00eates rigoureux(se) et avez le sens de l\u2019organisation, alors rejoignez-nous&nbsp;!<\/p>\n\n\n\n<p class=\" eplus-wrapper\">Poste en CDI \u00e0 pourvoir <strong>d\u00e8s que possible<\/strong>.<\/p>\n<\/div>\n<\/div>\n","protected":false},"excerpt":{"rendered":"<p>Un(e) Charg\u00e9(e) de maintenance et suivi des travaux neufs \u2013 CDI Missions Sous la responsabilit\u00e9 du responsable des moyens g\u00e9n\u00e9raux, r\u00e9aliser en autonomie des op\u00e9rations de maintenance destin\u00e9es \u00e0 maintenir, fiabiliser et s\u00e9curiser les b\u00e2timents, les utilit\u00e9s et\/ou les \u00e9quipements et planifier, suivre et r\u00e9aliser les projets de travaux neufs dans le respect des proc\u00e9dures [&hellip;]<\/p>\n","protected":false},"author":1,"featured_media":0,"parent":1603,"menu_order":0,"comment_status":"closed","ping_status":"closed","template":"wp-custom-template-jobs","meta":{"_acf_changed":false,"editor_plus_copied_stylings":"{}","footnotes":""},"class_list":["post-2691","page","type-page","status-publish","hentry"],"acf":[],"yoast_head":"<!-- This site is optimized with the Yoast SEO plugin v27.4 - https:\/\/yoast.com\/product\/yoast-seo-wordpress\/ -->\n<title>Un(e) Charg\u00e9(e) de maintenance \u2013 CDI - Genosafe<\/title>\n<meta name=\"robots\" content=\"index, follow, max-snippet:-1, max-image-preview:large, max-video-preview:-1\" \/>\n<link rel=\"canonical\" href=\"https:\/\/genosafe.com\/fr\/nous-rejoindre\/une-chargee-de-maintenance-cdi\/\" \/>\n<meta property=\"og:locale\" content=\"fr_FR\" \/>\n<meta property=\"og:type\" content=\"article\" \/>\n<meta property=\"og:title\" content=\"Un(e) Charg\u00e9(e) de maintenance \u2013 CDI - Genosafe\" \/>\n<meta property=\"og:description\" content=\"Un(e) Charg\u00e9(e) de maintenance et suivi des travaux neufs \u2013 CDI Missions Sous la responsabilit\u00e9 du responsable des moyens g\u00e9n\u00e9raux, r\u00e9aliser en autonomie des op\u00e9rations de maintenance destin\u00e9es \u00e0 maintenir, fiabiliser et s\u00e9curiser les b\u00e2timents, les utilit\u00e9s et\/ou les \u00e9quipements et planifier, suivre et r\u00e9aliser les projets de travaux neufs dans le respect des proc\u00e9dures [&hellip;]\" \/>\n<meta property=\"og:url\" content=\"https:\/\/genosafe.com\/fr\/nous-rejoindre\/une-chargee-de-maintenance-cdi\/\" \/>\n<meta property=\"og:site_name\" content=\"Genosafe\" \/>\n<meta property=\"article:modified_time\" content=\"2025-04-25T10:51:54+00:00\" \/>\n<meta name=\"twitter:card\" content=\"summary_large_image\" \/>\n<meta name=\"twitter:label1\" content=\"Dur\u00e9e de lecture estim\u00e9e\" \/>\n\t<meta name=\"twitter:data1\" content=\"2 minutes\" \/>\n<script type=\"application\/ld+json\" class=\"yoast-schema-graph\">{\"@context\":\"https:\\\/\\\/schema.org\",\"@graph\":[{\"@type\":\"WebPage\",\"@id\":\"https:\\\/\\\/genosafe.com\\\/fr\\\/nous-rejoindre\\\/une-chargee-de-maintenance-cdi\\\/\",\"url\":\"https:\\\/\\\/genosafe.com\\\/fr\\\/nous-rejoindre\\\/une-chargee-de-maintenance-cdi\\\/\",\"name\":\"Un(e) Charg\u00e9(e) de maintenance \u2013 CDI - Genosafe\",\"isPartOf\":{\"@id\":\"https:\\\/\\\/genosafe.com\\\/fr\\\/#website\"},\"datePublished\":\"2025-04-22T15:44:19+00:00\",\"dateModified\":\"2025-04-25T10:51:54+00:00\",\"breadcrumb\":{\"@id\":\"https:\\\/\\\/genosafe.com\\\/fr\\\/nous-rejoindre\\\/une-chargee-de-maintenance-cdi\\\/#breadcrumb\"},\"inLanguage\":\"fr-FR\",\"potentialAction\":[{\"@type\":\"ReadAction\",\"target\":[\"https:\\\/\\\/genosafe.com\\\/fr\\\/nous-rejoindre\\\/une-chargee-de-maintenance-cdi\\\/\"]}]},{\"@type\":\"BreadcrumbList\",\"@id\":\"https:\\\/\\\/genosafe.com\\\/fr\\\/nous-rejoindre\\\/une-chargee-de-maintenance-cdi\\\/#breadcrumb\",\"itemListElement\":[{\"@type\":\"ListItem\",\"position\":1,\"name\":\"Accueil\",\"item\":\"https:\\\/\\\/genosafe.com\\\/fr\\\/\"},{\"@type\":\"ListItem\",\"position\":2,\"name\":\"Nous rejoindre\",\"item\":\"https:\\\/\\\/genosafe.com\\\/fr\\\/nous-rejoindre\\\/\"},{\"@type\":\"ListItem\",\"position\":3,\"name\":\"Un(e) Charg\u00e9(e) de maintenance \u2013 CDI\"}]},{\"@type\":\"WebSite\",\"@id\":\"https:\\\/\\\/genosafe.com\\\/fr\\\/#website\",\"url\":\"https:\\\/\\\/genosafe.com\\\/fr\\\/\",\"name\":\"Genosafe\",\"description\":\"\",\"publisher\":{\"@id\":\"https:\\\/\\\/genosafe.com\\\/fr\\\/#organization\"},\"potentialAction\":[{\"@type\":\"SearchAction\",\"target\":{\"@type\":\"EntryPoint\",\"urlTemplate\":\"https:\\\/\\\/genosafe.com\\\/fr\\\/?s={search_term_string}\"},\"query-input\":{\"@type\":\"PropertyValueSpecification\",\"valueRequired\":true,\"valueName\":\"search_term_string\"}}],\"inLanguage\":\"fr-FR\"},{\"@type\":\"Organization\",\"@id\":\"https:\\\/\\\/genosafe.com\\\/fr\\\/#organization\",\"name\":\"Genosafe\",\"url\":\"https:\\\/\\\/genosafe.com\\\/fr\\\/\",\"logo\":{\"@type\":\"ImageObject\",\"inLanguage\":\"fr-FR\",\"@id\":\"https:\\\/\\\/genosafe.com\\\/fr\\\/#\\\/schema\\\/logo\\\/image\\\/\",\"url\":\"https:\\\/\\\/genosafe.com\\\/app\\\/uploads\\\/2025\\\/05\\\/logo-genosafe-plus-HD-rvb.svg\",\"contentUrl\":\"https:\\\/\\\/genosafe.com\\\/app\\\/uploads\\\/2025\\\/05\\\/logo-genosafe-plus-HD-rvb.svg\",\"width\":1,\"height\":1,\"caption\":\"Genosafe\"},\"image\":{\"@id\":\"https:\\\/\\\/genosafe.com\\\/fr\\\/#\\\/schema\\\/logo\\\/image\\\/\"},\"sameAs\":[\"https:\\\/\\\/www.linkedin.com\\\/company\\\/genosafe\\\/\"]}]}<\/script>\n<!-- \/ Yoast SEO plugin. -->","yoast_head_json":{"title":"Un(e) Charg\u00e9(e) de maintenance \u2013 CDI - Genosafe","robots":{"index":"index","follow":"follow","max-snippet":"max-snippet:-1","max-image-preview":"max-image-preview:large","max-video-preview":"max-video-preview:-1"},"canonical":"https:\/\/genosafe.com\/fr\/nous-rejoindre\/une-chargee-de-maintenance-cdi\/","og_locale":"fr_FR","og_type":"article","og_title":"Un(e) Charg\u00e9(e) de maintenance \u2013 CDI - Genosafe","og_description":"Un(e) Charg\u00e9(e) de maintenance et suivi des travaux neufs \u2013 CDI Missions Sous la responsabilit\u00e9 du responsable des moyens g\u00e9n\u00e9raux, r\u00e9aliser en autonomie des op\u00e9rations de maintenance destin\u00e9es \u00e0 maintenir, fiabiliser et s\u00e9curiser les b\u00e2timents, les utilit\u00e9s et\/ou les \u00e9quipements et planifier, suivre et r\u00e9aliser les projets de travaux neufs dans le respect des proc\u00e9dures [&hellip;]","og_url":"https:\/\/genosafe.com\/fr\/nous-rejoindre\/une-chargee-de-maintenance-cdi\/","og_site_name":"Genosafe","article_modified_time":"2025-04-25T10:51:54+00:00","twitter_card":"summary_large_image","twitter_misc":{"Dur\u00e9e de lecture estim\u00e9e":"2 minutes"},"schema":{"@context":"https:\/\/schema.org","@graph":[{"@type":"WebPage","@id":"https:\/\/genosafe.com\/fr\/nous-rejoindre\/une-chargee-de-maintenance-cdi\/","url":"https:\/\/genosafe.com\/fr\/nous-rejoindre\/une-chargee-de-maintenance-cdi\/","name":"Un(e) Charg\u00e9(e) de maintenance \u2013 CDI - Genosafe","isPartOf":{"@id":"https:\/\/genosafe.com\/fr\/#website"},"datePublished":"2025-04-22T15:44:19+00:00","dateModified":"2025-04-25T10:51:54+00:00","breadcrumb":{"@id":"https:\/\/genosafe.com\/fr\/nous-rejoindre\/une-chargee-de-maintenance-cdi\/#breadcrumb"},"inLanguage":"fr-FR","potentialAction":[{"@type":"ReadAction","target":["https:\/\/genosafe.com\/fr\/nous-rejoindre\/une-chargee-de-maintenance-cdi\/"]}]},{"@type":"BreadcrumbList","@id":"https:\/\/genosafe.com\/fr\/nous-rejoindre\/une-chargee-de-maintenance-cdi\/#breadcrumb","itemListElement":[{"@type":"ListItem","position":1,"name":"Accueil","item":"https:\/\/genosafe.com\/fr\/"},{"@type":"ListItem","position":2,"name":"Nous rejoindre","item":"https:\/\/genosafe.com\/fr\/nous-rejoindre\/"},{"@type":"ListItem","position":3,"name":"Un(e) Charg\u00e9(e) de maintenance \u2013 CDI"}]},{"@type":"WebSite","@id":"https:\/\/genosafe.com\/fr\/#website","url":"https:\/\/genosafe.com\/fr\/","name":"Genosafe","description":"","publisher":{"@id":"https:\/\/genosafe.com\/fr\/#organization"},"potentialAction":[{"@type":"SearchAction","target":{"@type":"EntryPoint","urlTemplate":"https:\/\/genosafe.com\/fr\/?s={search_term_string}"},"query-input":{"@type":"PropertyValueSpecification","valueRequired":true,"valueName":"search_term_string"}}],"inLanguage":"fr-FR"},{"@type":"Organization","@id":"https:\/\/genosafe.com\/fr\/#organization","name":"Genosafe","url":"https:\/\/genosafe.com\/fr\/","logo":{"@type":"ImageObject","inLanguage":"fr-FR","@id":"https:\/\/genosafe.com\/fr\/#\/schema\/logo\/image\/","url":"https:\/\/genosafe.com\/app\/uploads\/2025\/05\/logo-genosafe-plus-HD-rvb.svg","contentUrl":"https:\/\/genosafe.com\/app\/uploads\/2025\/05\/logo-genosafe-plus-HD-rvb.svg","width":1,"height":1,"caption":"Genosafe"},"image":{"@id":"https:\/\/genosafe.com\/fr\/#\/schema\/logo\/image\/"},"sameAs":["https:\/\/www.linkedin.com\/company\/genosafe\/"]}]}},"_links":{"self":[{"href":"https:\/\/genosafe.com\/fr\/wp-json\/wp\/v2\/pages\/2691","targetHints":{"allow":["GET"]}}],"collection":[{"href":"https:\/\/genosafe.com\/fr\/wp-json\/wp\/v2\/pages"}],"about":[{"href":"https:\/\/genosafe.com\/fr\/wp-json\/wp\/v2\/types\/page"}],"author":[{"embeddable":true,"href":"https:\/\/genosafe.com\/fr\/wp-json\/wp\/v2\/users\/1"}],"replies":[{"embeddable":true,"href":"https:\/\/genosafe.com\/fr\/wp-json\/wp\/v2\/comments?post=2691"}],"version-history":[{"count":4,"href":"https:\/\/genosafe.com\/fr\/wp-json\/wp\/v2\/pages\/2691\/revisions"}],"predecessor-version":[{"id":2758,"href":"https:\/\/genosafe.com\/fr\/wp-json\/wp\/v2\/pages\/2691\/revisions\/2758"}],"up":[{"embeddable":true,"href":"https:\/\/genosafe.com\/fr\/wp-json\/wp\/v2\/pages\/1603"}],"wp:attachment":[{"href":"https:\/\/genosafe.com\/fr\/wp-json\/wp\/v2\/media?parent=2691"}],"curies":[{"name":"wp","href":"https:\/\/api.w.org\/{rel}","templated":true}]}}