{"id":1605,"date":"2023-06-05T23:02:59","date_gmt":"2023-06-05T21:02:59","guid":{"rendered":"https:\/\/genosafe.com\/?page_id=1605"},"modified":"2025-12-07T15:30:00","modified_gmt":"2025-12-07T14:30:00","slug":"contactez-nous","status":"publish","type":"page","link":"https:\/\/genosafe.com\/fr\/contactez-nous\/","title":{"rendered":"Contactez-nous"},"content":{"rendered":"<div id=\"cover-team\" class=\"cover cover-team wp-block-group eplus-wrapper has-global-padding is-layout-constrained wp-block-group-is-layout-constrained eplus-styles-uid-4b237b\">\n<div class=\"wp-block-group eplus-wrapper has-global-padding is-layout-constrained wp-block-group-is-layout-constrained\"><div class=\"wp-block-columns eplus-wrapper is-layout-flex wp-container-core-columns-is-layout-28f84493 wp-block-columns-is-layout-flex eplus-styles-uid-ffa674\"><div class=\"wp-block-column eplus-wrapper is-layout-flow wp-block-column-is-layout-flow eplus-styles-uid-650f00\">\n<h1 class=\" wp-block-heading eplus-wrapper\">Contactez-nous<\/h1>\n\n\n\n<p class=\" eplus-wrapper\">Le formulaire ci-dessous vous permettra d&rsquo;entrer facilement en relation avec GenoSafe.  Nous reviendrons rapidement vers vous une fois votre requ\u00eate et vos coordonn\u00e9es re\u00e7ues.<\/p>\n<\/div>\n\n\n<div class=\"wp-block-column eplus-wrapper is-layout-flow wp-block-column-is-layout-flow\"><\/div>\n<\/div><\/div>\n<\/div>\n\n\n<div id=\"formulaire\" class=\"wp-block-group eplus-wrapper has-global-padding is-layout-constrained wp-block-group-is-layout-constrained\">\n<div class=\"wp-block-group eplus-wrapper has-global-padding is-layout-constrained wp-block-group-is-layout-constrained\"><script>\nvar gform;gform||(document.addEventListener(\"gform_main_scripts_loaded\",function(){gform.scriptsLoaded=!0}),document.addEventListener(\"gform\/theme\/scripts_loaded\",function(){gform.themeScriptsLoaded=!0}),window.addEventListener(\"DOMContentLoaded\",function(){gform.domLoaded=!0}),gform={domLoaded:!1,scriptsLoaded:!1,themeScriptsLoaded:!1,isFormEditor:()=>\"function\"==typeof InitializeEditor,callIfLoaded:function(o){return!(!gform.domLoaded||!gform.scriptsLoaded||!gform.themeScriptsLoaded&&!gform.isFormEditor()||(gform.isFormEditor()&&console.warn(\"The use of gform.initializeOnLoaded() is deprecated in the form editor context and will be removed in Gravity Forms 3.1.\"),o(),0))},initializeOnLoaded:function(o){gform.callIfLoaded(o)||(document.addEventListener(\"gform_main_scripts_loaded\",()=>{gform.scriptsLoaded=!0,gform.callIfLoaded(o)}),document.addEventListener(\"gform\/theme\/scripts_loaded\",()=>{gform.themeScriptsLoaded=!0,gform.callIfLoaded(o)}),window.addEventListener(\"DOMContentLoaded\",()=>{gform.domLoaded=!0,gform.callIfLoaded(o)}))},hooks:{action:{},filter:{}},addAction:function(o,r,e,t){gform.addHook(\"action\",o,r,e,t)},addFilter:function(o,r,e,t){gform.addHook(\"filter\",o,r,e,t)},doAction:function(o){gform.doHook(\"action\",o,arguments)},applyFilters:function(o){return gform.doHook(\"filter\",o,arguments)},removeAction:function(o,r){gform.removeHook(\"action\",o,r)},removeFilter:function(o,r,e){gform.removeHook(\"filter\",o,r,e)},addHook:function(o,r,e,t,n){null==gform.hooks[o][r]&&(gform.hooks[o][r]=[]);var d=gform.hooks[o][r];null==n&&(n=r+\"_\"+d.length),gform.hooks[o][r].push({tag:n,callable:e,priority:t=null==t?10:t})},doHook:function(r,o,e){var t;if(e=Array.prototype.slice.call(e,1),null!=gform.hooks[r][o]&&((o=gform.hooks[r][o]).sort(function(o,r){return o.priority-r.priority}),o.forEach(function(o){\"function\"!=typeof(t=o.callable)&&(t=window[t]),\"action\"==r?t.apply(null,e):e[0]=t.apply(null,e)})),\"filter\"==r)return e[0]},removeHook:function(o,r,t,n){var e;null!=gform.hooks[o][r]&&(e=(e=gform.hooks[o][r]).filter(function(o,r,e){return!!(null!=n&&n!=o.tag||null!=t&&t!=o.priority)}),gform.hooks[o][r]=e)}});\n<\/script>\n\n                <div class='gf_browser_gecko gform_wrapper gravity-theme gform-theme--no-framework' data-form-theme='gravity-theme' data-form-index='0' id='gform_wrapper_2' >\n                        <div class='gform_heading'>\n                            <h2 class=\"gform_title\">Contact<\/h2>\n                            <p class='gform_description'><\/p>\n                        <\/div><form method='post' enctype='multipart\/form-data'  id='gform_2'  action='\/fr\/wp-json\/wp\/v2\/pages\/1605' data-formid='2' novalidate>\n                        <div class='gform-body gform_body'><div id='gform_fields_2' class='gform_fields top_label form_sublabel_below description_below validation_below'><div id=\"field_2_12\" class=\"gfield gfield--type-honeypot gform_validation_container field_sublabel_below gfield--has-description field_description_below field_validation_below gfield_visibility_visible\"  ><label class='gfield_label gform-field-label' for='input_2_12'>Comments<\/label><div class='ginput_container'><input name='input_12' id='input_2_12' type='text' value='' autocomplete='new-password'\/><\/div><div class='gfield_description' id='gfield_description_2_12'>Ce champ n\u2019est utilis\u00e9 qu\u2019\u00e0 des fins de validation et devrait rester inchang\u00e9.<\/div><\/div><div id=\"field_2_8\" class=\"gfield gfield--type-text gfield--input-type-text gfield--width-half gfield_contains_required field_sublabel_below gfield--no-description field_description_below field_validation_below gfield_visibility_visible\"  ><label class='gfield_label gform-field-label' for='input_2_8'>Pr\u00e9nom<span class=\"gfield_required\"><span class=\"gfield_required gfield_required_text\">(N\u00e9cessaire)<\/span><\/span><\/label><div class='ginput_container ginput_container_text'><input name='input_8' id='input_2_8' type='text' value='' class='large'     aria-required=\"true\" aria-invalid=\"false\"   \/><\/div><\/div><div id=\"field_2_9\" class=\"gfield gfield--type-text gfield--input-type-text gfield--width-half gfield_contains_required field_sublabel_below gfield--no-description field_description_below field_validation_below gfield_visibility_visible\"  ><label class='gfield_label gform-field-label' for='input_2_9'>Nom<span class=\"gfield_required\"><span class=\"gfield_required gfield_required_text\">(N\u00e9cessaire)<\/span><\/span><\/label><div class='ginput_container ginput_container_text'><input name='input_9' id='input_2_9' type='text' value='' class='large'     aria-required=\"true\" aria-invalid=\"false\"   \/><\/div><\/div><div id=\"field_2_10\" class=\"gfield gfield--type-text gfield--input-type-text gfield--width-full gfield_contains_required field_sublabel_below gfield--no-description field_description_below field_validation_below gfield_visibility_visible\"  ><label class='gfield_label gform-field-label' for='input_2_10'>Soci\u00e9t\u00e9<span class=\"gfield_required\"><span class=\"gfield_required gfield_required_text\">(N\u00e9cessaire)<\/span><\/span><\/label><div class='ginput_container ginput_container_text'><input name='input_10' id='input_2_10' type='text' value='' class='medium'     aria-required=\"true\" aria-invalid=\"false\"   \/><\/div><\/div><div id=\"field_2_3\" class=\"gfield gfield--type-email gfield--input-type-email gfield--width-full gfield_contains_required field_sublabel_below gfield--no-description field_description_below field_validation_below gfield_visibility_visible\"  ><label class='gfield_label gform-field-label' for='input_2_3'>Email<span class=\"gfield_required\"><span class=\"gfield_required gfield_required_text\">(N\u00e9cessaire)<\/span><\/span><\/label><div class='ginput_container ginput_container_email'>\n                            <input name='input_3' id='input_2_3' type='email' value='' class='medium'    aria-required=\"true\" aria-invalid=\"false\"  \/>\n                        <\/div><\/div><div id=\"field_2_11\" class=\"gfield gfield--type-textarea gfield--input-type-textarea gfield_contains_required field_sublabel_below gfield--no-description field_description_below field_validation_below gfield_visibility_visible\"  ><label class='gfield_label gform-field-label' for='input_2_11'>Message<span class=\"gfield_required\"><span class=\"gfield_required gfield_required_text\">(N\u00e9cessaire)<\/span><\/span><\/label><div class='ginput_container ginput_container_textarea'><textarea name='input_11' id='input_2_11' class='textarea medium'     aria-required=\"true\" aria-invalid=\"false\"   rows='10' cols='50'><\/textarea><\/div><\/div><\/div><\/div>\n        <div class='gform-footer gform_footer top_label'> \t\t<input\n\t\t\t\ttype=\"hidden\"\n\t\t\t\tclass=\"hcaptcha-widget-id\"\n\t\t\t\tname=\"hcaptcha-widget-id\"\n\t\t\t\tvalue=\"eyJzb3VyY2UiOlsiZ3Jhdml0eWZvcm1zXC9ncmF2aXR5Zm9ybXMucGhwIl0sImZvcm1faWQiOjJ9-6ba49a62039007743a4fe1325015b00a\">\n\t\t\t\t<h-captcha\n\t\t\tclass=\"h-captcha\"\n\t\t\tdata-sitekey=\"716a781c-cebe-4ea0-8674-d7e266ea90e0\"\n\t\t\tdata-theme=\"light\"\n\t\t\tdata-size=\"normal\"\n\t\t\tdata-auto=\"false\"\n\t\t\tdata-ajax=\"false\"\n\t\t\tdata-force=\"false\">\n\t\t<\/h-captcha>\n\t\t<input type=\"hidden\" id=\"gravity_forms_nonce\" name=\"gravity_forms_nonce\" value=\"ef2e4b2b4e\" \/><input type=\"hidden\" name=\"_wp_http_referer\" value=\"\/fr\/wp-json\/wp\/v2\/pages\/1605\" \/><input type='submit' id='gform_submit_button_2' class='gform_button button' onclick='gform.submission.handleButtonClick(this);' data-submission-type='submit' value='Envoyer'  \/> \n            <input type='hidden' class='gform_hidden' name='gform_submission_method' data-js='gform_submission_method_2' value='postback' \/>\n            <input type='hidden' class='gform_hidden' name='gform_theme' data-js='gform_theme_2' id='gform_theme_2' value='gravity-theme' \/>\n            <input type='hidden' class='gform_hidden' name='gform_style_settings' data-js='gform_style_settings_2' id='gform_style_settings_2' value='{&quot;inputPrimaryColor&quot;:&quot;#204ce5&quot;}' \/>\n            <input type='hidden' class='gform_hidden' name='is_submit_2' value='1' \/>\n            <input type='hidden' class='gform_hidden' name='gform_submit' value='2' \/>\n            \n            <input type='hidden' class='gform_hidden' name='gform_currency' data-currency='EUR' value='G8JbyPsgLdY2l2pst2eoq0LZb4d1xypJD9ERWoBLc6qVwtHHlJbGMS372BVTv3754PjtQy3\/h3MLPbNKY1WBLoVtbeBGXdRlt3nLWN543q2G0pw=' \/>\n            <input type='hidden' class='gform_hidden' name='gform_unique_id' value='' \/>\n            <input type='hidden' class='gform_hidden' name='state_2' value='WyJbXSIsIjk3NWUzZjBlYTlhZTBkNTNmM2Y4OGIyMGU3OGZlMjhkIl0=' \/>\n            <input type='hidden' autocomplete='off' class='gform_hidden' name='gform_target_page_number_2' id='gform_target_page_number_2' value='0' \/>\n            <input type='hidden' autocomplete='off' class='gform_hidden' name='gform_source_page_number_2' id='gform_source_page_number_2' value='1' \/>\n            <input type='hidden' name='gform_field_values' value='' \/>\n            \n        <\/div>\n                        <\/form>\n                        <\/div><script>\ngform.initializeOnLoaded( function() {gformInitSpinner( 2, 'https:\/\/genosafe.com\/app\/plugins\/gravityforms\/images\/spinner.svg', true );jQuery('#gform_ajax_frame_2').on('load',function(){var contents = jQuery(this).contents().find('*').html();var is_postback = contents.indexOf('GF_AJAX_POSTBACK') >= 0;if(!is_postback){return;}var form_content = jQuery(this).contents().find('#gform_wrapper_2');var is_confirmation = jQuery(this).contents().find('#gform_confirmation_wrapper_2').length > 0;var is_redirect = contents.indexOf('gformRedirect(){') >= 0;var is_form = form_content.length > 0 && ! is_redirect && ! is_confirmation;var mt = parseInt(jQuery('html').css('margin-top'), 10) + parseInt(jQuery('body').css('margin-top'), 10) + 100;if(is_form){jQuery('#gform_wrapper_2').html(form_content.html());if(form_content.hasClass('gform_validation_error')){jQuery('#gform_wrapper_2').addClass('gform_validation_error');} else {jQuery('#gform_wrapper_2').removeClass('gform_validation_error');}setTimeout( function() { \/* delay the scroll by 50 milliseconds to fix a bug in chrome *\/  }, 50 );if(window['gformInitDatepicker']) {gformInitDatepicker();}if(window['gformInitPriceFields']) {gformInitPriceFields();}var current_page = jQuery('#gform_source_page_number_2').val();gformInitSpinner( 2, 'https:\/\/genosafe.com\/app\/plugins\/gravityforms\/images\/spinner.svg', true );jQuery(document).trigger('gform_page_loaded', [2, current_page]);window['gf_submitting_2'] = false;}else if(!is_redirect){var confirmation_content = jQuery(this).contents().find('.GF_AJAX_POSTBACK').html();if(!confirmation_content){confirmation_content = contents;}jQuery('#gform_wrapper_2').replaceWith(confirmation_content);jQuery(document).trigger('gform_confirmation_loaded', [2]);window['gf_submitting_2'] = false;wp.a11y.speak(jQuery('#gform_confirmation_message_2').text());}else{jQuery('#gform_2').append(contents);if(window['gformRedirect']) {gformRedirect();}}jQuery(document).trigger(\"gform_pre_post_render\", [{ formId: \"2\", currentPage: \"current_page\", abort: function() { this.preventDefault(); } }]);        if (event && event.defaultPrevented) {                return;        }        const gformWrapperDiv = document.getElementById( \"gform_wrapper_2\" );        if ( gformWrapperDiv ) {            const visibilitySpan = document.createElement( \"span\" );            visibilitySpan.id = \"gform_visibility_test_2\";            gformWrapperDiv.insertAdjacentElement( \"afterend\", visibilitySpan );        }        const visibilityTestDiv = document.getElementById( \"gform_visibility_test_2\" );        let postRenderFired = false;        function triggerPostRender() {            if ( postRenderFired ) {                return;            }            postRenderFired = true;            gform.core.triggerPostRenderEvents( 2, current_page );            if ( visibilityTestDiv ) {                visibilityTestDiv.parentNode.removeChild( visibilityTestDiv );            }        }        function debounce( func, wait, immediate ) {            var timeout;            return function() {                var context = this, args = arguments;                var later = function() {                    timeout = null;                    if ( !immediate ) func.apply( context, args );                };                var callNow = immediate && !timeout;                clearTimeout( timeout );                timeout = setTimeout( later, wait );                if ( callNow ) func.apply( context, args );            };        }        const debouncedTriggerPostRender = debounce( function() {            triggerPostRender();        }, 200 );        if ( visibilityTestDiv && visibilityTestDiv.offsetParent === null ) {            const observer = new MutationObserver( ( mutations ) => {                mutations.forEach( ( mutation ) => {                    if ( mutation.type === 'attributes' && visibilityTestDiv.offsetParent !== null ) {                        debouncedTriggerPostRender();                        observer.disconnect();                    }                });            });            observer.observe( document.body, {                attributes: true,                childList: false,                subtree: true,                attributeFilter: [ 'style', 'class' ],            });        } else {            triggerPostRender();        }    } );} );\n<\/script>\n<\/div>\n<\/div>\n\n\n\n<div class=\"wp-block-group eplus-wrapper has-global-padding is-layout-constrained wp-block-group-is-layout-constrained\">\n<div class=\"wp-block-group eplus-wrapper has-global-padding is-layout-constrained wp-block-group-is-layout-constrained\">\n<p class=\" eplus-wrapper\"><em>Lorsque vous envoyez une demande via ce formulaire de contact, vous \u00eates invit\u00e9 \u00e0 fournir des donn\u00e9es \u00e0 caract\u00e8re personnel, et consentez \u00e0 leur traitement par la soci\u00e9t\u00e9 GenoSafe, responsable de traitement, afin de r\u00e9pondre \u00e0 votre sollicitation.<\/em><\/p>\n\n\n\n<p class=\" eplus-wrapper\"><em>Conform\u00e9ment \u00e0 la Loi n\u00b078-17 du 6 janvier 1978 (dite \u00ab Informatique et Libert\u00e9s \u00bb) modifi\u00e9e et au R\u00e8glement G\u00e9n\u00e9ral sur la Protection des Donn\u00e9es Personnelles (\u00ab RGPD \u00bb), vous b\u00e9n\u00e9ficiez d\u2019un droit d\u2019acc\u00e8s, de rectification et d\u2019effacement de tout ou partie des donn\u00e9es \u00e0 caract\u00e8re personnel vous concernant. Vous b\u00e9n\u00e9ficiez \u00e9galement d\u2019un droit d\u2019opposition, d\u2019un droit \u00e0 la limitation du traitement et \u00e0 la portabilit\u00e9 de vos donn\u00e9es \u00e0 caract\u00e8re personnel.<\/em><\/p>\n\n\n\n<p class=\" eplus-wrapper\"><em>Vous pouvez retirer votre consentement \u00e0 tout moment. Si vous exercez ce droit, vous ne pourrez plus recevoir de r\u00e9ponse \u00e0 votre sollicitation.<\/em><br><em>Vous pouvez exercer ces droits sur simple demande \u00e9crite, par courrier \u00e0 la soci\u00e9t\u00e9 GenoSafe, 1bis rue de l\u2019Internationale \u2013 91002 Evry Cedex, ou par e-mail \u00e0 dpocontacts@genosafe.com. Vous b\u00e9n\u00e9ficiez \u00e9galement du droit de formuler une r\u00e9clamation aupr\u00e8s de la CNIL.<\/em><\/p>\n\n\n\n<p class=\" eplus-wrapper\"><em>Pour en savoir plus sur la fa\u00e7on dont vos donn\u00e9es personnelles sont trait\u00e9es, veuillez consulter notre <a href=\"https:\/\/genosafe.com\/fr\/politique-de-confidentialite\/\">Politique de confidentialit\u00e9<\/a><\/em><\/p>\n<\/div>\n<\/div>\n","protected":false},"excerpt":{"rendered":"<p>Contactez-nous Le formulaire ci-dessous vous permettra d&rsquo;entrer facilement en relation avec GenoSafe. Nous reviendrons rapidement vers vous une fois votre requ\u00eate et vos coordonn\u00e9es re\u00e7ues. Lorsque vous envoyez une demande via ce formulaire de contact, vous \u00eates invit\u00e9 \u00e0 fournir des donn\u00e9es \u00e0 caract\u00e8re personnel, et consentez \u00e0 leur traitement par la soci\u00e9t\u00e9 GenoSafe, responsable [&hellip;]<\/p>\n","protected":false},"author":1,"featured_media":0,"parent":0,"menu_order":8,"comment_status":"closed","ping_status":"closed","template":"","meta":{"_acf_changed":false,"editor_plus_copied_stylings":"{}","footnotes":""},"class_list":["post-1605","page","type-page","status-publish","hentry"],"acf":[],"yoast_head":"<!-- This site is optimized with the Yoast SEO plugin v27.4 - https:\/\/yoast.com\/product\/yoast-seo-wordpress\/ -->\n<title>Contactez-nous - Genosafe<\/title>\n<meta name=\"robots\" content=\"index, follow, max-snippet:-1, max-image-preview:large, max-video-preview:-1\" \/>\n<link rel=\"canonical\" href=\"https:\/\/genosafe.com\/fr\/contactez-nous\/\" \/>\n<meta property=\"og:locale\" content=\"fr_FR\" \/>\n<meta property=\"og:type\" content=\"article\" \/>\n<meta property=\"og:title\" content=\"Contactez-nous - Genosafe\" \/>\n<meta property=\"og:description\" content=\"Contactez-nous Le formulaire ci-dessous vous permettra d&rsquo;entrer facilement en relation avec GenoSafe. Nous reviendrons rapidement vers vous une fois votre requ\u00eate et vos coordonn\u00e9es re\u00e7ues. Lorsque vous envoyez une demande via ce formulaire de contact, vous \u00eates invit\u00e9 \u00e0 fournir des donn\u00e9es \u00e0 caract\u00e8re personnel, et consentez \u00e0 leur traitement par la soci\u00e9t\u00e9 GenoSafe, responsable [&hellip;]\" \/>\n<meta property=\"og:url\" content=\"https:\/\/genosafe.com\/fr\/contactez-nous\/\" \/>\n<meta property=\"og:site_name\" content=\"Genosafe\" \/>\n<meta property=\"article:modified_time\" content=\"2025-12-07T14:30:00+00:00\" \/>\n<meta name=\"twitter:card\" content=\"summary_large_image\" \/>\n<meta name=\"twitter:label1\" content=\"Dur\u00e9e de lecture estim\u00e9e\" \/>\n\t<meta name=\"twitter:data1\" content=\"2 minutes\" \/>\n<script type=\"application\/ld+json\" class=\"yoast-schema-graph\">{\"@context\":\"https:\\\/\\\/schema.org\",\"@graph\":[{\"@type\":\"WebPage\",\"@id\":\"https:\\\/\\\/genosafe.com\\\/fr\\\/contactez-nous\\\/\",\"url\":\"https:\\\/\\\/genosafe.com\\\/fr\\\/contactez-nous\\\/\",\"name\":\"Contactez-nous - Genosafe\",\"isPartOf\":{\"@id\":\"https:\\\/\\\/genosafe.com\\\/fr\\\/#website\"},\"datePublished\":\"2023-06-05T21:02:59+00:00\",\"dateModified\":\"2025-12-07T14:30:00+00:00\",\"breadcrumb\":{\"@id\":\"https:\\\/\\\/genosafe.com\\\/fr\\\/contactez-nous\\\/#breadcrumb\"},\"inLanguage\":\"fr-FR\",\"potentialAction\":[{\"@type\":\"ReadAction\",\"target\":[\"https:\\\/\\\/genosafe.com\\\/fr\\\/contactez-nous\\\/\"]}]},{\"@type\":\"BreadcrumbList\",\"@id\":\"https:\\\/\\\/genosafe.com\\\/fr\\\/contactez-nous\\\/#breadcrumb\",\"itemListElement\":[{\"@type\":\"ListItem\",\"position\":1,\"name\":\"Accueil\",\"item\":\"https:\\\/\\\/genosafe.com\\\/fr\\\/\"},{\"@type\":\"ListItem\",\"position\":2,\"name\":\"Contactez-nous\"}]},{\"@type\":\"WebSite\",\"@id\":\"https:\\\/\\\/genosafe.com\\\/fr\\\/#website\",\"url\":\"https:\\\/\\\/genosafe.com\\\/fr\\\/\",\"name\":\"Genosafe\",\"description\":\"\",\"publisher\":{\"@id\":\"https:\\\/\\\/genosafe.com\\\/fr\\\/#organization\"},\"potentialAction\":[{\"@type\":\"SearchAction\",\"target\":{\"@type\":\"EntryPoint\",\"urlTemplate\":\"https:\\\/\\\/genosafe.com\\\/fr\\\/?s={search_term_string}\"},\"query-input\":{\"@type\":\"PropertyValueSpecification\",\"valueRequired\":true,\"valueName\":\"search_term_string\"}}],\"inLanguage\":\"fr-FR\"},{\"@type\":\"Organization\",\"@id\":\"https:\\\/\\\/genosafe.com\\\/fr\\\/#organization\",\"name\":\"Genosafe\",\"url\":\"https:\\\/\\\/genosafe.com\\\/fr\\\/\",\"logo\":{\"@type\":\"ImageObject\",\"inLanguage\":\"fr-FR\",\"@id\":\"https:\\\/\\\/genosafe.com\\\/fr\\\/#\\\/schema\\\/logo\\\/image\\\/\",\"url\":\"https:\\\/\\\/genosafe.com\\\/app\\\/uploads\\\/2025\\\/05\\\/logo-genosafe-plus-HD-rvb.svg\",\"contentUrl\":\"https:\\\/\\\/genosafe.com\\\/app\\\/uploads\\\/2025\\\/05\\\/logo-genosafe-plus-HD-rvb.svg\",\"width\":1,\"height\":1,\"caption\":\"Genosafe\"},\"image\":{\"@id\":\"https:\\\/\\\/genosafe.com\\\/fr\\\/#\\\/schema\\\/logo\\\/image\\\/\"},\"sameAs\":[\"https:\\\/\\\/www.linkedin.com\\\/company\\\/genosafe\\\/\"]}]}<\/script>\n<!-- \/ Yoast SEO plugin. -->","yoast_head_json":{"title":"Contactez-nous - Genosafe","robots":{"index":"index","follow":"follow","max-snippet":"max-snippet:-1","max-image-preview":"max-image-preview:large","max-video-preview":"max-video-preview:-1"},"canonical":"https:\/\/genosafe.com\/fr\/contactez-nous\/","og_locale":"fr_FR","og_type":"article","og_title":"Contactez-nous - Genosafe","og_description":"Contactez-nous Le formulaire ci-dessous vous permettra d&rsquo;entrer facilement en relation avec GenoSafe. Nous reviendrons rapidement vers vous une fois votre requ\u00eate et vos coordonn\u00e9es re\u00e7ues. Lorsque vous envoyez une demande via ce formulaire de contact, vous \u00eates invit\u00e9 \u00e0 fournir des donn\u00e9es \u00e0 caract\u00e8re personnel, et consentez \u00e0 leur traitement par la soci\u00e9t\u00e9 GenoSafe, responsable [&hellip;]","og_url":"https:\/\/genosafe.com\/fr\/contactez-nous\/","og_site_name":"Genosafe","article_modified_time":"2025-12-07T14:30:00+00:00","twitter_card":"summary_large_image","twitter_misc":{"Dur\u00e9e de lecture estim\u00e9e":"2 minutes"},"schema":{"@context":"https:\/\/schema.org","@graph":[{"@type":"WebPage","@id":"https:\/\/genosafe.com\/fr\/contactez-nous\/","url":"https:\/\/genosafe.com\/fr\/contactez-nous\/","name":"Contactez-nous - Genosafe","isPartOf":{"@id":"https:\/\/genosafe.com\/fr\/#website"},"datePublished":"2023-06-05T21:02:59+00:00","dateModified":"2025-12-07T14:30:00+00:00","breadcrumb":{"@id":"https:\/\/genosafe.com\/fr\/contactez-nous\/#breadcrumb"},"inLanguage":"fr-FR","potentialAction":[{"@type":"ReadAction","target":["https:\/\/genosafe.com\/fr\/contactez-nous\/"]}]},{"@type":"BreadcrumbList","@id":"https:\/\/genosafe.com\/fr\/contactez-nous\/#breadcrumb","itemListElement":[{"@type":"ListItem","position":1,"name":"Accueil","item":"https:\/\/genosafe.com\/fr\/"},{"@type":"ListItem","position":2,"name":"Contactez-nous"}]},{"@type":"WebSite","@id":"https:\/\/genosafe.com\/fr\/#website","url":"https:\/\/genosafe.com\/fr\/","name":"Genosafe","description":"","publisher":{"@id":"https:\/\/genosafe.com\/fr\/#organization"},"potentialAction":[{"@type":"SearchAction","target":{"@type":"EntryPoint","urlTemplate":"https:\/\/genosafe.com\/fr\/?s={search_term_string}"},"query-input":{"@type":"PropertyValueSpecification","valueRequired":true,"valueName":"search_term_string"}}],"inLanguage":"fr-FR"},{"@type":"Organization","@id":"https:\/\/genosafe.com\/fr\/#organization","name":"Genosafe","url":"https:\/\/genosafe.com\/fr\/","logo":{"@type":"ImageObject","inLanguage":"fr-FR","@id":"https:\/\/genosafe.com\/fr\/#\/schema\/logo\/image\/","url":"https:\/\/genosafe.com\/app\/uploads\/2025\/05\/logo-genosafe-plus-HD-rvb.svg","contentUrl":"https:\/\/genosafe.com\/app\/uploads\/2025\/05\/logo-genosafe-plus-HD-rvb.svg","width":1,"height":1,"caption":"Genosafe"},"image":{"@id":"https:\/\/genosafe.com\/fr\/#\/schema\/logo\/image\/"},"sameAs":["https:\/\/www.linkedin.com\/company\/genosafe\/"]}]}},"_links":{"self":[{"href":"https:\/\/genosafe.com\/fr\/wp-json\/wp\/v2\/pages\/1605","targetHints":{"allow":["GET"]}}],"collection":[{"href":"https:\/\/genosafe.com\/fr\/wp-json\/wp\/v2\/pages"}],"about":[{"href":"https:\/\/genosafe.com\/fr\/wp-json\/wp\/v2\/types\/page"}],"author":[{"embeddable":true,"href":"https:\/\/genosafe.com\/fr\/wp-json\/wp\/v2\/users\/1"}],"replies":[{"embeddable":true,"href":"https:\/\/genosafe.com\/fr\/wp-json\/wp\/v2\/comments?post=1605"}],"version-history":[{"count":10,"href":"https:\/\/genosafe.com\/fr\/wp-json\/wp\/v2\/pages\/1605\/revisions"}],"predecessor-version":[{"id":3285,"href":"https:\/\/genosafe.com\/fr\/wp-json\/wp\/v2\/pages\/1605\/revisions\/3285"}],"wp:attachment":[{"href":"https:\/\/genosafe.com\/fr\/wp-json\/wp\/v2\/media?parent=1605"}],"curies":[{"name":"wp","href":"https:\/\/api.w.org\/{rel}","templated":true}]}}