{"id":1603,"date":"2023-06-05T23:03:16","date_gmt":"2023-06-05T21:03:16","guid":{"rendered":"https:\/\/genosafe.com\/?page_id=1603"},"modified":"2026-04-21T15:31:23","modified_gmt":"2026-04-21T13:31:23","slug":"nous-rejoindre","status":"publish","type":"page","link":"https:\/\/genosafe.com\/fr\/nous-rejoindre\/","title":{"rendered":"Nous rejoindre"},"content":{"rendered":"<div id=\"cover-team\" class=\"cover cover-team wp-block-group eplus-wrapper has-global-padding is-layout-constrained wp-block-group-is-layout-constrained eplus-styles-uid-4b237b\">\n<div class=\"wp-block-group eplus-wrapper has-global-padding is-layout-constrained wp-block-group-is-layout-constrained\"><div class=\"wp-block-columns eplus-wrapper is-layout-flex wp-container-core-columns-is-layout-28f84493 wp-block-columns-is-layout-flex eplus-styles-uid-ed276e\"><div class=\"wp-block-column eplus-wrapper is-layout-flow wp-block-column-is-layout-flow eplus-styles-uid-650f00\">\n<h1 class=\" wp-block-heading eplus-wrapper\">Rejoindre l&rsquo;\u00e9quipe<\/h1>\n\n\n\n<p class=\" eplus-wrapper\">Envie de contribuer \u00e0 l&rsquo;\u00e9valuation de m\u00e9dicaments innovants au sein d&rsquo;une \u00e9quipe \u00e0 taille humaine, dynamique et engag\u00e9e ? D\u00e9couvrez nos derni\u00e8res offres d&#8217;emploi et postulez pour rejoindre GenoSafe et participer \u00e0 des projets scientifiques d&rsquo;excellence.<\/p>\n<\/div>\n\n\n<div class=\"wp-block-column eplus-wrapper is-layout-flow wp-block-column-is-layout-flow\"><\/div>\n<\/div><\/div>\n<\/div>\n\n\n<div id=\"jobs\" class=\"jobs wp-block-group eplus-wrapper has-global-padding is-content-justification-left is-layout-constrained wp-container-core-group-is-layout-12dd3699 wp-block-group-is-layout-constrained\">\n<div class=\"wp-block-group eplus-wrapper has-global-padding is-content-justification-left is-layout-constrained wp-container-core-group-is-layout-12dd3699 wp-block-group-is-layout-constrained\">\n<h2 class=\" wp-block-heading eplus-wrapper\">Nos offres<\/h2>\n\n\n<div class=\"wp-block-columns eplus-wrapper is-layout-flex wp-container-core-columns-is-layout-28f84493 wp-block-columns-is-layout-flex eplus-styles-uid-78bbe4\">\n<div class=\"wp-block-column eplus-wrapper is-layout-flow wp-block-column-is-layout-flow\"><h3 class=\" wp-block-heading eplus-wrapper eplus-styles-uid-55d6c6\">Un(e) <strong>technicien(ne) de maintenance pharmaceutique<\/strong> &#8211; CDI<\/h3><\/div>\n\n\n\n<div class=\"wp-block-column eplus-wrapper is-layout-flow wp-block-column-is-layout-flow\"><h3 class=\" wp-block-heading eplus-wrapper eplus-styles-uid-55d6c6\">Un(e) <strong>Charg\u00e9(e) d\u2019Affaires<\/strong> &#8211; CDI<\/h3><\/div>\n\n\n\n<div class=\"wp-block-column eplus-wrapper is-layout-flow wp-block-column-is-layout-flow\"><h3 class=\" wp-block-heading eplus-wrapper eplus-styles-uid-55d6c6\">Un(e) <strong>alternant(e) SSE <\/strong>&#8211; CDD<\/h3><\/div>\n<\/div><\/div>\n\n\n\n<div id=\"jobs\" class=\"jobs wp-block-group eplus-wrapper has-global-padding is-content-justification-left is-layout-constrained wp-container-core-group-is-layout-12dd3699 wp-block-group-is-layout-constrained\">\n<div class=\"wp-block-group eplus-wrapper has-global-padding is-content-justification-left is-layout-constrained wp-container-core-group-is-layout-12dd3699 wp-block-group-is-layout-constrained\"><div class=\"wp-block-columns eplus-wrapper is-layout-flex wp-container-core-columns-is-layout-28f84493 wp-block-columns-is-layout-flex eplus-styles-uid-2568dc\">\n<div class=\"wp-block-column eplus-wrapper is-layout-flow wp-block-column-is-layout-flow\">\n<div class=\"wp-block-buttons eplus-wrapper is-content-justification-right is-layout-flex wp-container-core-buttons-is-layout-56c9de21 wp-block-buttons-is-layout-flex\"><div class=\" wp-block-button eplus-wrapper eplus-styles-uid-cf0638\"><a class=\"wp-block-button__link wp-element-button\" href=\"https:\/\/genosafe.com\/fr\/nous-rejoindre\/une-technicienne-de-maintenance-pharmaceutique-cdi\/\">Postuler<\/a><\/div><\/div>\n<\/div>\n\n\n\n<div class=\"wp-block-column eplus-wrapper is-layout-flow wp-block-column-is-layout-flow\">\n<div class=\"wp-block-buttons eplus-wrapper is-content-justification-right is-layout-flex wp-container-core-buttons-is-layout-d445cf74 wp-block-buttons-is-layout-flex\"><div class=\" wp-block-button eplus-wrapper eplus-styles-uid-42d282\"><a class=\"wp-block-button__link wp-element-button\" href=\"https:\/\/genosafe.com\/fr\/nous-rejoindre\/une-chargee-daffaires-cdi\/\">Postuler<\/a><\/div><\/div>\n<\/div>\n\n\n\n<div class=\"wp-block-column eplus-wrapper is-layout-flow wp-block-column-is-layout-flow\">\n<div class=\"wp-block-buttons eplus-wrapper is-content-justification-right is-layout-flex wp-container-core-buttons-is-layout-d445cf74 wp-block-buttons-is-layout-flex\"><div class=\" wp-block-button eplus-wrapper eplus-styles-uid-07f991\"><a class=\"wp-block-button__link wp-element-button\" href=\"https:\/\/genosafe.com\/fr\/nous-rejoindre\/une-alternante-sse-cdd-2\/\">Postuler<\/a><\/div><\/div>\n<\/div>\n<\/div><\/div>\n<\/div>\n<\/div>\n\n\n\n<p class=\" eplus-wrapper\"><\/p>\n\n\n\n<p class=\" eplus-wrapper\"><\/p>\n","protected":false},"excerpt":{"rendered":"<p>Rejoindre l&rsquo;\u00e9quipe Envie de contribuer \u00e0 l&rsquo;\u00e9valuation de m\u00e9dicaments innovants au sein d&rsquo;une \u00e9quipe \u00e0 taille humaine, dynamique et engag\u00e9e ? D\u00e9couvrez nos derni\u00e8res offres d&#8217;emploi et postulez pour rejoindre GenoSafe et participer \u00e0 des projets scientifiques d&rsquo;excellence. Nos offres Un(e) technicien(ne) de maintenance pharmaceutique &#8211; CDI Un(e) Charg\u00e9(e) d\u2019Affaires &#8211; CDI Un(e) alternant(e) SSE [&hellip;]<\/p>\n","protected":false},"author":1,"featured_media":0,"parent":0,"menu_order":7,"comment_status":"closed","ping_status":"closed","template":"","meta":{"_acf_changed":false,"editor_plus_copied_stylings":"{}","footnotes":""},"class_list":["post-1603","page","type-page","status-publish","hentry"],"acf":[],"yoast_head":"<!-- This site is optimized with the Yoast SEO plugin v27.4 - https:\/\/yoast.com\/product\/yoast-seo-wordpress\/ -->\n<title>GenoSafe | Postuler \u2013 Rejoignez notre \u00e9quipe<\/title>\n<meta name=\"description\" content=\"D\u00e9couvrez les offres d&#039;emploi chez GenoSafe et rejoignez une \u00e9quipe experte. Postulez d\u00e8s maintenant et boostez votre carri\u00e8re !\" \/>\n<meta name=\"robots\" content=\"index, follow, max-snippet:-1, max-image-preview:large, max-video-preview:-1\" \/>\n<link rel=\"canonical\" href=\"https:\/\/genosafe.com\/fr\/nous-rejoindre\/\" \/>\n<meta property=\"og:locale\" content=\"fr_FR\" \/>\n<meta property=\"og:type\" content=\"article\" \/>\n<meta property=\"og:title\" content=\"GenoSafe | Postuler \u2013 Rejoignez notre \u00e9quipe\" \/>\n<meta property=\"og:description\" content=\"D\u00e9couvrez les offres d&#039;emploi chez GenoSafe et rejoignez une \u00e9quipe experte. Postulez d\u00e8s maintenant et boostez votre carri\u00e8re !\" \/>\n<meta property=\"og:url\" content=\"https:\/\/genosafe.com\/fr\/nous-rejoindre\/\" \/>\n<meta property=\"og:site_name\" content=\"Genosafe\" \/>\n<meta property=\"article:modified_time\" content=\"2026-04-21T13:31:23+00:00\" \/>\n<meta name=\"twitter:card\" content=\"summary_large_image\" \/>\n<meta name=\"twitter:label1\" content=\"Dur\u00e9e de lecture estim\u00e9e\" \/>\n\t<meta name=\"twitter:data1\" content=\"1 minute\" \/>\n<script type=\"application\/ld+json\" class=\"yoast-schema-graph\">{\"@context\":\"https:\\\/\\\/schema.org\",\"@graph\":[{\"@type\":\"WebPage\",\"@id\":\"https:\\\/\\\/genosafe.com\\\/fr\\\/nous-rejoindre\\\/\",\"url\":\"https:\\\/\\\/genosafe.com\\\/fr\\\/nous-rejoindre\\\/\",\"name\":\"GenoSafe | Postuler \u2013 Rejoignez notre \u00e9quipe\",\"isPartOf\":{\"@id\":\"https:\\\/\\\/genosafe.com\\\/fr\\\/#website\"},\"datePublished\":\"2023-06-05T21:03:16+00:00\",\"dateModified\":\"2026-04-21T13:31:23+00:00\",\"description\":\"D\u00e9couvrez les offres d'emploi chez GenoSafe et rejoignez une \u00e9quipe experte. Postulez d\u00e8s maintenant et boostez votre carri\u00e8re !\",\"breadcrumb\":{\"@id\":\"https:\\\/\\\/genosafe.com\\\/fr\\\/nous-rejoindre\\\/#breadcrumb\"},\"inLanguage\":\"fr-FR\",\"potentialAction\":[{\"@type\":\"ReadAction\",\"target\":[\"https:\\\/\\\/genosafe.com\\\/fr\\\/nous-rejoindre\\\/\"]}]},{\"@type\":\"BreadcrumbList\",\"@id\":\"https:\\\/\\\/genosafe.com\\\/fr\\\/nous-rejoindre\\\/#breadcrumb\",\"itemListElement\":[{\"@type\":\"ListItem\",\"position\":1,\"name\":\"Accueil\",\"item\":\"https:\\\/\\\/genosafe.com\\\/fr\\\/\"},{\"@type\":\"ListItem\",\"position\":2,\"name\":\"Nous rejoindre\"}]},{\"@type\":\"WebSite\",\"@id\":\"https:\\\/\\\/genosafe.com\\\/fr\\\/#website\",\"url\":\"https:\\\/\\\/genosafe.com\\\/fr\\\/\",\"name\":\"Genosafe\",\"description\":\"\",\"publisher\":{\"@id\":\"https:\\\/\\\/genosafe.com\\\/fr\\\/#organization\"},\"potentialAction\":[{\"@type\":\"SearchAction\",\"target\":{\"@type\":\"EntryPoint\",\"urlTemplate\":\"https:\\\/\\\/genosafe.com\\\/fr\\\/?s={search_term_string}\"},\"query-input\":{\"@type\":\"PropertyValueSpecification\",\"valueRequired\":true,\"valueName\":\"search_term_string\"}}],\"inLanguage\":\"fr-FR\"},{\"@type\":\"Organization\",\"@id\":\"https:\\\/\\\/genosafe.com\\\/fr\\\/#organization\",\"name\":\"Genosafe\",\"url\":\"https:\\\/\\\/genosafe.com\\\/fr\\\/\",\"logo\":{\"@type\":\"ImageObject\",\"inLanguage\":\"fr-FR\",\"@id\":\"https:\\\/\\\/genosafe.com\\\/fr\\\/#\\\/schema\\\/logo\\\/image\\\/\",\"url\":\"https:\\\/\\\/genosafe.com\\\/app\\\/uploads\\\/2025\\\/05\\\/logo-genosafe-plus-HD-rvb.svg\",\"contentUrl\":\"https:\\\/\\\/genosafe.com\\\/app\\\/uploads\\\/2025\\\/05\\\/logo-genosafe-plus-HD-rvb.svg\",\"width\":1,\"height\":1,\"caption\":\"Genosafe\"},\"image\":{\"@id\":\"https:\\\/\\\/genosafe.com\\\/fr\\\/#\\\/schema\\\/logo\\\/image\\\/\"},\"sameAs\":[\"https:\\\/\\\/www.linkedin.com\\\/company\\\/genosafe\\\/\"]}]}<\/script>\n<!-- \/ Yoast SEO plugin. -->","yoast_head_json":{"title":"GenoSafe | Postuler \u2013 Rejoignez notre \u00e9quipe","description":"D\u00e9couvrez les offres d'emploi chez GenoSafe et rejoignez une \u00e9quipe experte. Postulez d\u00e8s maintenant et boostez votre carri\u00e8re !","robots":{"index":"index","follow":"follow","max-snippet":"max-snippet:-1","max-image-preview":"max-image-preview:large","max-video-preview":"max-video-preview:-1"},"canonical":"https:\/\/genosafe.com\/fr\/nous-rejoindre\/","og_locale":"fr_FR","og_type":"article","og_title":"GenoSafe | Postuler \u2013 Rejoignez notre \u00e9quipe","og_description":"D\u00e9couvrez les offres d'emploi chez GenoSafe et rejoignez une \u00e9quipe experte. Postulez d\u00e8s maintenant et boostez votre carri\u00e8re !","og_url":"https:\/\/genosafe.com\/fr\/nous-rejoindre\/","og_site_name":"Genosafe","article_modified_time":"2026-04-21T13:31:23+00:00","twitter_card":"summary_large_image","twitter_misc":{"Dur\u00e9e de lecture estim\u00e9e":"1 minute"},"schema":{"@context":"https:\/\/schema.org","@graph":[{"@type":"WebPage","@id":"https:\/\/genosafe.com\/fr\/nous-rejoindre\/","url":"https:\/\/genosafe.com\/fr\/nous-rejoindre\/","name":"GenoSafe | Postuler \u2013 Rejoignez notre \u00e9quipe","isPartOf":{"@id":"https:\/\/genosafe.com\/fr\/#website"},"datePublished":"2023-06-05T21:03:16+00:00","dateModified":"2026-04-21T13:31:23+00:00","description":"D\u00e9couvrez les offres d'emploi chez GenoSafe et rejoignez une \u00e9quipe experte. Postulez d\u00e8s maintenant et boostez votre carri\u00e8re !","breadcrumb":{"@id":"https:\/\/genosafe.com\/fr\/nous-rejoindre\/#breadcrumb"},"inLanguage":"fr-FR","potentialAction":[{"@type":"ReadAction","target":["https:\/\/genosafe.com\/fr\/nous-rejoindre\/"]}]},{"@type":"BreadcrumbList","@id":"https:\/\/genosafe.com\/fr\/nous-rejoindre\/#breadcrumb","itemListElement":[{"@type":"ListItem","position":1,"name":"Accueil","item":"https:\/\/genosafe.com\/fr\/"},{"@type":"ListItem","position":2,"name":"Nous rejoindre"}]},{"@type":"WebSite","@id":"https:\/\/genosafe.com\/fr\/#website","url":"https:\/\/genosafe.com\/fr\/","name":"Genosafe","description":"","publisher":{"@id":"https:\/\/genosafe.com\/fr\/#organization"},"potentialAction":[{"@type":"SearchAction","target":{"@type":"EntryPoint","urlTemplate":"https:\/\/genosafe.com\/fr\/?s={search_term_string}"},"query-input":{"@type":"PropertyValueSpecification","valueRequired":true,"valueName":"search_term_string"}}],"inLanguage":"fr-FR"},{"@type":"Organization","@id":"https:\/\/genosafe.com\/fr\/#organization","name":"Genosafe","url":"https:\/\/genosafe.com\/fr\/","logo":{"@type":"ImageObject","inLanguage":"fr-FR","@id":"https:\/\/genosafe.com\/fr\/#\/schema\/logo\/image\/","url":"https:\/\/genosafe.com\/app\/uploads\/2025\/05\/logo-genosafe-plus-HD-rvb.svg","contentUrl":"https:\/\/genosafe.com\/app\/uploads\/2025\/05\/logo-genosafe-plus-HD-rvb.svg","width":1,"height":1,"caption":"Genosafe"},"image":{"@id":"https:\/\/genosafe.com\/fr\/#\/schema\/logo\/image\/"},"sameAs":["https:\/\/www.linkedin.com\/company\/genosafe\/"]}]}},"_links":{"self":[{"href":"https:\/\/genosafe.com\/fr\/wp-json\/wp\/v2\/pages\/1603","targetHints":{"allow":["GET"]}}],"collection":[{"href":"https:\/\/genosafe.com\/fr\/wp-json\/wp\/v2\/pages"}],"about":[{"href":"https:\/\/genosafe.com\/fr\/wp-json\/wp\/v2\/types\/page"}],"author":[{"embeddable":true,"href":"https:\/\/genosafe.com\/fr\/wp-json\/wp\/v2\/users\/1"}],"replies":[{"embeddable":true,"href":"https:\/\/genosafe.com\/fr\/wp-json\/wp\/v2\/comments?post=1603"}],"version-history":[{"count":37,"href":"https:\/\/genosafe.com\/fr\/wp-json\/wp\/v2\/pages\/1603\/revisions"}],"predecessor-version":[{"id":3741,"href":"https:\/\/genosafe.com\/fr\/wp-json\/wp\/v2\/pages\/1603\/revisions\/3741"}],"wp:attachment":[{"href":"https:\/\/genosafe.com\/fr\/wp-json\/wp\/v2\/media?parent=1603"}],"curies":[{"name":"wp","href":"https:\/\/api.w.org\/{rel}","templated":true}]}}