{"id":1567,"date":"2023-07-03T09:45:47","date_gmt":"2023-07-03T07:45:47","guid":{"rendered":"https:\/\/genosafe.com\/legal-notice\/"},"modified":"2024-06-14T09:45:45","modified_gmt":"2024-06-14T07:45:45","slug":"mentions-legales","status":"publish","type":"page","link":"https:\/\/genosafe.com\/fr\/mentions-legales\/","title":{"rendered":"Mentions l\u00e9gales"},"content":{"rendered":"<div id=\"cover\" class=\"cover wp-block-group eplus-wrapper has-global-padding is-layout-constrained wp-block-group-is-layout-constrained eplus-styles-uid-c3e19d\">\n<div class=\"wp-block-group eplus-wrapper has-global-padding is-layout-constrained wp-block-group-is-layout-constrained\"><div class=\"wp-block-columns eplus-wrapper is-layout-flex wp-container-core-columns-is-layout-28f84493 wp-block-columns-is-layout-flex eplus-styles-uid-6ab57d\"><div class=\"wp-block-column eplus-wrapper is-layout-flow wp-block-column-is-layout-flow eplus-styles-uid-9462ad\">\n<h2 class=\" wp-block-heading eplus-wrapper\">Mentions l\u00e9gales<\/h2>\n<\/div>\n\n\n<div class=\"wp-block-column eplus-wrapper is-layout-flow wp-block-column-is-layout-flow\"><\/div>\n<\/div><\/div>\n<\/div>\n\n\n<div class=\"wp-block-group eplus-wrapper has-global-padding is-layout-constrained wp-block-group-is-layout-constrained\">\n<div class=\"wp-block-group eplus-wrapper has-global-padding is-layout-constrained wp-block-group-is-layout-constrained\">\n<h2 class=\" wp-block-heading eplus-wrapper\">\u00c9diteur<\/h2>\n\n\n\n<p class=\" eplus-wrapper\">Le site internet genosafe.com (ci-apr\u00e8s le \u00ab <strong>Site<\/strong> \u00bb) est la propri\u00e9t\u00e9 de la soci\u00e9t\u00e9 GenoSafe, soci\u00e9t\u00e9 par actions simplifi\u00e9e au capital de 650.000 euros, immatricul\u00e9e au Registre du Commerce et des Soci\u00e9t\u00e9s d\u2019Evry sous le n\u00b0449 932 474 et dont le si\u00e8ge social est situ\u00e9 1 bis, rue de l\u2019Internationale \u2013 91000 Evry, France.<\/p>\n\n\n\n<p class=\" eplus-wrapper\"><strong>Directeur de publication :<\/strong> Serge Braun, en sa qualit\u00e9 de Pr\u00e9sident de GenoSafe<\/p>\n\n\n\n<p class=\" eplus-wrapper\"><strong>R\u00e9alisation web et h\u00e9bergement :<\/strong><\/p>\n\n\n<ul class=\"eplus-wrapper wp-block-list eplus-styles-uid-f6b733\">\n<li class=\" eplus-wrapper\">Conception graphique : Kazoar<\/li>\n\n\n\n<li class=\" eplus-wrapper\">R\u00e9alisation technique : Bookmark<\/li>\n\n\n\n<li class=\" eplus-wrapper\">Syst\u00e8me de gestion de contenu : WordPress <a href=\"http:\/\/www.wordpress-fr.net\/\" target=\"_blank\" rel=\"noreferrer noopener\">http:\/\/www.wordpress-fr.net\/<\/a><\/li>\n\n\n\n<li class=\" eplus-wrapper\">H\u00e9bergement : Bookmark <a href=\"http:\/\/www.bookmark.fr\/intranet\/default\/EN\/all\/www\/index.htm\" target=\"_blank\" rel=\"noreferrer noopener\">www.bookmark.fr<\/a><\/li>\n<\/ul>\n\n\n<p class=\" eplus-wrapper\"><strong>Cr\u00e9dits photos :<\/strong><\/p>\n\n\n\n<p class=\" eplus-wrapper\">Christophe Hargoues<br>AFM\/Laurent Audinet, Luc Morvan<\/p>\n\n\n\n<h2 class=\" wp-block-heading eplus-wrapper\">Responsabilit\u00e9<\/h2>\n\n\n\n<p class=\" eplus-wrapper\">GenoSafe d\u00e9cline toute responsabilit\u00e9 quant \u00e0 l\u2019usage qui peut \u00eatre fait des informations qui sont diffus\u00e9es sur son Site. Le contenu du Site peut comporter des inexactitudes techniques, erreurs typographiques ou omissions.<\/p>\n\n\n\n<p class=\" eplus-wrapper\">GenoSafe ne peut, en aucun cas, \u00eatre tenue responsable des dommages pouvant en r\u00e9sulter et de l\u2019utilisation et de l\u2019interpr\u00e9tation des informations disponibles sur le Site. De mani\u00e8re g\u00e9n\u00e9rale, GenoSafe d\u00e9cline toute responsabilit\u00e9 r\u00e9sultant d\u2019un \u00e9ventuel dommage survenant, notamment, en raison de la consultation du Site.<\/p>\n\n\n\n<p class=\" eplus-wrapper\">Si une information du Site vous semble inexacte ou susceptible d\u2019\u00eatre mal interpr\u00e9t\u00e9e, veuillez nous contacter par e-mail \u00e0 dpocontacts@genosafe.com.<\/p>\n\n\n\n<h2 class=\" wp-block-heading eplus-wrapper\">Droit d\u2019auteur<\/h2>\n\n\n\n<p class=\" eplus-wrapper\">Le Site constitue une \u0153uvre prot\u00e9g\u00e9e par la l\u00e9gislation en vigueur, et notamment les articles L. 122-1 et suivants du Code de la propri\u00e9t\u00e9 intellectuelle, exploit\u00e9e par la soci\u00e9t\u00e9 GenoSafe. Les textes, photographies, images anim\u00e9es ou non, savoir-faire, dessins, graphismes et tout autre \u00e9l\u00e9ment composant le Site sont la propri\u00e9t\u00e9 de GenoSafe ou de tiers ayant autoris\u00e9 GenoSafe \u00e0 les utiliser.<\/p>\n\n\n\n<p class=\" eplus-wrapper\">Toute reproduction int\u00e9grale ou partielle du Site est interdite, sauf accord pr\u00e9alable expr\u00e8s et \u00e9crit du Directeur de la publication.<\/p>\n\n\n\n<p class=\" eplus-wrapper\">Toute utilisation contraire de tout ou partie du Site ou de l\u2019un quelconque de ses \u00e9l\u00e9ments constituerait une contrefa\u00e7on telle que d\u00e9finie aux articles L. 335- 2 et suivants du Code de la propri\u00e9t\u00e9 intellectuelle, et est susceptible d\u2019entra\u00eener des poursuites civiles et\/ou p\u00e9nales.<\/p>\n\n\n\n<p class=\" eplus-wrapper\">GenoSafe se r\u00e9serve le droit de refuser l\u2019utilisation de sa marque ou de son logo par un tiers, sans son accord pr\u00e9alable expr\u00e8s.<\/p>\n\n\n\n<p class=\" eplus-wrapper\">Toute reproduction autoris\u00e9e par GenoSafe (dans un but personnel, associatif ou professionnel) implique l\u2019indication de la source (GenoSafe) et un lien vers le Site.<\/p>\n\n\n\n<h2 class=\" wp-block-heading eplus-wrapper\">Liens internet<\/h2>\n\n\n\n<p class=\" eplus-wrapper\">Les liens vers d\u2019autres sites internet ne sont propos\u00e9s qu\u2019\u00e0 titre informatif. Leur contenu et leur accessibilit\u00e9 ne sont pas garantis par GenoSafe.<\/p>\n\n\n\n<p class=\" eplus-wrapper\">GenoSafe d\u00e9gage toute responsabilit\u00e9 concernant les liens cr\u00e9\u00e9s par d\u2019autres sites internet vers son propre Site. Cela n\u2019implique en aucune fa\u00e7on qu\u2019elle cautionne ces sites ou qu\u2019elle approuve leur contenu.<\/p>\n\n\n\n<p class=\" eplus-wrapper\">GenoSafe se r\u00e9serve le droit de demander la suppression d\u2019un lien sur des sites diffusant notamment des contenus contraires \u00e0 l\u2019ordre public ; ou qui pourraient porter atteinte \u00e0 sa r\u00e9putation, son image ou celle de ses collaborateurs. La cr\u00e9ation d\u2019un lien doit ouvrir une nouvelle fen\u00eatre et ne pas \u00eatre imbriqu\u00e9e \u00e0 l\u2019int\u00e9rieur d\u2019une autre page (<em>frame<\/em>).<\/p>\n\n\n\n<h2 class=\" wp-block-heading eplus-wrapper\">Donn\u00e9es \u00e0 caract\u00e8re personnel<\/h2>\n\n\n\n<p class=\" eplus-wrapper\">GenoSafe est le responsable du traitement des donn\u00e9es personnelles r\u00e9alis\u00e9 via le Site et, en cette qualit\u00e9, s\u2019engage \u00e0 respecter la loi n\u00b078-17 du 6 janvier 1978 (dite loi \u00ab Informatique et Libert\u00e9s \u00bb) modifi\u00e9e et le R\u00e8glement g\u00e9n\u00e9ral sur la protection des donn\u00e9es (dit \u00ab RGPD \u00bb).<\/p>\n\n\n\n<p class=\" eplus-wrapper\">Les donn\u00e9es personnelles communiqu\u00e9es par l\u2019utilisateur du Site \u00e0 GenoSafe (et notamment son adresse IP) font l\u2019objet d\u2019un traitement informatique et sont conserv\u00e9es et utilis\u00e9es par GenoSafe pour : permettre l\u2019acc\u00e8s au Site et son utilisation ; conna\u00eetre son parcours sur le Site et ses pr\u00e9f\u00e9rences ; am\u00e9liorer les diff\u00e9rents services propos\u00e9s sur le Site et fournir des informations pertinentes et \u00e0 jour ; proc\u00e9der \u00e0 des statistiques sur la base d\u2019informations ou de donn\u00e9es non nominatives et utiliser ces statistiques pour am\u00e9liorer le Site et ses services ; prendre contact avec GenoSafe ou envoyer un CV ou une candidature spontan\u00e9e.<\/p>\n\n\n\n<p class=\" eplus-wrapper\">Les donn\u00e9es de l\u2019utilisateur pourront \u00eatre communiqu\u00e9es \u00e0 des tiers partenaires ou \u00e0 des sous-traitants de GenoSafe situ\u00e9s en France pour assurer l\u2019acc\u00e8s et l\u2019utilisation du Site, de ses fonctionnalit\u00e9s et services.<\/p>\n<\/div>\n<\/div>\n","protected":false},"excerpt":{"rendered":"<p>Mentions l\u00e9gales \u00c9diteur Le site internet genosafe.com (ci-apr\u00e8s le \u00ab Site \u00bb) est la propri\u00e9t\u00e9 de la soci\u00e9t\u00e9 GenoSafe, soci\u00e9t\u00e9 par actions simplifi\u00e9e au capital de 650.000 euros, immatricul\u00e9e au Registre du Commerce et des Soci\u00e9t\u00e9s d\u2019Evry sous le n\u00b0449 932 474 et dont le si\u00e8ge social est situ\u00e9 1 bis, rue de l\u2019Internationale \u2013 [&hellip;]<\/p>\n","protected":false},"author":1,"featured_media":0,"parent":0,"menu_order":9,"comment_status":"closed","ping_status":"closed","template":"","meta":{"_acf_changed":false,"editor_plus_copied_stylings":"{}","footnotes":""},"class_list":["post-1567","page","type-page","status-publish","hentry"],"acf":[],"yoast_head":"<!-- This site is optimized with the Yoast SEO plugin v27.4 - https:\/\/yoast.com\/product\/yoast-seo-wordpress\/ -->\n<title>Mentions l\u00e9gales - Genosafe<\/title>\n<meta name=\"robots\" content=\"index, follow, max-snippet:-1, max-image-preview:large, max-video-preview:-1\" \/>\n<link rel=\"canonical\" href=\"https:\/\/genosafe.com\/fr\/mentions-legales\/\" \/>\n<meta property=\"og:locale\" content=\"fr_FR\" \/>\n<meta property=\"og:type\" content=\"article\" \/>\n<meta property=\"og:title\" content=\"Mentions l\u00e9gales - Genosafe\" \/>\n<meta property=\"og:description\" content=\"Mentions l\u00e9gales \u00c9diteur Le site internet genosafe.com (ci-apr\u00e8s le \u00ab Site \u00bb) est la propri\u00e9t\u00e9 de la soci\u00e9t\u00e9 GenoSafe, soci\u00e9t\u00e9 par actions simplifi\u00e9e au capital de 650.000 euros, immatricul\u00e9e au Registre du Commerce et des Soci\u00e9t\u00e9s d\u2019Evry sous le n\u00b0449 932 474 et dont le si\u00e8ge social est situ\u00e9 1 bis, rue de l\u2019Internationale \u2013 [&hellip;]\" \/>\n<meta property=\"og:url\" content=\"https:\/\/genosafe.com\/fr\/mentions-legales\/\" \/>\n<meta property=\"og:site_name\" content=\"Genosafe\" \/>\n<meta property=\"article:modified_time\" content=\"2024-06-14T07:45:45+00:00\" \/>\n<meta name=\"twitter:card\" content=\"summary_large_image\" \/>\n<meta name=\"twitter:label1\" content=\"Dur\u00e9e de lecture estim\u00e9e\" \/>\n\t<meta name=\"twitter:data1\" content=\"3 minutes\" \/>\n<script type=\"application\/ld+json\" class=\"yoast-schema-graph\">{\"@context\":\"https:\\\/\\\/schema.org\",\"@graph\":[{\"@type\":\"WebPage\",\"@id\":\"https:\\\/\\\/genosafe.com\\\/fr\\\/mentions-legales\\\/\",\"url\":\"https:\\\/\\\/genosafe.com\\\/fr\\\/mentions-legales\\\/\",\"name\":\"Mentions l\u00e9gales - Genosafe\",\"isPartOf\":{\"@id\":\"https:\\\/\\\/genosafe.com\\\/fr\\\/#website\"},\"datePublished\":\"2023-07-03T07:45:47+00:00\",\"dateModified\":\"2024-06-14T07:45:45+00:00\",\"breadcrumb\":{\"@id\":\"https:\\\/\\\/genosafe.com\\\/fr\\\/mentions-legales\\\/#breadcrumb\"},\"inLanguage\":\"fr-FR\",\"potentialAction\":[{\"@type\":\"ReadAction\",\"target\":[\"https:\\\/\\\/genosafe.com\\\/fr\\\/mentions-legales\\\/\"]}]},{\"@type\":\"BreadcrumbList\",\"@id\":\"https:\\\/\\\/genosafe.com\\\/fr\\\/mentions-legales\\\/#breadcrumb\",\"itemListElement\":[{\"@type\":\"ListItem\",\"position\":1,\"name\":\"Accueil\",\"item\":\"https:\\\/\\\/genosafe.com\\\/fr\\\/\"},{\"@type\":\"ListItem\",\"position\":2,\"name\":\"Mentions l\u00e9gales\"}]},{\"@type\":\"WebSite\",\"@id\":\"https:\\\/\\\/genosafe.com\\\/fr\\\/#website\",\"url\":\"https:\\\/\\\/genosafe.com\\\/fr\\\/\",\"name\":\"Genosafe\",\"description\":\"\",\"publisher\":{\"@id\":\"https:\\\/\\\/genosafe.com\\\/fr\\\/#organization\"},\"potentialAction\":[{\"@type\":\"SearchAction\",\"target\":{\"@type\":\"EntryPoint\",\"urlTemplate\":\"https:\\\/\\\/genosafe.com\\\/fr\\\/?s={search_term_string}\"},\"query-input\":{\"@type\":\"PropertyValueSpecification\",\"valueRequired\":true,\"valueName\":\"search_term_string\"}}],\"inLanguage\":\"fr-FR\"},{\"@type\":\"Organization\",\"@id\":\"https:\\\/\\\/genosafe.com\\\/fr\\\/#organization\",\"name\":\"Genosafe\",\"url\":\"https:\\\/\\\/genosafe.com\\\/fr\\\/\",\"logo\":{\"@type\":\"ImageObject\",\"inLanguage\":\"fr-FR\",\"@id\":\"https:\\\/\\\/genosafe.com\\\/fr\\\/#\\\/schema\\\/logo\\\/image\\\/\",\"url\":\"https:\\\/\\\/genosafe.com\\\/app\\\/uploads\\\/2025\\\/05\\\/logo-genosafe-plus-HD-rvb.svg\",\"contentUrl\":\"https:\\\/\\\/genosafe.com\\\/app\\\/uploads\\\/2025\\\/05\\\/logo-genosafe-plus-HD-rvb.svg\",\"width\":1,\"height\":1,\"caption\":\"Genosafe\"},\"image\":{\"@id\":\"https:\\\/\\\/genosafe.com\\\/fr\\\/#\\\/schema\\\/logo\\\/image\\\/\"},\"sameAs\":[\"https:\\\/\\\/www.linkedin.com\\\/company\\\/genosafe\\\/\"]}]}<\/script>\n<!-- \/ Yoast SEO plugin. -->","yoast_head_json":{"title":"Mentions l\u00e9gales - Genosafe","robots":{"index":"index","follow":"follow","max-snippet":"max-snippet:-1","max-image-preview":"max-image-preview:large","max-video-preview":"max-video-preview:-1"},"canonical":"https:\/\/genosafe.com\/fr\/mentions-legales\/","og_locale":"fr_FR","og_type":"article","og_title":"Mentions l\u00e9gales - Genosafe","og_description":"Mentions l\u00e9gales \u00c9diteur Le site internet genosafe.com (ci-apr\u00e8s le \u00ab Site \u00bb) est la propri\u00e9t\u00e9 de la soci\u00e9t\u00e9 GenoSafe, soci\u00e9t\u00e9 par actions simplifi\u00e9e au capital de 650.000 euros, immatricul\u00e9e au Registre du Commerce et des Soci\u00e9t\u00e9s d\u2019Evry sous le n\u00b0449 932 474 et dont le si\u00e8ge social est situ\u00e9 1 bis, rue de l\u2019Internationale \u2013 [&hellip;]","og_url":"https:\/\/genosafe.com\/fr\/mentions-legales\/","og_site_name":"Genosafe","article_modified_time":"2024-06-14T07:45:45+00:00","twitter_card":"summary_large_image","twitter_misc":{"Dur\u00e9e de lecture estim\u00e9e":"3 minutes"},"schema":{"@context":"https:\/\/schema.org","@graph":[{"@type":"WebPage","@id":"https:\/\/genosafe.com\/fr\/mentions-legales\/","url":"https:\/\/genosafe.com\/fr\/mentions-legales\/","name":"Mentions l\u00e9gales - Genosafe","isPartOf":{"@id":"https:\/\/genosafe.com\/fr\/#website"},"datePublished":"2023-07-03T07:45:47+00:00","dateModified":"2024-06-14T07:45:45+00:00","breadcrumb":{"@id":"https:\/\/genosafe.com\/fr\/mentions-legales\/#breadcrumb"},"inLanguage":"fr-FR","potentialAction":[{"@type":"ReadAction","target":["https:\/\/genosafe.com\/fr\/mentions-legales\/"]}]},{"@type":"BreadcrumbList","@id":"https:\/\/genosafe.com\/fr\/mentions-legales\/#breadcrumb","itemListElement":[{"@type":"ListItem","position":1,"name":"Accueil","item":"https:\/\/genosafe.com\/fr\/"},{"@type":"ListItem","position":2,"name":"Mentions l\u00e9gales"}]},{"@type":"WebSite","@id":"https:\/\/genosafe.com\/fr\/#website","url":"https:\/\/genosafe.com\/fr\/","name":"Genosafe","description":"","publisher":{"@id":"https:\/\/genosafe.com\/fr\/#organization"},"potentialAction":[{"@type":"SearchAction","target":{"@type":"EntryPoint","urlTemplate":"https:\/\/genosafe.com\/fr\/?s={search_term_string}"},"query-input":{"@type":"PropertyValueSpecification","valueRequired":true,"valueName":"search_term_string"}}],"inLanguage":"fr-FR"},{"@type":"Organization","@id":"https:\/\/genosafe.com\/fr\/#organization","name":"Genosafe","url":"https:\/\/genosafe.com\/fr\/","logo":{"@type":"ImageObject","inLanguage":"fr-FR","@id":"https:\/\/genosafe.com\/fr\/#\/schema\/logo\/image\/","url":"https:\/\/genosafe.com\/app\/uploads\/2025\/05\/logo-genosafe-plus-HD-rvb.svg","contentUrl":"https:\/\/genosafe.com\/app\/uploads\/2025\/05\/logo-genosafe-plus-HD-rvb.svg","width":1,"height":1,"caption":"Genosafe"},"image":{"@id":"https:\/\/genosafe.com\/fr\/#\/schema\/logo\/image\/"},"sameAs":["https:\/\/www.linkedin.com\/company\/genosafe\/"]}]}},"_links":{"self":[{"href":"https:\/\/genosafe.com\/fr\/wp-json\/wp\/v2\/pages\/1567","targetHints":{"allow":["GET"]}}],"collection":[{"href":"https:\/\/genosafe.com\/fr\/wp-json\/wp\/v2\/pages"}],"about":[{"href":"https:\/\/genosafe.com\/fr\/wp-json\/wp\/v2\/types\/page"}],"author":[{"embeddable":true,"href":"https:\/\/genosafe.com\/fr\/wp-json\/wp\/v2\/users\/1"}],"replies":[{"embeddable":true,"href":"https:\/\/genosafe.com\/fr\/wp-json\/wp\/v2\/comments?post=1567"}],"version-history":[{"count":4,"href":"https:\/\/genosafe.com\/fr\/wp-json\/wp\/v2\/pages\/1567\/revisions"}],"predecessor-version":[{"id":3286,"href":"https:\/\/genosafe.com\/fr\/wp-json\/wp\/v2\/pages\/1567\/revisions\/3286"}],"wp:attachment":[{"href":"https:\/\/genosafe.com\/fr\/wp-json\/wp\/v2\/media?parent=1567"}],"curies":[{"name":"wp","href":"https:\/\/api.w.org\/{rel}","templated":true}]}}