{"id":1561,"date":"2023-06-05T23:02:07","date_gmt":"2023-06-05T21:02:07","guid":{"rendered":"https:\/\/genosafe.com\/our-quality-system\/"},"modified":"2026-01-23T12:12:26","modified_gmt":"2026-01-23T11:12:26","slug":"notre-systeme-qualite","status":"publish","type":"page","link":"https:\/\/genosafe.com\/fr\/notre-systeme-qualite\/","title":{"rendered":"Notre syst\u00e8me qualit\u00e9"},"content":{"rendered":"<div id=\"cover\" class=\"cover wp-block-group eplus-wrapper has-global-padding is-layout-constrained wp-block-group-is-layout-constrained eplus-styles-uid-f7d7fa\">\n<div class=\"wp-block-group eplus-wrapper has-global-padding is-layout-constrained wp-block-group-is-layout-constrained\"><div class=\"wp-block-columns eplus-wrapper is-layout-flex wp-container-core-columns-is-layout-28f84493 wp-block-columns-is-layout-flex eplus-styles-uid-a5cc23\"><div class=\"wp-block-column eplus-wrapper is-layout-flow wp-block-column-is-layout-flow eplus-styles-uid-650f00\">\n<h1 class=\" wp-block-heading eplus-wrapper\">Notre syst\u00e8me qualit\u00e9<\/h1>\n\n\n\n<p class=\" eplus-wrapper\">Notre syst\u00e8me qualit\u00e9, en constante \u00e9volution, a \u00e9t\u00e9 con\u00e7u pour s\u2019adapter aux diverses r\u00e9glementations, normes et r\u00e9f\u00e9rentiels (dont les BPx) s\u2019appliquant aux M\u00e9dicaments de Th\u00e9rapie Innovante (MTI). Il garantit le respect de la r\u00e9glementation sur l&rsquo;ensemble du p\u00e9rim\u00e8tre d&rsquo;activit\u00e9s de GenoSafe.<\/p>\n<\/div>\n\n\n<div class=\"wp-block-column eplus-wrapper is-layout-flow wp-block-column-is-layout-flow\"><\/div>\n<\/div><\/div>\n<\/div>\n\n\n<div class=\"timeline wp-block-group alignwide eplus-wrapper has-global-padding is-layout-constrained wp-block-group-is-layout-constrained\" id=\"timeline\">\n<div class=\"wp-block-group eplus-wrapper has-global-padding is-content-justification-left is-layout-constrained wp-container-core-group-is-layout-12dd3699 wp-block-group-is-layout-constrained\">\n<h2 class=\" wp-block-heading eplus-wrapper\">GenoSafe est expert dans <strong>le d\u00e9veloppement et la validation <\/strong>des m\u00e9thodes analytiques applicables aux <strong>MTI<\/strong><\/h2>\n\n\n\n<figure class=\" wp-block-image size-full eplus-wrapper\"><img decoding=\"async\" src=\"https:\/\/genosafe.com\/app\/uploads\/2025\/04\/TIMELINE-qualite_FR_V3.svg\" alt=\"\" class=\"wp-image-2456\"\/><\/figure>\n\n\n<div class=\"wp-block-group has-background eplus-wrapper has-global-padding is-layout-constrained wp-block-group-is-layout-constrained eplus-styles-uid-40cb21\" style=\"background-color:#52b7e5\">\n<p class=\" has-text-align-center has-base-color has-text-color eplus-wrapper\"><strong>Les m\u00e9thodes sont valid\u00e9es en accord<\/strong> <strong>avec les exigences r\u00e9glementaires en vigueur (ICH, r\u00e9glementations<\/strong> <strong>europ\u00e9ennes et nationales)<\/strong><\/p>\n\n\n\n<p class=\" has-text-align-center has-base-color has-text-color eplus-wrapper\">Proc\u00e9dure analytique \/ Sp\u00e9cificit\u00e9 (identification et impuret\u00e9s) \/ Justesse \/ Pr\u00e9cision (r\u00e9p\u00e9tabilit\u00e9, reproductibilit\u00e9, pr\u00e9cision interm\u00e9diaire) \/ LoD (Limite de D\u00e9tection) \/ LoQ (Limite de Quantification) \/ Lin\u00e9arit\u00e9 \/ Intervalle \/ Robustesse<\/p>\n<\/div><\/div>\n<\/div>\n\n\n\n<div id=\"systeme-qualite\" class=\"systeme-qualite wp-block-group eplus-wrapper has-global-padding is-layout-constrained wp-block-group-is-layout-constrained\">\n<div class=\"wp-block-group eplus-wrapper is-layout-flow wp-block-group-is-layout-flow\">\n<h2 class=\" wp-block-heading eplus-wrapper\"><strong>Un syst\u00e8me<\/strong> qualit\u00e9 <strong>int\u00e9gr\u00e9, certifi\u00e9 BPx et<\/strong> d\u00e9ploy\u00e9 <strong>sur tous nos<\/strong> domaines<\/h2>\n\n\n\n<div class=\" wp-block-media-text has-media-on-the-right is-stacked-on-mobile eplus-wrapper\"><div class=\"wp-block-media-text__content\">\n<p class=\" eplus-wrapper\">GenoSafe est certifi\u00e9e \u00ab Bonnes Pratiques de Laboratoire \u00bb (BPL), depuis 2008. GenoSafe applique les r\u00e9f\u00e9rentiels \u00ab Bonnes Pratiques Cliniques \u00bb (BPC) et \u00ab Bonnes pratiques de Fabrication \u00bb (BPF) et travaille constamment au maintien des certifications requises pour ses activit\u00e9s.<\/p>\n<\/div><figure class=\"wp-block-media-text__media\"><\/figure><\/div>\n<\/div>\n<\/div>\n","protected":false},"excerpt":{"rendered":"<p>Notre syst\u00e8me qualit\u00e9 Notre syst\u00e8me qualit\u00e9, en constante \u00e9volution, a \u00e9t\u00e9 con\u00e7u pour s\u2019adapter aux diverses r\u00e9glementations, normes et r\u00e9f\u00e9rentiels (dont les BPx) s\u2019appliquant aux M\u00e9dicaments de Th\u00e9rapie Innovante (MTI). Il garantit le respect de la r\u00e9glementation sur l&rsquo;ensemble du p\u00e9rim\u00e8tre d&rsquo;activit\u00e9s de GenoSafe. GenoSafe est expert dans le d\u00e9veloppement et la validation des m\u00e9thodes [&hellip;]<\/p>\n","protected":false},"author":1,"featured_media":0,"parent":0,"menu_order":4,"comment_status":"closed","ping_status":"closed","template":"","meta":{"_acf_changed":false,"editor_plus_copied_stylings":"{}","footnotes":""},"class_list":["post-1561","page","type-page","status-publish","hentry"],"acf":[],"yoast_head":"<!-- This site is optimized with the Yoast SEO plugin v27.4 - https:\/\/yoast.com\/product\/yoast-seo-wordpress\/ -->\n<title>GenoSafe | Syst\u00e8me de qualit\u00e9 et conformit\u00e9 r\u00e9glementaire<\/title>\n<meta name=\"description\" content=\"Certifi\u00e9 BPx, d\u00e9couvrez le syst\u00e8me qualit\u00e9 de GenoSafe, garantissant conformit\u00e9 et qualit\u00e9 pour les th\u00e9rapies innovantes.\" \/>\n<meta name=\"robots\" content=\"index, follow, max-snippet:-1, max-image-preview:large, max-video-preview:-1\" \/>\n<link rel=\"canonical\" href=\"https:\/\/genosafe.com\/fr\/notre-systeme-qualite\/\" \/>\n<meta property=\"og:locale\" content=\"fr_FR\" \/>\n<meta property=\"og:type\" content=\"article\" \/>\n<meta property=\"og:title\" content=\"GenoSafe | Syst\u00e8me de qualit\u00e9 et conformit\u00e9 r\u00e9glementaire\" \/>\n<meta property=\"og:description\" content=\"Certifi\u00e9 BPx, d\u00e9couvrez le syst\u00e8me qualit\u00e9 de GenoSafe, garantissant conformit\u00e9 et qualit\u00e9 pour les th\u00e9rapies innovantes.\" \/>\n<meta property=\"og:url\" content=\"https:\/\/genosafe.com\/fr\/notre-systeme-qualite\/\" \/>\n<meta property=\"og:site_name\" content=\"Genosafe\" \/>\n<meta property=\"article:modified_time\" content=\"2026-01-23T11:12:26+00:00\" \/>\n<meta name=\"twitter:card\" content=\"summary_large_image\" \/>\n<meta name=\"twitter:label1\" content=\"Dur\u00e9e de lecture estim\u00e9e\" \/>\n\t<meta name=\"twitter:data1\" content=\"1 minute\" \/>\n<script type=\"application\/ld+json\" class=\"yoast-schema-graph\">{\"@context\":\"https:\\\/\\\/schema.org\",\"@graph\":[{\"@type\":\"WebPage\",\"@id\":\"https:\\\/\\\/genosafe.com\\\/fr\\\/notre-systeme-qualite\\\/\",\"url\":\"https:\\\/\\\/genosafe.com\\\/fr\\\/notre-systeme-qualite\\\/\",\"name\":\"GenoSafe | Syst\u00e8me de qualit\u00e9 et conformit\u00e9 r\u00e9glementaire\",\"isPartOf\":{\"@id\":\"https:\\\/\\\/genosafe.com\\\/fr\\\/#website\"},\"primaryImageOfPage\":{\"@id\":\"https:\\\/\\\/genosafe.com\\\/fr\\\/notre-systeme-qualite\\\/#primaryimage\"},\"image\":{\"@id\":\"https:\\\/\\\/genosafe.com\\\/fr\\\/notre-systeme-qualite\\\/#primaryimage\"},\"thumbnailUrl\":\"https:\\\/\\\/genosafe.com\\\/app\\\/uploads\\\/2025\\\/04\\\/TIMELINE-qualite_FR_V3.svg\",\"datePublished\":\"2023-06-05T21:02:07+00:00\",\"dateModified\":\"2026-01-23T11:12:26+00:00\",\"description\":\"Certifi\u00e9 BPx, d\u00e9couvrez le syst\u00e8me qualit\u00e9 de GenoSafe, garantissant conformit\u00e9 et qualit\u00e9 pour les th\u00e9rapies innovantes.\",\"breadcrumb\":{\"@id\":\"https:\\\/\\\/genosafe.com\\\/fr\\\/notre-systeme-qualite\\\/#breadcrumb\"},\"inLanguage\":\"fr-FR\",\"potentialAction\":[{\"@type\":\"ReadAction\",\"target\":[\"https:\\\/\\\/genosafe.com\\\/fr\\\/notre-systeme-qualite\\\/\"]}]},{\"@type\":\"ImageObject\",\"inLanguage\":\"fr-FR\",\"@id\":\"https:\\\/\\\/genosafe.com\\\/fr\\\/notre-systeme-qualite\\\/#primaryimage\",\"url\":\"https:\\\/\\\/genosafe.com\\\/app\\\/uploads\\\/2025\\\/04\\\/TIMELINE-qualite_FR_V3.svg\",\"contentUrl\":\"https:\\\/\\\/genosafe.com\\\/app\\\/uploads\\\/2025\\\/04\\\/TIMELINE-qualite_FR_V3.svg\"},{\"@type\":\"BreadcrumbList\",\"@id\":\"https:\\\/\\\/genosafe.com\\\/fr\\\/notre-systeme-qualite\\\/#breadcrumb\",\"itemListElement\":[{\"@type\":\"ListItem\",\"position\":1,\"name\":\"Accueil\",\"item\":\"https:\\\/\\\/genosafe.com\\\/fr\\\/\"},{\"@type\":\"ListItem\",\"position\":2,\"name\":\"Notre syst\u00e8me qualit\u00e9\"}]},{\"@type\":\"WebSite\",\"@id\":\"https:\\\/\\\/genosafe.com\\\/fr\\\/#website\",\"url\":\"https:\\\/\\\/genosafe.com\\\/fr\\\/\",\"name\":\"Genosafe\",\"description\":\"\",\"publisher\":{\"@id\":\"https:\\\/\\\/genosafe.com\\\/fr\\\/#organization\"},\"potentialAction\":[{\"@type\":\"SearchAction\",\"target\":{\"@type\":\"EntryPoint\",\"urlTemplate\":\"https:\\\/\\\/genosafe.com\\\/fr\\\/?s={search_term_string}\"},\"query-input\":{\"@type\":\"PropertyValueSpecification\",\"valueRequired\":true,\"valueName\":\"search_term_string\"}}],\"inLanguage\":\"fr-FR\"},{\"@type\":\"Organization\",\"@id\":\"https:\\\/\\\/genosafe.com\\\/fr\\\/#organization\",\"name\":\"Genosafe\",\"url\":\"https:\\\/\\\/genosafe.com\\\/fr\\\/\",\"logo\":{\"@type\":\"ImageObject\",\"inLanguage\":\"fr-FR\",\"@id\":\"https:\\\/\\\/genosafe.com\\\/fr\\\/#\\\/schema\\\/logo\\\/image\\\/\",\"url\":\"https:\\\/\\\/genosafe.com\\\/app\\\/uploads\\\/2025\\\/05\\\/logo-genosafe-plus-HD-rvb.svg\",\"contentUrl\":\"https:\\\/\\\/genosafe.com\\\/app\\\/uploads\\\/2025\\\/05\\\/logo-genosafe-plus-HD-rvb.svg\",\"width\":1,\"height\":1,\"caption\":\"Genosafe\"},\"image\":{\"@id\":\"https:\\\/\\\/genosafe.com\\\/fr\\\/#\\\/schema\\\/logo\\\/image\\\/\"},\"sameAs\":[\"https:\\\/\\\/www.linkedin.com\\\/company\\\/genosafe\\\/\"]}]}<\/script>\n<!-- \/ Yoast SEO plugin. -->","yoast_head_json":{"title":"GenoSafe | Syst\u00e8me de qualit\u00e9 et conformit\u00e9 r\u00e9glementaire","description":"Certifi\u00e9 BPx, d\u00e9couvrez le syst\u00e8me qualit\u00e9 de GenoSafe, garantissant conformit\u00e9 et qualit\u00e9 pour les th\u00e9rapies innovantes.","robots":{"index":"index","follow":"follow","max-snippet":"max-snippet:-1","max-image-preview":"max-image-preview:large","max-video-preview":"max-video-preview:-1"},"canonical":"https:\/\/genosafe.com\/fr\/notre-systeme-qualite\/","og_locale":"fr_FR","og_type":"article","og_title":"GenoSafe | Syst\u00e8me de qualit\u00e9 et conformit\u00e9 r\u00e9glementaire","og_description":"Certifi\u00e9 BPx, d\u00e9couvrez le syst\u00e8me qualit\u00e9 de GenoSafe, garantissant conformit\u00e9 et qualit\u00e9 pour les th\u00e9rapies innovantes.","og_url":"https:\/\/genosafe.com\/fr\/notre-systeme-qualite\/","og_site_name":"Genosafe","article_modified_time":"2026-01-23T11:12:26+00:00","twitter_card":"summary_large_image","twitter_misc":{"Dur\u00e9e de lecture estim\u00e9e":"1 minute"},"schema":{"@context":"https:\/\/schema.org","@graph":[{"@type":"WebPage","@id":"https:\/\/genosafe.com\/fr\/notre-systeme-qualite\/","url":"https:\/\/genosafe.com\/fr\/notre-systeme-qualite\/","name":"GenoSafe | Syst\u00e8me de qualit\u00e9 et conformit\u00e9 r\u00e9glementaire","isPartOf":{"@id":"https:\/\/genosafe.com\/fr\/#website"},"primaryImageOfPage":{"@id":"https:\/\/genosafe.com\/fr\/notre-systeme-qualite\/#primaryimage"},"image":{"@id":"https:\/\/genosafe.com\/fr\/notre-systeme-qualite\/#primaryimage"},"thumbnailUrl":"https:\/\/genosafe.com\/app\/uploads\/2025\/04\/TIMELINE-qualite_FR_V3.svg","datePublished":"2023-06-05T21:02:07+00:00","dateModified":"2026-01-23T11:12:26+00:00","description":"Certifi\u00e9 BPx, d\u00e9couvrez le syst\u00e8me qualit\u00e9 de GenoSafe, garantissant conformit\u00e9 et qualit\u00e9 pour les th\u00e9rapies innovantes.","breadcrumb":{"@id":"https:\/\/genosafe.com\/fr\/notre-systeme-qualite\/#breadcrumb"},"inLanguage":"fr-FR","potentialAction":[{"@type":"ReadAction","target":["https:\/\/genosafe.com\/fr\/notre-systeme-qualite\/"]}]},{"@type":"ImageObject","inLanguage":"fr-FR","@id":"https:\/\/genosafe.com\/fr\/notre-systeme-qualite\/#primaryimage","url":"https:\/\/genosafe.com\/app\/uploads\/2025\/04\/TIMELINE-qualite_FR_V3.svg","contentUrl":"https:\/\/genosafe.com\/app\/uploads\/2025\/04\/TIMELINE-qualite_FR_V3.svg"},{"@type":"BreadcrumbList","@id":"https:\/\/genosafe.com\/fr\/notre-systeme-qualite\/#breadcrumb","itemListElement":[{"@type":"ListItem","position":1,"name":"Accueil","item":"https:\/\/genosafe.com\/fr\/"},{"@type":"ListItem","position":2,"name":"Notre syst\u00e8me qualit\u00e9"}]},{"@type":"WebSite","@id":"https:\/\/genosafe.com\/fr\/#website","url":"https:\/\/genosafe.com\/fr\/","name":"Genosafe","description":"","publisher":{"@id":"https:\/\/genosafe.com\/fr\/#organization"},"potentialAction":[{"@type":"SearchAction","target":{"@type":"EntryPoint","urlTemplate":"https:\/\/genosafe.com\/fr\/?s={search_term_string}"},"query-input":{"@type":"PropertyValueSpecification","valueRequired":true,"valueName":"search_term_string"}}],"inLanguage":"fr-FR"},{"@type":"Organization","@id":"https:\/\/genosafe.com\/fr\/#organization","name":"Genosafe","url":"https:\/\/genosafe.com\/fr\/","logo":{"@type":"ImageObject","inLanguage":"fr-FR","@id":"https:\/\/genosafe.com\/fr\/#\/schema\/logo\/image\/","url":"https:\/\/genosafe.com\/app\/uploads\/2025\/05\/logo-genosafe-plus-HD-rvb.svg","contentUrl":"https:\/\/genosafe.com\/app\/uploads\/2025\/05\/logo-genosafe-plus-HD-rvb.svg","width":1,"height":1,"caption":"Genosafe"},"image":{"@id":"https:\/\/genosafe.com\/fr\/#\/schema\/logo\/image\/"},"sameAs":["https:\/\/www.linkedin.com\/company\/genosafe\/"]}]}},"_links":{"self":[{"href":"https:\/\/genosafe.com\/fr\/wp-json\/wp\/v2\/pages\/1561","targetHints":{"allow":["GET"]}}],"collection":[{"href":"https:\/\/genosafe.com\/fr\/wp-json\/wp\/v2\/pages"}],"about":[{"href":"https:\/\/genosafe.com\/fr\/wp-json\/wp\/v2\/types\/page"}],"author":[{"embeddable":true,"href":"https:\/\/genosafe.com\/fr\/wp-json\/wp\/v2\/users\/1"}],"replies":[{"embeddable":true,"href":"https:\/\/genosafe.com\/fr\/wp-json\/wp\/v2\/comments?post=1561"}],"version-history":[{"count":7,"href":"https:\/\/genosafe.com\/fr\/wp-json\/wp\/v2\/pages\/1561\/revisions"}],"predecessor-version":[{"id":3510,"href":"https:\/\/genosafe.com\/fr\/wp-json\/wp\/v2\/pages\/1561\/revisions\/3510"}],"wp:attachment":[{"href":"https:\/\/genosafe.com\/fr\/wp-json\/wp\/v2\/media?parent=1561"}],"curies":[{"name":"wp","href":"https:\/\/api.w.org\/{rel}","templated":true}]}}