{"id":1549,"date":"2023-06-05T23:00:28","date_gmt":"2023-06-05T21:00:28","guid":{"rendered":"https:\/\/genosafe.com\/company\/"},"modified":"2026-03-10T12:25:13","modified_gmt":"2026-03-10T11:25:13","slug":"lentreprise","status":"publish","type":"page","link":"https:\/\/genosafe.com\/fr\/lentreprise\/","title":{"rendered":"L&rsquo;entreprise"},"content":{"rendered":"<div id=\"cover\" class=\"cover wp-block-group eplus-wrapper has-global-padding is-layout-constrained wp-block-group-is-layout-constrained eplus-styles-uid-c3e19d\">\n<div class=\"wp-block-group eplus-wrapper has-global-padding is-layout-constrained wp-block-group-is-layout-constrained\"><div class=\"wp-block-columns eplus-wrapper is-layout-flex wp-container-core-columns-is-layout-28f84493 wp-block-columns-is-layout-flex eplus-styles-uid-a1442c\"><div class=\"wp-block-column eplus-wrapper is-layout-flow wp-block-column-is-layout-flow eplus-styles-uid-9462ad\">\n<h1 class=\" wp-block-heading eplus-wrapper\">L&rsquo;EVALUATION DES th\u00e9rapies innovantes au c\u0153ur de notre ADN<\/h1>\n\n\n<p class=\" eplus-wrapper eplus-styles-uid-66b9df\">Pionni\u00e8re dans l&rsquo;offre de services analytiques depuis 2003, GenoSafe est un partenaire fiable, capable d\u2019accompagner ses clients tout au long de leurs programmes de d\u00e9veloppement pharmaceutique. Nous mettons constamment en \u0153uvre les moyens n\u00e9cessaires \u00e0 notre d\u00e9veloppement et celui de nos clients, en coh\u00e9rence avec les \u00e9volutions r\u00e9glementaires et technologiques s\u2019appliquant \u00e0 nos activit\u00e9s.<\/p><\/div>\n\n\n<div class=\"wp-block-column eplus-wrapper is-layout-flow wp-block-column-is-layout-flow\"><\/div>\n<\/div><\/div>\n<\/div>\n\n\n<div class=\"figure wp-block-group alignwide eplus-wrapper has-global-padding is-layout-constrained wp-block-group-is-layout-constrained\" id=\"figure\">\n<figure class=\" wp-block-image size-full eplus-wrapper\"><img decoding=\"async\" src=\"https:\/\/genosafe.com\/app\/uploads\/2026\/03\/TIMELINE-entreprise-FR.svg\" alt=\"\" class=\"wp-image-3704\"\/><\/figure>\n\n\n<div class=\"wp-block-buttons eplus-wrapper is-content-justification-center is-layout-flex wp-container-core-buttons-is-layout-a89b3969 wp-block-buttons-is-layout-flex eplus-styles-uid-55d6c6\"><div class=\" wp-block-button eplus-wrapper eplus-styles-uid-dce01b\"><a class=\"wp-block-button__link has-text-align-center wp-element-button\" href=\"https:\/\/genosafe.com\/fr\/contactez-nous\/\">Contactez-nous<\/a><\/div><\/div><\/div>\n\n\n<div class=\"wp-block-group alignwide eplus-wrapper has-global-padding is-layout-constrained wp-block-group-is-layout-constrained eplus-styles-uid-bec7e5\" style=\"padding-top:var(--wp--preset--spacing--40);padding-bottom:var(--wp--preset--spacing--40)\"><div class=\"wp-block-columns eplus-wrapper is-layout-flex wp-container-core-columns-is-layout-28f84493 wp-block-columns-is-layout-flex eplus-styles-uid-46e3e1\">\n<div class=\"wp-block-column eplus-wrapper is-layout-flow wp-block-column-is-layout-flow\" style=\"padding-top:0;padding-right:var(--wp--preset--spacing--30);padding-bottom:0;padding-left:var(--wp--preset--spacing--30)\">\n<h2 class=\" wp-block-heading eplus-wrapper\">Flexibilit\u00e9 et proximit\u00e9<\/h2>\n\n\n\n<p class=\" eplus-wrapper\">Dot\u00e9e d&rsquo;une organisation flexible et d&rsquo;une grande capacit\u00e9 d&rsquo;adaptation, GenoSafe r\u00e9pond avec r\u00e9activit\u00e9 \u00e0 vos besoins. Notre personnel, exp\u00e9riment\u00e9, est form\u00e9 et qualifi\u00e9 pour assurer la qualit\u00e9 de nos prestations dans nos divers domaines d&rsquo;activit\u00e9. Avec un responsable d&rsquo;\u00e9tude d\u00e9di\u00e9 \u00e0 chaque projet, GenoSafe privil\u00e9gie la relation de proximit\u00e9 et le support individualis\u00e9 avec ses clients.<\/p>\n\n\n\n<p class=\"link-arrow eplus-wrapper\"><a href=\"https:\/\/genosafe.com\/fr\/equipe-et-laboratoire\/\">D\u00e9couvrir <strong>l&rsquo;\u00e9quipe<\/strong><\/a><\/p>\n\n\n\n<p class=\"link-arrow eplus-wrapper\"><a href=\"https:\/\/genosafe.com\/fr\/nous-rejoindre\/\">Rejoindre <strong>l&rsquo;\u00e9quipe<\/strong><\/a><\/p>\n<\/div>\n\n\n\n<div class=\"wp-block-column eplus-wrapper is-layout-flow wp-block-column-is-layout-flow\">\n<figure class=\"wp-block-gallery has-nested-images columns-default is-cropped eplus-wrapper wp-block-gallery-1\">\n<figure class=\"is-style-default wp-block-image size-large has-custom-border eplus-wrapper\" style=\"margin-top:var(--wp--preset--spacing--50);margin-right:0;margin-bottom:var(--wp--preset--spacing--50);margin-left:0\"><img decoding=\"async\" data-id=\"3628\" src=\"https:\/\/genosafe.com\/app\/uploads\/2026\/02\/Portraits-Genosafe-5591-so-1-scaled-e1770730542576-1024x476.jpg\" alt=\"\" class=\"wp-image-3628\" style=\"border-style:none;border-width:0px;border-top-left-radius:0px;border-top-right-radius:0px;border-bottom-left-radius:0px;border-bottom-right-radius:0px\"><\/figure>\n<\/figure>\n<\/div>\n<\/div><\/div>\n\n\n<div id=\"systeme-qualite\" class=\"systeme-qualite wp-block-group eplus-wrapper has-global-padding is-layout-constrained wp-block-group-is-layout-constrained\">\n<div class=\"wp-block-group eplus-wrapper is-layout-flow wp-block-group-is-layout-flow\">\n<h2 class=\" wp-block-heading eplus-wrapper\"><strong>Implant\u00e9e <\/strong>dans <strong>un \u00e9cosyst\u00e8me<\/strong> <strong>strat\u00e9gique<\/strong> pour les th\u00e9rapies innovantes<\/h2>\n\n\n\n<p class=\" eplus-wrapper\">GenoSafe est localis\u00e9e au sud de Paris, sur le campus de&nbsp;<a href=\"http:\/\/www.genopole.com\/\">Genopole<\/a> (Evry \u2013 Courcouronnes), premier biocluster fran\u00e7ais. Depuis sa cr\u00e9ation en 2003, GenoSafe \u00e9volue dans un <strong>\u00e9cosyst\u00e8me dynamique<\/strong> compos\u00e9 d&rsquo;acteurs scientifiques et industriels reconnus pour leur expertise dans le domaine des <strong>th\u00e9rapies innovantes<\/strong>, et notamment les<strong> th\u00e9rapies g\u00e9niques et celullaires<\/strong>.<\/p>\n\n\n\n<p class=\" eplus-wrapper\">Notre adresse : 1 rue de l\u2019internationale, 91000 Evry-Courcouronnes, France<\/p>\n\n\n\n<div style=\"height:100px\" aria-hidden=\"true\" class=\" wp-block-spacer eplus-wrapper\"><\/div>\n\n\n\n<h2 class=\" wp-block-heading eplus-wrapper\"><strong>Un syst\u00e8me<\/strong> qualit\u00e9 <strong>int\u00e9gr\u00e9 et<\/strong> d\u00e9ploy\u00e9 <strong>sur tous nos<\/strong> domaines<\/h2>\n\n\n\n<div class=\" wp-block-media-text has-media-on-the-right is-stacked-on-mobile eplus-wrapper\"><div class=\"wp-block-media-text__content\">\n<p class=\" eplus-wrapper\">Notre syst\u00e8me qualit\u00e9 et notre exp\u00e9rience en d\u00e9veloppement\/validation de m\u00e9thodes nous permettent d&rsquo;\u00e9laborer des prestations d&rsquo;analyses adapt\u00e9es \u00e0 chaque r\u00e9f\u00e9rentiel.<\/p>\n\n\n<div class=\"wp-block-buttons eplus-wrapper is-content-justification-left is-layout-flex wp-container-core-buttons-is-layout-fc4fd283 wp-block-buttons-is-layout-flex eplus-styles-uid-55d6c6\"><div class=\" wp-block-button eplus-wrapper eplus-styles-uid-707261\"><a class=\"wp-block-button__link has-text-align-center wp-element-button\" href=\"https:\/\/genosafe.com\/fr\/notre-systeme-qualite\/\">En savoir plus<\/a><\/div><\/div><\/div><figure class=\"wp-block-media-text__media\"><\/figure><\/div>\n<\/div>\n<\/div>\n","protected":false},"excerpt":{"rendered":"<p>L&rsquo;EVALUATION DES th\u00e9rapies innovantes au c\u0153ur de notre ADN Pionni\u00e8re dans l&rsquo;offre de services analytiques depuis 2003, GenoSafe est un partenaire fiable, capable d\u2019accompagner ses clients tout au long de leurs programmes de d\u00e9veloppement pharmaceutique. Nous mettons constamment en \u0153uvre les moyens n\u00e9cessaires \u00e0 notre d\u00e9veloppement et celui de nos clients, en coh\u00e9rence avec les [&hellip;]<\/p>\n","protected":false},"author":1,"featured_media":0,"parent":0,"menu_order":1,"comment_status":"closed","ping_status":"closed","template":"","meta":{"_acf_changed":false,"editor_plus_copied_stylings":"{}","footnotes":""},"class_list":["post-1549","page","type-page","status-publish","hentry"],"acf":[],"yoast_head":"<!-- This site is optimized with the Yoast SEO plugin v27.4 - https:\/\/yoast.com\/product\/yoast-seo-wordpress\/ -->\n<title>GenoSafe | Partenaire de confiance dans les services analytiques<\/title>\n<meta name=\"description\" content=\"D\u00e9couvrez GenoSafe, CRO sp\u00e9cialis\u00e9e dans les m\u00e9thodes analytiques pour les th\u00e9rapies innovantes au service du d\u00e9veloppement pharmaceutique.\" \/>\n<meta name=\"robots\" content=\"index, follow, max-snippet:-1, max-image-preview:large, max-video-preview:-1\" \/>\n<link rel=\"canonical\" href=\"https:\/\/genosafe.com\/fr\/lentreprise\/\" \/>\n<meta property=\"og:locale\" content=\"fr_FR\" \/>\n<meta property=\"og:type\" content=\"article\" \/>\n<meta property=\"og:title\" content=\"GenoSafe | Partenaire de confiance dans les services analytiques\" \/>\n<meta property=\"og:description\" content=\"D\u00e9couvrez GenoSafe, CRO sp\u00e9cialis\u00e9e dans les m\u00e9thodes analytiques pour les th\u00e9rapies innovantes au service du d\u00e9veloppement pharmaceutique.\" \/>\n<meta property=\"og:url\" content=\"https:\/\/genosafe.com\/fr\/lentreprise\/\" \/>\n<meta property=\"og:site_name\" content=\"Genosafe\" \/>\n<meta property=\"article:modified_time\" content=\"2026-03-10T11:25:13+00:00\" \/>\n<meta name=\"twitter:card\" content=\"summary_large_image\" \/>\n<meta name=\"twitter:label1\" content=\"Dur\u00e9e de lecture estim\u00e9e\" \/>\n\t<meta name=\"twitter:data1\" content=\"2 minutes\" \/>\n<script type=\"application\/ld+json\" class=\"yoast-schema-graph\">{\"@context\":\"https:\\\/\\\/schema.org\",\"@graph\":[{\"@type\":\"WebPage\",\"@id\":\"https:\\\/\\\/genosafe.com\\\/fr\\\/lentreprise\\\/\",\"url\":\"https:\\\/\\\/genosafe.com\\\/fr\\\/lentreprise\\\/\",\"name\":\"GenoSafe | Partenaire de confiance dans les services analytiques\",\"isPartOf\":{\"@id\":\"https:\\\/\\\/genosafe.com\\\/fr\\\/#website\"},\"primaryImageOfPage\":{\"@id\":\"https:\\\/\\\/genosafe.com\\\/fr\\\/lentreprise\\\/#primaryimage\"},\"image\":{\"@id\":\"https:\\\/\\\/genosafe.com\\\/fr\\\/lentreprise\\\/#primaryimage\"},\"thumbnailUrl\":\"https:\\\/\\\/genosafe.com\\\/app\\\/uploads\\\/2026\\\/03\\\/TIMELINE-entreprise-FR.svg\",\"datePublished\":\"2023-06-05T21:00:28+00:00\",\"dateModified\":\"2026-03-10T11:25:13+00:00\",\"description\":\"D\u00e9couvrez GenoSafe, CRO sp\u00e9cialis\u00e9e dans les m\u00e9thodes analytiques pour les th\u00e9rapies innovantes au service du d\u00e9veloppement pharmaceutique.\",\"breadcrumb\":{\"@id\":\"https:\\\/\\\/genosafe.com\\\/fr\\\/lentreprise\\\/#breadcrumb\"},\"inLanguage\":\"fr-FR\",\"potentialAction\":[{\"@type\":\"ReadAction\",\"target\":[\"https:\\\/\\\/genosafe.com\\\/fr\\\/lentreprise\\\/\"]}]},{\"@type\":\"ImageObject\",\"inLanguage\":\"fr-FR\",\"@id\":\"https:\\\/\\\/genosafe.com\\\/fr\\\/lentreprise\\\/#primaryimage\",\"url\":\"https:\\\/\\\/genosafe.com\\\/app\\\/uploads\\\/2026\\\/03\\\/TIMELINE-entreprise-FR.svg\",\"contentUrl\":\"https:\\\/\\\/genosafe.com\\\/app\\\/uploads\\\/2026\\\/03\\\/TIMELINE-entreprise-FR.svg\"},{\"@type\":\"BreadcrumbList\",\"@id\":\"https:\\\/\\\/genosafe.com\\\/fr\\\/lentreprise\\\/#breadcrumb\",\"itemListElement\":[{\"@type\":\"ListItem\",\"position\":1,\"name\":\"Accueil\",\"item\":\"https:\\\/\\\/genosafe.com\\\/fr\\\/\"},{\"@type\":\"ListItem\",\"position\":2,\"name\":\"L&rsquo;entreprise\"}]},{\"@type\":\"WebSite\",\"@id\":\"https:\\\/\\\/genosafe.com\\\/fr\\\/#website\",\"url\":\"https:\\\/\\\/genosafe.com\\\/fr\\\/\",\"name\":\"Genosafe\",\"description\":\"\",\"publisher\":{\"@id\":\"https:\\\/\\\/genosafe.com\\\/fr\\\/#organization\"},\"potentialAction\":[{\"@type\":\"SearchAction\",\"target\":{\"@type\":\"EntryPoint\",\"urlTemplate\":\"https:\\\/\\\/genosafe.com\\\/fr\\\/?s={search_term_string}\"},\"query-input\":{\"@type\":\"PropertyValueSpecification\",\"valueRequired\":true,\"valueName\":\"search_term_string\"}}],\"inLanguage\":\"fr-FR\"},{\"@type\":\"Organization\",\"@id\":\"https:\\\/\\\/genosafe.com\\\/fr\\\/#organization\",\"name\":\"Genosafe\",\"url\":\"https:\\\/\\\/genosafe.com\\\/fr\\\/\",\"logo\":{\"@type\":\"ImageObject\",\"inLanguage\":\"fr-FR\",\"@id\":\"https:\\\/\\\/genosafe.com\\\/fr\\\/#\\\/schema\\\/logo\\\/image\\\/\",\"url\":\"https:\\\/\\\/genosafe.com\\\/app\\\/uploads\\\/2025\\\/05\\\/logo-genosafe-plus-HD-rvb.svg\",\"contentUrl\":\"https:\\\/\\\/genosafe.com\\\/app\\\/uploads\\\/2025\\\/05\\\/logo-genosafe-plus-HD-rvb.svg\",\"width\":1,\"height\":1,\"caption\":\"Genosafe\"},\"image\":{\"@id\":\"https:\\\/\\\/genosafe.com\\\/fr\\\/#\\\/schema\\\/logo\\\/image\\\/\"},\"sameAs\":[\"https:\\\/\\\/www.linkedin.com\\\/company\\\/genosafe\\\/\"]}]}<\/script>\n<!-- \/ Yoast SEO plugin. -->","yoast_head_json":{"title":"GenoSafe | Partenaire de confiance dans les services analytiques","description":"D\u00e9couvrez GenoSafe, CRO sp\u00e9cialis\u00e9e dans les m\u00e9thodes analytiques pour les th\u00e9rapies innovantes au service du d\u00e9veloppement pharmaceutique.","robots":{"index":"index","follow":"follow","max-snippet":"max-snippet:-1","max-image-preview":"max-image-preview:large","max-video-preview":"max-video-preview:-1"},"canonical":"https:\/\/genosafe.com\/fr\/lentreprise\/","og_locale":"fr_FR","og_type":"article","og_title":"GenoSafe | Partenaire de confiance dans les services analytiques","og_description":"D\u00e9couvrez GenoSafe, CRO sp\u00e9cialis\u00e9e dans les m\u00e9thodes analytiques pour les th\u00e9rapies innovantes au service du d\u00e9veloppement pharmaceutique.","og_url":"https:\/\/genosafe.com\/fr\/lentreprise\/","og_site_name":"Genosafe","article_modified_time":"2026-03-10T11:25:13+00:00","twitter_card":"summary_large_image","twitter_misc":{"Dur\u00e9e de lecture estim\u00e9e":"2 minutes"},"schema":{"@context":"https:\/\/schema.org","@graph":[{"@type":"WebPage","@id":"https:\/\/genosafe.com\/fr\/lentreprise\/","url":"https:\/\/genosafe.com\/fr\/lentreprise\/","name":"GenoSafe | Partenaire de confiance dans les services analytiques","isPartOf":{"@id":"https:\/\/genosafe.com\/fr\/#website"},"primaryImageOfPage":{"@id":"https:\/\/genosafe.com\/fr\/lentreprise\/#primaryimage"},"image":{"@id":"https:\/\/genosafe.com\/fr\/lentreprise\/#primaryimage"},"thumbnailUrl":"https:\/\/genosafe.com\/app\/uploads\/2026\/03\/TIMELINE-entreprise-FR.svg","datePublished":"2023-06-05T21:00:28+00:00","dateModified":"2026-03-10T11:25:13+00:00","description":"D\u00e9couvrez GenoSafe, CRO sp\u00e9cialis\u00e9e dans les m\u00e9thodes analytiques pour les th\u00e9rapies innovantes au service du d\u00e9veloppement pharmaceutique.","breadcrumb":{"@id":"https:\/\/genosafe.com\/fr\/lentreprise\/#breadcrumb"},"inLanguage":"fr-FR","potentialAction":[{"@type":"ReadAction","target":["https:\/\/genosafe.com\/fr\/lentreprise\/"]}]},{"@type":"ImageObject","inLanguage":"fr-FR","@id":"https:\/\/genosafe.com\/fr\/lentreprise\/#primaryimage","url":"https:\/\/genosafe.com\/app\/uploads\/2026\/03\/TIMELINE-entreprise-FR.svg","contentUrl":"https:\/\/genosafe.com\/app\/uploads\/2026\/03\/TIMELINE-entreprise-FR.svg"},{"@type":"BreadcrumbList","@id":"https:\/\/genosafe.com\/fr\/lentreprise\/#breadcrumb","itemListElement":[{"@type":"ListItem","position":1,"name":"Accueil","item":"https:\/\/genosafe.com\/fr\/"},{"@type":"ListItem","position":2,"name":"L&rsquo;entreprise"}]},{"@type":"WebSite","@id":"https:\/\/genosafe.com\/fr\/#website","url":"https:\/\/genosafe.com\/fr\/","name":"Genosafe","description":"","publisher":{"@id":"https:\/\/genosafe.com\/fr\/#organization"},"potentialAction":[{"@type":"SearchAction","target":{"@type":"EntryPoint","urlTemplate":"https:\/\/genosafe.com\/fr\/?s={search_term_string}"},"query-input":{"@type":"PropertyValueSpecification","valueRequired":true,"valueName":"search_term_string"}}],"inLanguage":"fr-FR"},{"@type":"Organization","@id":"https:\/\/genosafe.com\/fr\/#organization","name":"Genosafe","url":"https:\/\/genosafe.com\/fr\/","logo":{"@type":"ImageObject","inLanguage":"fr-FR","@id":"https:\/\/genosafe.com\/fr\/#\/schema\/logo\/image\/","url":"https:\/\/genosafe.com\/app\/uploads\/2025\/05\/logo-genosafe-plus-HD-rvb.svg","contentUrl":"https:\/\/genosafe.com\/app\/uploads\/2025\/05\/logo-genosafe-plus-HD-rvb.svg","width":1,"height":1,"caption":"Genosafe"},"image":{"@id":"https:\/\/genosafe.com\/fr\/#\/schema\/logo\/image\/"},"sameAs":["https:\/\/www.linkedin.com\/company\/genosafe\/"]}]}},"_links":{"self":[{"href":"https:\/\/genosafe.com\/fr\/wp-json\/wp\/v2\/pages\/1549","targetHints":{"allow":["GET"]}}],"collection":[{"href":"https:\/\/genosafe.com\/fr\/wp-json\/wp\/v2\/pages"}],"about":[{"href":"https:\/\/genosafe.com\/fr\/wp-json\/wp\/v2\/types\/page"}],"author":[{"embeddable":true,"href":"https:\/\/genosafe.com\/fr\/wp-json\/wp\/v2\/users\/1"}],"replies":[{"embeddable":true,"href":"https:\/\/genosafe.com\/fr\/wp-json\/wp\/v2\/comments?post=1549"}],"version-history":[{"count":25,"href":"https:\/\/genosafe.com\/fr\/wp-json\/wp\/v2\/pages\/1549\/revisions"}],"predecessor-version":[{"id":3706,"href":"https:\/\/genosafe.com\/fr\/wp-json\/wp\/v2\/pages\/1549\/revisions\/3706"}],"wp:attachment":[{"href":"https:\/\/genosafe.com\/fr\/wp-json\/wp\/v2\/media?parent=1549"}],"curies":[{"name":"wp","href":"https:\/\/api.w.org\/{rel}","templated":true}]}}