{"id":1352,"date":"2023-07-03T09:34:51","date_gmt":"2023-07-03T07:34:51","guid":{"rendered":"https:\/\/genosafe.com\/accueil\/"},"modified":"2026-02-18T12:31:20","modified_gmt":"2026-02-18T11:31:20","slug":"genosafe","status":"publish","type":"page","link":"https:\/\/genosafe.com\/fr\/","title":{"rendered":"Accueil"},"content":{"rendered":"<div id=\"cover\" class=\"cover wp-block-group eplus-wrapper has-global-padding is-content-justification-left is-layout-constrained wp-container-core-group-is-layout-12dd3699 wp-block-group-is-layout-constrained eplus-styles-uid-0019a0\">\n<div class=\"wp-block-group eplus-wrapper has-global-padding is-layout-constrained wp-block-group-is-layout-constrained\"><div class=\"wp-block-columns eplus-wrapper is-layout-flex wp-container-core-columns-is-layout-28f84493 wp-block-columns-is-layout-flex eplus-styles-uid-3c79c1\"><div class=\"wp-block-column eplus-wrapper is-layout-flow wp-block-column-is-layout-flow eplus-styles-uid-650f00\">\n<h1 class=\" wp-block-heading eplus-wrapper\">Au service de vos th\u00e9rapies innovantes<\/h1>\n\n\n\n<p class=\" eplus-wrapper\">GenoSafe, CRO sp\u00e9cialis\u00e9e dans la caract\u00e9risation et l&rsquo;\u00e9valuation de m\u00e9dicaments de th\u00e9rapie innovante, vous accompagne tout au long de vos projets, quel que soit leur stade de d\u00e9veloppement: recherche, \u00e9tudes pr\u00e9cliniques, contr\u00f4le qualit\u00e9 ou \u00e9tudes cliniques. Nous appliquons les r\u00e9f\u00e9rentiels r\u00e9glementaires requis \u00e0 chaque \u00e9tape.<\/p>\n\n\n\n<p class=\"link-arrow eplus-wrapper\"><a href=\"https:\/\/genosafe.com\/fr\/lentreprise\/\">D\u00e9couvrir <strong>GenoSafe<\/strong><\/a><\/p>\n<\/div>\n\n\n<div class=\"wp-block-column eplus-wrapper is-layout-flow wp-block-column-is-layout-flow\"><\/div>\n<\/div><\/div>\n<\/div>\n\n\n<div id=\"expertise\" class=\"expertise wp-block-group eplus-wrapper has-global-padding is-layout-constrained wp-block-group-is-layout-constrained\">\n<div class=\"wp-block-group eplus-wrapper has-global-padding is-content-justification-left is-layout-constrained wp-container-core-group-is-layout-12dd3699 wp-block-group-is-layout-constrained\">\n<h2 class=\" wp-block-heading has-text-align-left eplus-wrapper\">Une CRO experte dans <strong>trois domaines<\/strong> d&rsquo;activit\u00e9<\/h2>\n\n\n<div class=\"ep-custom-column wp-block-columns eplus-wrapper is-layout-flex wp-container-core-columns-is-layout-28f84493 wp-block-columns-is-layout-flex eplus-styles-uid-db18d6\"><div class=\"wp-block-column eplus-wrapper is-layout-flow wp-block-column-is-layout-flow eplus-styles-uid-eead90\"><figure class=\"is-style-default  wp-block-image aligncenter size-full eplus-wrapper eplus-styles-uid-aae06e\"><img decoding=\"async\" src=\"https:\/\/genosafe.com\/app\/uploads\/2023\/10\/Pictos-genosafe-01.svg\" alt=\"\" class=\"wp-image-758\"><\/figure>\n\n<p class=\" eplus-wrapper eplus-styles-uid-42170e\"><strong>D\u00e9veloppement Pr\u00e9clinique<\/strong><\/p>\n\n<p class=\" eplus-wrapper eplus-styles-uid-42170e\">D\u00e9veloppement, validation de m\u00e9thodes analytiques et analyse d\u2019\u00e9chantillons dans le cadre d\u2019\u00e9tudes R&amp;D ou de toxicit\u00e9 r\u00e9glementaire.<\/p><\/div>\n\n\n<div class=\"wp-block-column eplus-wrapper is-layout-flow wp-block-column-is-layout-flow\"><figure class=\"is-style-default  wp-block-image aligncenter size-full eplus-wrapper eplus-styles-uid-aae06e\"><img decoding=\"async\" src=\"https:\/\/genosafe.com\/app\/uploads\/2023\/10\/Pictos-genosafe-09.svg\" alt=\"\" class=\"wp-image-774\"><\/figure>\n\n<p class=\" eplus-wrapper eplus-styles-uid-fb6be1\"><strong>Contr\u00f4le Qualit\u00e9<\/strong><\/p>\n\n<p class=\" eplus-wrapper eplus-styles-uid-fb6be1\">D\u00e9veloppement, qualification et validation de m\u00e9thodes pour l\u2019\u00e9valuation de la qualit\u00e9, s\u00e9curit\u00e9 et efficacit\u00e9 des m\u00e9dicaments de th\u00e9rapie innovante.<\/p><\/div>\n\n\n\n<div class=\"wp-block-column eplus-wrapper is-layout-flow wp-block-column-is-layout-flow\"><figure class=\"is-style-default  wp-block-image aligncenter size-full eplus-wrapper eplus-styles-uid-aae06e\"><img decoding=\"async\" src=\"https:\/\/genosafe.com\/app\/uploads\/2023\/10\/Pictos-genosafe-03.svg\" alt=\"\" class=\"wp-image-762\"><\/figure>\n\n<p class=\" eplus-wrapper eplus-styles-uid-a88627\"><strong>D\u00e9veloppement Clinique<\/strong><\/p>\n\n<p class=\" eplus-wrapper eplus-styles-uid-a88627\">D\u00e9veloppement, qualification et validation de m\u00e9thodes pour l\u2019analyse d\u2019\u00e9chantillons cliniques.<\/p><\/div>\n<\/div><\/div>\n<\/div>\n\n\n<div id=\"activites\" class=\"activites wp-block-group eplus-wrapper has-global-padding is-layout-constrained wp-block-group-is-layout-constrained eplus-styles-uid-4df40e\">\n<div class=\"wp-block-group eplus-wrapper has-global-padding is-content-justification-left is-layout-constrained wp-container-core-group-is-layout-12dd3699 wp-block-group-is-layout-constrained\">\n<h2 class=\" wp-block-heading has-text-align-left eplus-wrapper\">Notre p\u00e9rim\u00e8tre en tant que CRO analytique de r\u00e9f\u00e9rence : les <strong>produits innovants<\/strong> tels que les th\u00e9rapies g\u00e9niques et th\u00e9rapies cellulaires, les vaccins innovants et les produits \u00e0 ADN\/ARN<\/h2>\n\n\n\n<figure class=\" wp-block-image size-full eplus-wrapper\"><img decoding=\"async\" src=\"https:\/\/genosafe.com\/app\/uploads\/2025\/04\/Tableau-schema-biological-therapeutic-compounds_V2.svg\" alt=\"\" class=\"wp-image-2450\"><\/figure>\n<\/div>\n<\/div>\n\n<div class=\"media-texte wp-block-group alignwide eplus-wrapper has-global-padding is-layout-constrained wp-block-group-is-layout-constrained eplus-styles-uid-14c2aa\" id=\"media-texte\">\n<div class=\" wp-block-media-text has-media-on-the-right is-stacked-on-mobile eplus-wrapper\" style=\"grid-template-columns:auto 62%\"><div class=\"wp-block-media-text__content\">\n<h2 class=\" wp-block-heading eplus-wrapper\">Une \u00e9quipe et des laboRATOIREs \u00e0 la pointe<\/h2>\n\n\n\n<p class=\" has-text-align-left eplus-wrapper\">Nos \u00e9quipes et nos plateformes r\u00e9unissent l\u2019expertise et la qualit\u00e9 n\u00e9cessaires \u00e0 l\u2019\u00e9valuation de vos besoins analytiques et leur r\u00e9alisation. Genosafe vous d\u00e9die un interlocuteur unique pour suivre vos projets avec r\u00e9activit\u00e9 et flexibilit\u00e9.<\/p>\n\n\n\n<p class=\"link-arrow eplus-wrapper\"><a href=\"https:\/\/genosafe.com\/fr\/equipe-et-laboratoire\/\">D\u00e9couvrir <strong>l&rsquo;\u00e9quipe<\/strong><\/a><\/p>\n\n\n\n<p class=\"link-arrow eplus-wrapper\"><a href=\"https:\/\/genosafe.com\/fr\/nous-rejoindre\/\">Rejoindre <strong>l&rsquo;\u00e9quipe<\/strong><\/a><\/p>\n<\/div><figure class=\"wp-block-media-text__media\"><img loading=\"lazy\" decoding=\"async\" width=\"1024\" height=\"483\" src=\"https:\/\/genosafe.com\/app\/uploads\/2026\/02\/Portraits-Genosafe-5591-so-1-scaled-e1771413187233-1024x483.jpg\" alt=\"\" class=\"wp-image-3628 size-full\" srcset=\"https:\/\/genosafe.com\/app\/uploads\/2026\/02\/Portraits-Genosafe-5591-so-1-scaled-e1771413187233-1024x483.jpg 1024w, https:\/\/genosafe.com\/app\/uploads\/2026\/02\/Portraits-Genosafe-5591-so-1-scaled-e1771413187233-300x142.jpg 300w, https:\/\/genosafe.com\/app\/uploads\/2026\/02\/Portraits-Genosafe-5591-so-1-scaled-e1771413187233-768x362.jpg 768w, https:\/\/genosafe.com\/app\/uploads\/2026\/02\/Portraits-Genosafe-5591-so-1-scaled-e1771413187233-1536x725.jpg 1536w, https:\/\/genosafe.com\/app\/uploads\/2026\/02\/Portraits-Genosafe-5591-so-1-scaled-e1771413187233-2048x966.jpg 2048w\" sizes=\"auto, (max-width: 1024px) 100vw, 1024px\" \/><\/figure><\/div>\n<\/div>\n\n\n<div id=\"a-la-une\" class=\"a-la-une wp-block-group eplus-wrapper has-global-padding is-layout-constrained wp-block-group-is-layout-constrained\">\n<div class=\"wp-block-group eplus-wrapper has-global-padding is-content-justification-left is-layout-constrained wp-container-core-group-is-layout-12dd3699 wp-block-group-is-layout-constrained\">\n<h2 class=\" wp-block-heading eplus-wrapper\">\u00c0 la <strong>une<\/strong><\/h2>\n\n\n<div class=\"wp-block-columns eplus-wrapper is-layout-flex wp-container-core-columns-is-layout-28f84493 wp-block-columns-is-layout-flex eplus-styles-uid-ed653b\">\n<div class=\"wp-block-column eplus-wrapper is-layout-flow wp-block-column-is-layout-flow\">\n<div class=\"push_bg small-push center-focus\" style=\"background-image: url('https:\/\/genosafe.com\/app\/uploads\/2026\/02\/freecompress-Journe\u0301e\u0301-inauguration-Genosafe-182-scaled.jpg');\">\n    <a href=\"https:\/\/youtu.be\/YRZ_416fSxY\" target=\"_blank\">\n        <div class=\"push_mask\" style=\"background-color: rgba(81, 181, 226, 0.7);\">\n            <div class=\"push_content style-lien\">\n                <div class=\"push_title\">\n                    NEWS                <\/div>\n                <div class=\"push_link\">\n                    GenoSafe \u00e9tend son infrastructure                <\/div>\n            <\/div>\n        <\/div>\n    <\/a>\n<\/div><\/div>\n\n\n\n<div class=\"wp-block-column eplus-wrapper is-layout-flow wp-block-column-is-layout-flow\">\n<div class=\"push_bg small-push center-focus\" style=\"background-image: url('');\">\n    <a href=\"https:\/\/genosafe.com\/app\/uploads\/2025\/04\/GenoSafe-presentation-2025-v2-1.pdf\" target=\"_blank\">\n        <div class=\"push_mask\" style=\"background-color: rgba(81, 181, 226, 1);\">\n            <div class=\"push_content style-download\">\n                <div class=\"push_title\">\n                    Pr\u00e9sentation GenoSafe                <\/div>\n                <div class=\"push_link\">\n                    Consultez notre pr\u00e9sentation                <\/div>\n            <\/div>\n        <\/div>\n    <\/a>\n<\/div><\/div>\n\n\n\n<div class=\"wp-block-column eplus-wrapper is-layout-flow wp-block-column-is-layout-flow\">\n<div class=\"push_bg small-push center-focus\" style=\"background-image: url('');\">\n    <a href=\"https:\/\/genosafe.com\/app\/uploads\/2025\/04\/Brochure-Generale.pdf\" target=\"_blank\">\n        <div class=\"push_mask\" style=\"background-color: rgba(231, 116, 63, 1);\">\n            <div class=\"push_content style-download\">\n                <div class=\"push_title\">\n                    Aper\u00e7u de GenoSafe                <\/div>\n                <div class=\"push_link\">\n                    T\u00e9l\u00e9chargez notre brochure                <\/div>\n            <\/div>\n        <\/div>\n    <\/a>\n<\/div><\/div>\n<\/div>\n\n<div class=\"wp-block-columns eplus-wrapper is-layout-flex wp-container-core-columns-is-layout-28f84493 wp-block-columns-is-layout-flex eplus-styles-uid-331a74\">\n<div class=\"wp-block-column eplus-wrapper is-layout-flow wp-block-column-is-layout-flow\">\n<div class=\"push_bg small-push center-focus\" style=\"background-image: url('');\">\n    <a href=\"https:\/\/genosafe.com\/app\/uploads\/2025\/06\/Preclinique-testing-pour-site-internet.pdf\" target=\"_blank\">\n        <div class=\"push_mask\" style=\"background-color: rgba(231, 116, 63, 1);\">\n            <div class=\"push_content style-download\">\n                <div class=\"push_title\">\n                    Analyses pr\u00e9cliniques                <\/div>\n                <div class=\"push_link\">\n                    T\u00e9l\u00e9chargez notre brochure                <\/div>\n            <\/div>\n        <\/div>\n    <\/a>\n<\/div><\/div>\n\n\n\n<div class=\"wp-block-column eplus-wrapper is-layout-flow wp-block-column-is-layout-flow\">\n<div class=\"push_bg small-push center-focus\" style=\"background-image: url('');\">\n    <a href=\"https:\/\/genosafe.com\/app\/uploads\/2025\/06\/brochure-QC-pour-site-internet.pdf\" target=\"_blank\">\n        <div class=\"push_mask\" style=\"background-color: rgba(231, 116, 63, 1);\">\n            <div class=\"push_content style-download\">\n                <div class=\"push_title\">\n                    CONTR\u00f4le QUALIT\u00e9                <\/div>\n                <div class=\"push_link\">\n                    T\u00e9l\u00e9chargez notre brochure                 <\/div>\n            <\/div>\n        <\/div>\n    <\/a>\n<\/div><\/div>\n\n\n\n<div class=\"wp-block-column eplus-wrapper is-layout-flow wp-block-column-is-layout-flow\">\n<div class=\"push_bg small-push center-focus\" style=\"background-image: url('');\">\n    <a href=\"https:\/\/genosafe.com\/app\/uploads\/2025\/06\/Clinical-bioanalyses-pour-site-internet.pdf\" target=\"_blank\">\n        <div class=\"push_mask\" style=\"background-color: rgba(231, 116, 63, 1);\">\n            <div class=\"push_content style-download\">\n                <div class=\"push_title\">\n                    Bioanalyses cliniques                 <\/div>\n                <div class=\"push_link\">\n                    T\u00e9l\u00e9chargez notre  brochure                <\/div>\n            <\/div>\n        <\/div>\n    <\/a>\n<\/div><\/div>\n<\/div><\/div>\n<\/div>\n","protected":false},"excerpt":{"rendered":"<p>Au service de vos th\u00e9rapies innovantes GenoSafe, CRO sp\u00e9cialis\u00e9e dans la caract\u00e9risation et l&rsquo;\u00e9valuation de m\u00e9dicaments de th\u00e9rapie innovante, vous accompagne tout au long de vos projets, quel que soit leur stade de d\u00e9veloppement: recherche, \u00e9tudes pr\u00e9cliniques, contr\u00f4le qualit\u00e9 ou \u00e9tudes cliniques. Nous appliquons les r\u00e9f\u00e9rentiels r\u00e9glementaires requis \u00e0 chaque \u00e9tape. D\u00e9couvrir GenoSafe Une CRO [&hellip;]<\/p>\n","protected":false},"author":1,"featured_media":0,"parent":0,"menu_order":0,"comment_status":"closed","ping_status":"closed","template":"","meta":{"_acf_changed":false,"editor_plus_copied_stylings":"{}","footnotes":""},"class_list":["post-1352","page","type-page","status-publish","hentry"],"acf":[],"yoast_head":"<!-- This site is optimized with the Yoast SEO plugin v27.4 - https:\/\/yoast.com\/product\/yoast-seo-wordpress\/ -->\n<title>GenoSafe | CRO analytique sp\u00e9cialis\u00e9e en th\u00e9rapies innovantes<\/title>\n<meta name=\"description\" content=\"CRO experte en caract\u00e9risation-\u00e9valuation de m\u00e9dicaments de th\u00e9rapie innovante : th\u00e9rapie g\u00e9nique, cellulaire, vaccins et th\u00e9rapies \u00e0 ADN\/ARN.\" \/>\n<meta name=\"robots\" content=\"index, follow, max-snippet:-1, max-image-preview:large, max-video-preview:-1\" \/>\n<link rel=\"canonical\" href=\"https:\/\/genosafe.com\/fr\/\" \/>\n<meta property=\"og:locale\" content=\"fr_FR\" \/>\n<meta property=\"og:type\" content=\"article\" \/>\n<meta property=\"og:title\" content=\"GenoSafe | CRO analytique sp\u00e9cialis\u00e9e en th\u00e9rapies innovantes\" \/>\n<meta property=\"og:description\" content=\"CRO experte en caract\u00e9risation-\u00e9valuation de m\u00e9dicaments de th\u00e9rapie innovante : th\u00e9rapie g\u00e9nique, cellulaire, vaccins et th\u00e9rapies \u00e0 ADN\/ARN.\" \/>\n<meta property=\"og:url\" content=\"https:\/\/genosafe.com\/fr\/\" \/>\n<meta property=\"og:site_name\" content=\"Genosafe\" \/>\n<meta property=\"article:modified_time\" content=\"2026-02-18T11:31:20+00:00\" \/>\n<meta name=\"twitter:card\" content=\"summary_large_image\" \/>\n<meta name=\"twitter:label1\" content=\"Dur\u00e9e de lecture estim\u00e9e\" \/>\n\t<meta name=\"twitter:data1\" content=\"2 minutes\" \/>\n<script type=\"application\/ld+json\" class=\"yoast-schema-graph\">{\"@context\":\"https:\\\/\\\/schema.org\",\"@graph\":[{\"@type\":\"WebPage\",\"@id\":\"https:\\\/\\\/genosafe.com\\\/fr\\\/\",\"url\":\"https:\\\/\\\/genosafe.com\\\/fr\\\/\",\"name\":\"GenoSafe | CRO analytique sp\u00e9cialis\u00e9e en th\u00e9rapies innovantes\",\"isPartOf\":{\"@id\":\"https:\\\/\\\/genosafe.com\\\/fr\\\/#website\"},\"primaryImageOfPage\":{\"@id\":\"https:\\\/\\\/genosafe.com\\\/fr\\\/#primaryimage\"},\"image\":{\"@id\":\"https:\\\/\\\/genosafe.com\\\/fr\\\/#primaryimage\"},\"thumbnailUrl\":\"https:\\\/\\\/genosafe.com\\\/app\\\/uploads\\\/2023\\\/10\\\/Pictos-genosafe-01.svg\",\"datePublished\":\"2023-07-03T07:34:51+00:00\",\"dateModified\":\"2026-02-18T11:31:20+00:00\",\"description\":\"CRO experte en caract\u00e9risation-\u00e9valuation de m\u00e9dicaments de th\u00e9rapie innovante : th\u00e9rapie g\u00e9nique, cellulaire, vaccins et th\u00e9rapies \u00e0 ADN\\\/ARN.\",\"breadcrumb\":{\"@id\":\"https:\\\/\\\/genosafe.com\\\/fr\\\/#breadcrumb\"},\"inLanguage\":\"fr-FR\",\"potentialAction\":[{\"@type\":\"ReadAction\",\"target\":[\"https:\\\/\\\/genosafe.com\\\/fr\\\/\"]}]},{\"@type\":\"ImageObject\",\"inLanguage\":\"fr-FR\",\"@id\":\"https:\\\/\\\/genosafe.com\\\/fr\\\/#primaryimage\",\"url\":\"https:\\\/\\\/genosafe.com\\\/app\\\/uploads\\\/2023\\\/10\\\/Pictos-genosafe-01.svg\",\"contentUrl\":\"https:\\\/\\\/genosafe.com\\\/app\\\/uploads\\\/2023\\\/10\\\/Pictos-genosafe-01.svg\"},{\"@type\":\"BreadcrumbList\",\"@id\":\"https:\\\/\\\/genosafe.com\\\/fr\\\/#breadcrumb\",\"itemListElement\":[{\"@type\":\"ListItem\",\"position\":1,\"name\":\"Accueil\",\"item\":\"https:\\\/\\\/genosafe.com\\\/fr\\\/\"},{\"@type\":\"ListItem\",\"position\":2,\"name\":\"Accueil\"}]},{\"@type\":\"WebSite\",\"@id\":\"https:\\\/\\\/genosafe.com\\\/fr\\\/#website\",\"url\":\"https:\\\/\\\/genosafe.com\\\/fr\\\/\",\"name\":\"Genosafe\",\"description\":\"\",\"publisher\":{\"@id\":\"https:\\\/\\\/genosafe.com\\\/fr\\\/#organization\"},\"potentialAction\":[{\"@type\":\"SearchAction\",\"target\":{\"@type\":\"EntryPoint\",\"urlTemplate\":\"https:\\\/\\\/genosafe.com\\\/fr\\\/?s={search_term_string}\"},\"query-input\":{\"@type\":\"PropertyValueSpecification\",\"valueRequired\":true,\"valueName\":\"search_term_string\"}}],\"inLanguage\":\"fr-FR\"},{\"@type\":\"Organization\",\"@id\":\"https:\\\/\\\/genosafe.com\\\/fr\\\/#organization\",\"name\":\"Genosafe\",\"url\":\"https:\\\/\\\/genosafe.com\\\/fr\\\/\",\"logo\":{\"@type\":\"ImageObject\",\"inLanguage\":\"fr-FR\",\"@id\":\"https:\\\/\\\/genosafe.com\\\/fr\\\/#\\\/schema\\\/logo\\\/image\\\/\",\"url\":\"https:\\\/\\\/genosafe.com\\\/app\\\/uploads\\\/2025\\\/05\\\/logo-genosafe-plus-HD-rvb.svg\",\"contentUrl\":\"https:\\\/\\\/genosafe.com\\\/app\\\/uploads\\\/2025\\\/05\\\/logo-genosafe-plus-HD-rvb.svg\",\"width\":1,\"height\":1,\"caption\":\"Genosafe\"},\"image\":{\"@id\":\"https:\\\/\\\/genosafe.com\\\/fr\\\/#\\\/schema\\\/logo\\\/image\\\/\"},\"sameAs\":[\"https:\\\/\\\/www.linkedin.com\\\/company\\\/genosafe\\\/\"]}]}<\/script>\n<!-- \/ Yoast SEO plugin. -->","yoast_head_json":{"title":"GenoSafe | CRO analytique sp\u00e9cialis\u00e9e en th\u00e9rapies innovantes","description":"CRO experte en caract\u00e9risation-\u00e9valuation de m\u00e9dicaments de th\u00e9rapie innovante : th\u00e9rapie g\u00e9nique, cellulaire, vaccins et th\u00e9rapies \u00e0 ADN\/ARN.","robots":{"index":"index","follow":"follow","max-snippet":"max-snippet:-1","max-image-preview":"max-image-preview:large","max-video-preview":"max-video-preview:-1"},"canonical":"https:\/\/genosafe.com\/fr\/","og_locale":"fr_FR","og_type":"article","og_title":"GenoSafe | CRO analytique sp\u00e9cialis\u00e9e en th\u00e9rapies innovantes","og_description":"CRO experte en caract\u00e9risation-\u00e9valuation de m\u00e9dicaments de th\u00e9rapie innovante : th\u00e9rapie g\u00e9nique, cellulaire, vaccins et th\u00e9rapies \u00e0 ADN\/ARN.","og_url":"https:\/\/genosafe.com\/fr\/","og_site_name":"Genosafe","article_modified_time":"2026-02-18T11:31:20+00:00","twitter_card":"summary_large_image","twitter_misc":{"Dur\u00e9e de lecture estim\u00e9e":"2 minutes"},"schema":{"@context":"https:\/\/schema.org","@graph":[{"@type":"WebPage","@id":"https:\/\/genosafe.com\/fr\/","url":"https:\/\/genosafe.com\/fr\/","name":"GenoSafe | CRO analytique sp\u00e9cialis\u00e9e en th\u00e9rapies innovantes","isPartOf":{"@id":"https:\/\/genosafe.com\/fr\/#website"},"primaryImageOfPage":{"@id":"https:\/\/genosafe.com\/fr\/#primaryimage"},"image":{"@id":"https:\/\/genosafe.com\/fr\/#primaryimage"},"thumbnailUrl":"https:\/\/genosafe.com\/app\/uploads\/2023\/10\/Pictos-genosafe-01.svg","datePublished":"2023-07-03T07:34:51+00:00","dateModified":"2026-02-18T11:31:20+00:00","description":"CRO experte en caract\u00e9risation-\u00e9valuation de m\u00e9dicaments de th\u00e9rapie innovante : th\u00e9rapie g\u00e9nique, cellulaire, vaccins et th\u00e9rapies \u00e0 ADN\/ARN.","breadcrumb":{"@id":"https:\/\/genosafe.com\/fr\/#breadcrumb"},"inLanguage":"fr-FR","potentialAction":[{"@type":"ReadAction","target":["https:\/\/genosafe.com\/fr\/"]}]},{"@type":"ImageObject","inLanguage":"fr-FR","@id":"https:\/\/genosafe.com\/fr\/#primaryimage","url":"https:\/\/genosafe.com\/app\/uploads\/2023\/10\/Pictos-genosafe-01.svg","contentUrl":"https:\/\/genosafe.com\/app\/uploads\/2023\/10\/Pictos-genosafe-01.svg"},{"@type":"BreadcrumbList","@id":"https:\/\/genosafe.com\/fr\/#breadcrumb","itemListElement":[{"@type":"ListItem","position":1,"name":"Accueil","item":"https:\/\/genosafe.com\/fr\/"},{"@type":"ListItem","position":2,"name":"Accueil"}]},{"@type":"WebSite","@id":"https:\/\/genosafe.com\/fr\/#website","url":"https:\/\/genosafe.com\/fr\/","name":"Genosafe","description":"","publisher":{"@id":"https:\/\/genosafe.com\/fr\/#organization"},"potentialAction":[{"@type":"SearchAction","target":{"@type":"EntryPoint","urlTemplate":"https:\/\/genosafe.com\/fr\/?s={search_term_string}"},"query-input":{"@type":"PropertyValueSpecification","valueRequired":true,"valueName":"search_term_string"}}],"inLanguage":"fr-FR"},{"@type":"Organization","@id":"https:\/\/genosafe.com\/fr\/#organization","name":"Genosafe","url":"https:\/\/genosafe.com\/fr\/","logo":{"@type":"ImageObject","inLanguage":"fr-FR","@id":"https:\/\/genosafe.com\/fr\/#\/schema\/logo\/image\/","url":"https:\/\/genosafe.com\/app\/uploads\/2025\/05\/logo-genosafe-plus-HD-rvb.svg","contentUrl":"https:\/\/genosafe.com\/app\/uploads\/2025\/05\/logo-genosafe-plus-HD-rvb.svg","width":1,"height":1,"caption":"Genosafe"},"image":{"@id":"https:\/\/genosafe.com\/fr\/#\/schema\/logo\/image\/"},"sameAs":["https:\/\/www.linkedin.com\/company\/genosafe\/"]}]}},"_links":{"self":[{"href":"https:\/\/genosafe.com\/fr\/wp-json\/wp\/v2\/pages\/1352","targetHints":{"allow":["GET"]}}],"collection":[{"href":"https:\/\/genosafe.com\/fr\/wp-json\/wp\/v2\/pages"}],"about":[{"href":"https:\/\/genosafe.com\/fr\/wp-json\/wp\/v2\/types\/page"}],"author":[{"embeddable":true,"href":"https:\/\/genosafe.com\/fr\/wp-json\/wp\/v2\/users\/1"}],"replies":[{"embeddable":true,"href":"https:\/\/genosafe.com\/fr\/wp-json\/wp\/v2\/comments?post=1352"}],"version-history":[{"count":36,"href":"https:\/\/genosafe.com\/fr\/wp-json\/wp\/v2\/pages\/1352\/revisions"}],"predecessor-version":[{"id":3658,"href":"https:\/\/genosafe.com\/fr\/wp-json\/wp\/v2\/pages\/1352\/revisions\/3658"}],"wp:attachment":[{"href":"https:\/\/genosafe.com\/fr\/wp-json\/wp\/v2\/media?parent=1352"}],"curies":[{"name":"wp","href":"https:\/\/api.w.org\/{rel}","templated":true}]}}